{"id":21942,"date":"2025-02-16T23:18:51","date_gmt":"2025-02-16T23:18:51","guid":{"rendered":"https:\/\/coalitionfemmesab.ca\/temp-coalition\/?page_id=21942"},"modified":"2025-03-16T21:22:28","modified_gmt":"2025-03-16T21:22:28","slug":"representante-de-lalberta","status":"publish","type":"page","link":"http:\/\/coalitionfemmesab.ca\/en\/representante-de-lalberta\/","title":{"rendered":"Repr\u00e9sentante de l&rsquo;Alberta"},"content":{"rendered":"<div data-elementor-type=\"wp-page\" data-elementor-id=\"21942\" class=\"elementor elementor-21942\" data-elementor-post-type=\"page\">\n\t\t\t\t\t\t<section class=\"elementor-section elementor-top-section elementor-element elementor-element-6cdd3e0 elementor-section-boxed elementor-section-height-default elementor-section-height-default\" data-id=\"6cdd3e0\" data-element_type=\"section\" data-settings=\"{&quot;background_background&quot;:&quot;classic&quot;}\">\n\t\t\t\t\t\t<div class=\"elementor-container elementor-column-gap-extended\">\n\t\t\t\t\t<div class=\"elementor-column elementor-col-100 elementor-top-column elementor-element elementor-element-34412ba6\" data-id=\"34412ba6\" data-element_type=\"column\">\n\t\t\t<div class=\"elementor-widget-wrap elementor-element-populated\">\n\t\t\t\t\t\t<div class=\"elementor-element elementor-element-7a620fce elementor-widget elementor-widget-heading\" data-id=\"7a620fce\" data-element_type=\"widget\" data-widget_type=\"heading.default\">\n\t\t\t\t<div class=\"elementor-widget-container\">\n\t\t\t\t\t<h5 class=\"elementor-heading-title elementor-size-default\">repr\u00e9sentante de l'Alberta<\/h5>\t\t\t\t<\/div>\n\t\t\t\t<\/div>\n\t\t\t\t<div class=\"elementor-element elementor-element-7431cdf8 elementor-widget elementor-widget-heading\" data-id=\"7431cdf8\" data-element_type=\"widget\" data-widget_type=\"heading.default\">\n\t\t\t\t<div class=\"elementor-widget-container\">\n\t\t\t\t\t<p class=\"elementor-heading-title elementor-size-default\">Message de la repr\u00e9sentante de l'Alberta<\/p>\t\t\t\t<\/div>\n\t\t\t\t<\/div>\n\t\t\t\t<div class=\"elementor-element elementor-element-126bd07a elementor-align-center elementor-widget__width-auto elementor-absolute e-transform elementor-widget elementor-widget-breadcrumbs\" data-id=\"126bd07a\" data-element_type=\"widget\" data-settings=\"{&quot;_position&quot;:&quot;absolute&quot;,&quot;_transform_translateX_effect&quot;:{&quot;unit&quot;:&quot;%&quot;,&quot;size&quot;:-50,&quot;sizes&quot;:[]},&quot;_transform_translateX_effect_tablet&quot;:{&quot;unit&quot;:&quot;%&quot;,&quot;size&quot;:&quot;&quot;,&quot;sizes&quot;:[]},&quot;_transform_translateX_effect_mobile&quot;:{&quot;unit&quot;:&quot;%&quot;,&quot;size&quot;:&quot;&quot;,&quot;sizes&quot;:[]},&quot;_transform_translateY_effect&quot;:{&quot;unit&quot;:&quot;px&quot;,&quot;size&quot;:&quot;&quot;,&quot;sizes&quot;:[]},&quot;_transform_translateY_effect_tablet&quot;:{&quot;unit&quot;:&quot;px&quot;,&quot;size&quot;:&quot;&quot;,&quot;sizes&quot;:[]},&quot;_transform_translateY_effect_mobile&quot;:{&quot;unit&quot;:&quot;px&quot;,&quot;size&quot;:&quot;&quot;,&quot;sizes&quot;:[]}}\" data-widget_type=\"breadcrumbs.default\">\n\t\t\t\t<div class=\"elementor-widget-container\">\n\t\t\t\t\t<nav id=\"breadcrumbs\"><span><span><a href=\"https:\/\/coalitionfemmesab.ca\/en\/\">Accueil<\/a><\/span><\/span><\/nav>\t\t\t\t<\/div>\n\t\t\t\t<\/div>\n\t\t\t\t\t<\/div>\n\t\t<\/div>\n\t\t\t\t\t<\/div>\n\t\t<\/section>\n\t\t\t\t<section class=\"elementor-section elementor-top-section elementor-element elementor-element-3d8263e elementor-section-content-middle elementor-section-boxed elementor-section-height-default elementor-section-height-default\" data-id=\"3d8263e\" data-element_type=\"section\">\n\t\t\t\t\t\t<div class=\"elementor-container elementor-column-gap-extended\">\n\t\t\t\t\t<div class=\"elementor-column elementor-col-50 elementor-top-column elementor-element elementor-element-e2d13ed\" data-id=\"e2d13ed\" data-element_type=\"column\">\n\t\t\t<div class=\"elementor-widget-wrap elementor-element-populated\">\n\t\t\t\t\t\t<div class=\"elementor-element elementor-element-a870eac elementor-widget elementor-widget-image\" data-id=\"a870eac\" data-element_type=\"widget\" data-widget_type=\"image.default\">\n\t\t\t\t<div class=\"elementor-widget-container\">\n\t\t\t\t\t\t\t\t\t\t\t\t\t\t\t<img fetchpriority=\"high\" decoding=\"async\" width=\"300\" height=\"400\" src=\"https:\/\/coalitionfemmesab.ca\/wp-content\/uploads\/2025\/02\/Sans-titre-300-x-400-px.png\" class=\"attachment-large size-large wp-image-22233\" alt=\"\" srcset=\"https:\/\/coalitionfemmesab.ca\/wp-content\/uploads\/2025\/02\/Sans-titre-300-x-400-px.png 300w, https:\/\/coalitionfemmesab.ca\/wp-content\/uploads\/2025\/02\/Sans-titre-300-x-400-px-225x300.png 225w\" sizes=\"(max-width: 300px) 100vw, 300px\" \/>\t\t\t\t\t\t\t\t\t\t\t\t\t\t\t<\/div>\n\t\t\t\t<\/div>\n\t\t\t\t<div class=\"elementor-element elementor-element-0899bbd elementor-widget elementor-widget-heading\" data-id=\"0899bbd\" data-element_type=\"widget\" data-widget_type=\"heading.default\">\n\t\t\t\t<div class=\"elementor-widget-container\">\n\t\t\t\t\t<h2 class=\"elementor-heading-title elementor-size-default\">Malaika Ogandaga\n<\/h2>\t\t\t\t<\/div>\n\t\t\t\t<\/div>\n\t\t\t\t\t<\/div>\n\t\t<\/div>\n\t\t\t\t<div class=\"elementor-column elementor-col-50 elementor-top-column elementor-element elementor-element-b0ae1a5\" data-id=\"b0ae1a5\" data-element_type=\"column\">\n\t\t\t<div class=\"elementor-widget-wrap elementor-element-populated\">\n\t\t\t\t\t\t<div class=\"elementor-element elementor-element-369fdfc elementor-widget elementor-widget-heading\" data-id=\"369fdfc\" data-element_type=\"widget\" data-widget_type=\"heading.default\">\n\t\t\t\t<div class=\"elementor-widget-container\">\n\t\t\t\t\t<h2 class=\"elementor-heading-title elementor-size-default\">Repr\u00e9sentante de l'Alberta<\/h2>\t\t\t\t<\/div>\n\t\t\t\t<\/div>\n\t\t\t\t<div class=\"elementor-element elementor-element-cad3392 elementor-widget elementor-widget-text-editor\" data-id=\"cad3392\" data-element_type=\"widget\" data-widget_type=\"text-editor.default\">\n\t\t\t\t<div class=\"elementor-widget-container\">\n\t\t\t\t\t\t\t\t\t<p>Le r\u00f4le de la repr\u00e9sentante de l\u2019Alberta est de repr\u00e9senter les organismes francophones de femmes de la province et par le fait m\u00eame, repr\u00e9senter les femmes de l\u2019Alberta.<\/p><p>Dans le cadre de son mandat, elle doit avoir une connaissance des enjeux et de la r\u00e9alit\u00e9 des femmes en situation minoritaire linguistique en Alberta<\/p><p>En tant qu\u2019organisme membre de l\u2019Alliance des femmes de la francophonie canadienne (AFFC), le conseil d\u2019administration de la Coalition a le pouvoir de nommer une femme au poste de repr\u00e9sentante de la province. Cette personne si\u00e8ge au conseil d\u2019administration de l\u2019AFFC.<\/p><p><i>Le Conseil d\u2019administration a vot\u00e9 en 2024 un nouveau r\u00e8glement afin que la pr\u00e9sidente en exercice de la Coalition des femmes soit la repr\u00e9sentante de l\u2019Alberta aupr\u00e8s de l\u2019AFFC. Cela permet ainsi au conseil d&rsquo;\u00eatre mieux impliquer et au fait de ce qui se passe \u00e0 l\u2019\u00e9chelle nationale.<\/i><\/p><p>Ainsi,\u00a0<b>Madame Mala\u00efka Ogandaga, pr\u00e9sidente de la Coalition des femmes de l\u2019Alberta\u00a0<\/b>est nomm\u00e9e repr\u00e9sentante de l\u2019Alberta \u00e0 compter du 31 ao\u00fbt 2024 pour un mandat de 2 ans.<\/p><div><p>Mala\u00efka a toujours \u00e9t\u00e9 int\u00e9ress\u00e9 par la cause des femmes depuis son plus jeune \u00e2ge, en particulier la lutte contre les violences faites aux femmes et aux filles, leur acc\u00e8s \u00e0 l\u2019\u00e9ducation et leur sant\u00e9 physique et mentale. Elle a fait partie de nombreux organismes communautaires qui ont pour cause l\u2019\u00e9panouissement et la d\u00e9fense des droits de la femme. Elle est membre du conseil d\u2019administration de la Coalition des Femmes de l\u2019Alberta depuis 2019, et est vice-pr\u00e9sidente de la fondation Madeleine Sanam. Mala\u00efka est une passionn\u00e9e de litt\u00e9rature et s\u2019adonne durant ses temps libres \u00e0 la lecture et l\u2019\u00e9criture.<\/p><\/div>\t\t\t\t\t\t\t\t<\/div>\n\t\t\t\t<\/div>\n\t\t\t\t\t<\/div>\n\t\t<\/div>\n\t\t\t\t\t<\/div>\n\t\t<\/section>\n\t\t\t\t<section class=\"elementor-section elementor-top-section elementor-element elementor-element-125257d elementor-section-boxed elementor-section-height-default elementor-section-height-default\" data-id=\"125257d\" data-element_type=\"section\">\n\t\t\t\t\t\t<div class=\"elementor-container elementor-column-gap-default\">\n\t\t\t\t\t<div class=\"elementor-column elementor-col-100 elementor-top-column elementor-element elementor-element-4925bca\" data-id=\"4925bca\" data-element_type=\"column\">\n\t\t\t<div class=\"elementor-widget-wrap elementor-element-populated\">\n\t\t\t\t\t\t<div class=\"elementor-element elementor-element-46bbeab elementor-widget elementor-widget-spacer\" data-id=\"46bbeab\" data-element_type=\"widget\" data-widget_type=\"spacer.default\">\n\t\t\t\t<div class=\"elementor-widget-container\">\n\t\t\t\t\t\t\t<div class=\"elementor-spacer\">\n\t\t\t<div class=\"elementor-spacer-inner\"><\/div>\n\t\t<\/div>\n\t\t\t\t\t\t<\/div>\n\t\t\t\t<\/div>\n\t\t\t\t\t<\/div>\n\t\t<\/div>\n\t\t\t\t\t<\/div>\n\t\t<\/section>\n\t\t\t\t<section class=\"elementor-section elementor-top-section elementor-element elementor-element-b9751a0 elementor-section-boxed elementor-section-height-default elementor-section-height-default\" data-id=\"b9751a0\" data-element_type=\"section\">\n\t\t\t\t\t\t<div class=\"elementor-container elementor-column-gap-extended\">\n\t\t\t\t\t<div class=\"elementor-column elementor-col-100 elementor-top-column elementor-element elementor-element-1b2fb48\" data-id=\"1b2fb48\" data-element_type=\"column\">\n\t\t\t<div class=\"elementor-widget-wrap elementor-element-populated\">\n\t\t\t\t\t\t<div class=\"elementor-element elementor-element-733d0da elementor-widget elementor-widget-heading\" data-id=\"733d0da\" data-element_type=\"widget\" data-widget_type=\"heading.default\">\n\t\t\t\t<div class=\"elementor-widget-container\">\n\t\t\t\t\t<div class=\"elementor-heading-title elementor-size-default\">Rapports finaux<\/div>\t\t\t\t<\/div>\n\t\t\t\t<\/div>\n\t\t\t\t<div class=\"elementor-element elementor-element-b81455a elementor-widget elementor-widget-heading\" data-id=\"b81455a\" data-element_type=\"widget\" data-widget_type=\"heading.default\">\n\t\t\t\t<div class=\"elementor-widget-container\">\n\t\t\t\t\t<h2 class=\"elementor-heading-title elementor-size-default\">Rapports de la repr\u00e9sentation de l\u2019 Alberta<\/h2>\t\t\t\t<\/div>\n\t\t\t\t<\/div>\n\t\t\t\t<div class=\"elementor-element elementor-element-098d338 elementor-navigation-type-icon elementor-navigation-position-inside elementor-widget elementor-widget-be-logo-carousel\" data-id=\"098d338\" data-element_type=\"widget\" data-settings=\"{&quot;sliders_per_view&quot;:&quot;4&quot;,&quot;sliders_per_view_tablet&quot;:&quot;4&quot;,&quot;sliders_per_view_mobile&quot;:&quot;2&quot;,&quot;space_between&quot;:{&quot;unit&quot;:&quot;px&quot;,&quot;size&quot;:30,&quot;sizes&quot;:[]},&quot;space_between_tablet&quot;:{&quot;unit&quot;:&quot;px&quot;,&quot;size&quot;:&quot;&quot;,&quot;sizes&quot;:[]},&quot;space_between_mobile&quot;:{&quot;unit&quot;:&quot;px&quot;,&quot;size&quot;:&quot;&quot;,&quot;sizes&quot;:[]}}\" data-widget_type=\"be-logo-carousel.default\">\n\t\t\t\t<div class=\"elementor-widget-container\">\n\t\t\t\t\t\t\t<div class=\"elementor-swiper swiper-container elementor-list-logo--default\" data-swiper=\"{&quot;slidesPerView&quot;:&quot;2&quot;,&quot;spaceBetween&quot;:30,&quot;speed&quot;:500,&quot;loop&quot;:true,&quot;breakpoints&quot;:{&quot;767&quot;:{&quot;slidesPerView&quot;:&quot;4&quot;,&quot;spaceBetween&quot;:30},&quot;1025&quot;:{&quot;slidesPerView&quot;:&quot;4&quot;,&quot;spaceBetween&quot;:30}},&quot;navigation&quot;:{&quot;nextEl&quot;:&quot;.elementor-swiper-button-next&quot;,&quot;prevEl&quot;:&quot;.elementor-swiper-button-prev&quot;},&quot;autoplay&quot;:{&quot;delay&quot;:5000}}\">\n\t\t<div class=\"swiper-wrapper\">\n\t\t\n\t\t\t<div class=\"swiper-slide\">\n\t\t\t\t<div class=\"elementor-logo\">\n\t\t\t\t\t\t\t<a href=\"https:\/\/coalitionfemmesab.ca\/wp-content\/uploads\/2025\/03\/Rapport-Representnate-2022-2023.pdf\"><img decoding=\"async\" src=\" https:\/\/coalitionfemmesab.ca\/wp-content\/uploads\/2025\/02\/2022.png \" alt=\"\"><\/a>\t\t\t\t<\/div>\n\t\t\t<\/div>\n\n\t\t\n\t\t\t<div class=\"swiper-slide\">\n\t\t\t\t<div class=\"elementor-logo\">\n\t\t\t\t\t\t\t<a href=\"https:\/\/coalitionfemmesab.ca\/wp-content\/uploads\/2025\/03\/Rapport-Representnate-2021-2022.pdf\"><img decoding=\"async\" src=\" https:\/\/coalitionfemmesab.ca\/wp-content\/uploads\/2025\/02\/2021.png \" alt=\"\"><\/a>\t\t\t\t<\/div>\n\t\t\t<\/div>\n\n\t\t\n\t\t\t<div class=\"swiper-slide\">\n\t\t\t\t<div class=\"elementor-logo\">\n\t\t\t\t\t\t\t<a href=\"https:\/\/coalitionfemmesab.ca\/wp-content\/uploads\/2025\/03\/Rapport-Representnate-2020-2021.pdf\"><img decoding=\"async\" src=\" https:\/\/coalitionfemmesab.ca\/wp-content\/uploads\/2025\/02\/2020.png \" alt=\"\"><\/a>\t\t\t\t<\/div>\n\t\t\t<\/div>\n\n\t\t\n\t\t\t<div class=\"swiper-slide\">\n\t\t\t\t<div class=\"elementor-logo\">\n\t\t\t\t\t\t\t<a href=\"https:\/\/coalitionfemmesab.ca\/wp-content\/uploads\/2025\/03\/Rapport-final-2019-2020-de-la-representante-de-lAlberta-a-lAFFC-1.pdf\"><img decoding=\"async\" src=\" https:\/\/coalitionfemmesab.ca\/wp-content\/uploads\/2025\/02\/2019.png \" alt=\"\"><\/a>\t\t\t\t<\/div>\n\t\t\t<\/div>\n\n\t\t\n\t\t\t<div class=\"swiper-slide\">\n\t\t\t\t<div class=\"elementor-logo\">\n\t\t\t\t\t\t\t<a href=\"https:\/\/coalitionfemmesab.ca\/wp-content\/uploads\/2025\/03\/Rapport-final-2018-2019-de-la-representante-de-lAlberta-a-lAFFC-1-page.pdf\"><img decoding=\"async\" src=\" https:\/\/coalitionfemmesab.ca\/wp-content\/uploads\/2025\/02\/2018-1.png \" alt=\"\"><\/a>\t\t\t\t<\/div>\n\t\t\t<\/div>\n\n\t\t\t\t\t\t<\/div>\n\n\t\t\t\t\t\t\t<div class=\"elementor-swiper-button elementor-swiper-button-prev\">\n\t\t\t<i class=\"fas fa-angle-left\" aria-hidden=\"true\"><\/i>\n\t\t<\/div>\n\t\t<div class=\"elementor-swiper-button elementor-swiper-button-next\">\n\t\t\t<i class=\"fas fa-angle-right\" aria-hidden=\"true\"><\/i>\t\t<\/div>\n\t\t\n\t\t\t<\/div>\n\n\t\t\t\n\t\t\t\t\t\t<\/div>\n\t\t\t\t<\/div>\n\t\t\t\t\t<\/div>\n\t\t<\/div>\n\t\t\t\t\t<\/div>\n\t\t<\/section>\n\t\t\t\t<\/div>","protected":false},"excerpt":{"rendered":"<p>repr\u00e9sentante de l&rsquo;Alberta Message de la repr\u00e9sentante de l&rsquo;Alberta Malaika Ogandaga Repr\u00e9sentante de l&rsquo;Alberta Le r\u00f4le de la repr\u00e9sentante de l\u2019Alberta est de repr\u00e9senter les organismes francophones de femmes de la province et par le fait m\u00eame, repr\u00e9senter les femmes de l\u2019Alberta. Dans le cadre de son mandat, elle doit avoir une connaissance des enjeux [&hellip;]<\/p>","protected":false},"author":129,"featured_media":0,"parent":0,"menu_order":0,"comment_status":"closed","ping_status":"closed","template":"elementor_header_footer","meta":{"_acf_changed":false,"footnotes":""},"class_list":["post-21942","page","type-page","status-publish","hentry","entry"],"acf":[],"yoast_head":"<!-- This site is optimized with the Yoast SEO plugin v26.8 - https:\/\/yoast.com\/product\/yoast-seo-wordpress\/ -->\n<title>Repr\u00e9sentante de l&#039;Alberta - Coalition des femmes de l&#039;Alberta<\/title>\n<meta name=\"robots\" content=\"index, follow, max-snippet:-1, max-image-preview:large, max-video-preview:-1\" \/>\n<link rel=\"canonical\" href=\"https:\/\/coalitionfemmesab.ca\/en\/representante-de-lalberta\/\" \/>\n<meta property=\"og:locale\" content=\"en_US\" \/>\n<meta property=\"og:type\" content=\"article\" \/>\n<meta property=\"og:title\" content=\"Repr\u00e9sentante de l&#039;Alberta - Coalition des femmes de l&#039;Alberta\" \/>\n<meta property=\"og:description\" content=\"repr\u00e9sentante de l&rsquo;Alberta Message de la repr\u00e9sentante de l&rsquo;Alberta Malaika Ogandaga Repr\u00e9sentante de l&rsquo;Alberta Le r\u00f4le de la repr\u00e9sentante de l\u2019Alberta est de repr\u00e9senter les organismes francophones de femmes de la province et par le fait m\u00eame, repr\u00e9senter les femmes de l\u2019Alberta. Dans le cadre de son mandat, elle doit avoir une connaissance des enjeux [&hellip;]\" \/>\n<meta property=\"og:url\" content=\"https:\/\/coalitionfemmesab.ca\/en\/representante-de-lalberta\/\" \/>\n<meta property=\"og:site_name\" content=\"Coalition des femmes de l&#039;Alberta\" \/>\n<meta property=\"article:modified_time\" content=\"2025-03-16T21:22:28+00:00\" \/>\n<meta property=\"og:image\" content=\"https:\/\/coalitionfemmesab.ca\/wp-content\/uploads\/2025\/02\/Sans-titre-300-x-400-px.png\" \/>\n<meta name=\"twitter:card\" content=\"summary_large_image\" \/>\n<meta name=\"twitter:label1\" content=\"Est. reading time\" \/>\n\t<meta name=\"twitter:data1\" content=\"5 minutes\" \/>\n<script type=\"application\/ld+json\" class=\"yoast-schema-graph\">{\"@context\":\"https:\/\/schema.org\",\"@graph\":[{\"@type\":\"WebPage\",\"@id\":\"https:\/\/coalitionfemmesab.ca\/representante-de-lalberta\/\",\"url\":\"https:\/\/coalitionfemmesab.ca\/representante-de-lalberta\/\",\"name\":\"Repr\u00e9sentante de l'Alberta - Coalition des femmes de l&#039;Alberta\",\"isPartOf\":{\"@id\":\"https:\/\/coalitionfemmesab.ca\/#website\"},\"primaryImageOfPage\":{\"@id\":\"https:\/\/coalitionfemmesab.ca\/representante-de-lalberta\/#primaryimage\"},\"image\":{\"@id\":\"https:\/\/coalitionfemmesab.ca\/representante-de-lalberta\/#primaryimage\"},\"thumbnailUrl\":\"https:\/\/coalitionfemmesab.ca\/wp-content\/uploads\/2025\/02\/Sans-titre-300-x-400-px.png\",\"datePublished\":\"2025-02-16T23:18:51+00:00\",\"dateModified\":\"2025-03-16T21:22:28+00:00\",\"breadcrumb\":{\"@id\":\"https:\/\/coalitionfemmesab.ca\/representante-de-lalberta\/#breadcrumb\"},\"inLanguage\":\"en-US\",\"potentialAction\":[{\"@type\":\"ReadAction\",\"target\":[\"https:\/\/coalitionfemmesab.ca\/representante-de-lalberta\/\"]}]},{\"@type\":\"ImageObject\",\"inLanguage\":\"en-US\",\"@id\":\"https:\/\/coalitionfemmesab.ca\/representante-de-lalberta\/#primaryimage\",\"url\":\"https:\/\/coalitionfemmesab.ca\/wp-content\/uploads\/2025\/02\/Sans-titre-300-x-400-px.png\",\"contentUrl\":\"https:\/\/coalitionfemmesab.ca\/wp-content\/uploads\/2025\/02\/Sans-titre-300-x-400-px.png\"},{\"@type\":\"BreadcrumbList\",\"@id\":\"https:\/\/coalitionfemmesab.ca\/representante-de-lalberta\/#breadcrumb\",\"itemListElement\":[{\"@type\":\"ListItem\",\"position\":1,\"name\":\"Accueil\",\"item\":\"https:\/\/coalitionfemmesab.ca\/\"},{\"@type\":\"ListItem\",\"position\":2,\"name\":\"Repr\u00e9sentante de l&rsquo;Alberta\"}]},{\"@type\":\"WebSite\",\"@id\":\"https:\/\/coalitionfemmesab.ca\/#website\",\"url\":\"https:\/\/coalitionfemmesab.ca\/\",\"name\":\"Coalition des femmes de l&#039;Alberta\",\"description\":\"La mission de l\u2019organisme est d\u2019appuyer et de repr\u00e9senter les femmes parlant fran\u00e7ais, de faire valoir leurs droits et leurs int\u00e9r\u00eats et de faciliter leur regroupement.\",\"potentialAction\":[{\"@type\":\"SearchAction\",\"target\":{\"@type\":\"EntryPoint\",\"urlTemplate\":\"https:\/\/coalitionfemmesab.ca\/?s={search_term_string}\"},\"query-input\":{\"@type\":\"PropertyValueSpecification\",\"valueRequired\":true,\"valueName\":\"search_term_string\"}}],\"inLanguage\":\"en-US\"}]}<\/script>\n<!-- \/ Yoast SEO plugin. -->","yoast_head_json":{"title":"Repr\u00e9sentante de l'Alberta - Coalition des femmes de l&#039;Alberta","robots":{"index":"index","follow":"follow","max-snippet":"max-snippet:-1","max-image-preview":"max-image-preview:large","max-video-preview":"max-video-preview:-1"},"canonical":"https:\/\/coalitionfemmesab.ca\/en\/representante-de-lalberta\/","og_locale":"en_US","og_type":"article","og_title":"Repr\u00e9sentante de l'Alberta - Coalition des femmes de l&#039;Alberta","og_description":"repr\u00e9sentante de l&rsquo;Alberta Message de la repr\u00e9sentante de l&rsquo;Alberta Malaika Ogandaga Repr\u00e9sentante de l&rsquo;Alberta Le r\u00f4le de la repr\u00e9sentante de l\u2019Alberta est de repr\u00e9senter les organismes francophones de femmes de la province et par le fait m\u00eame, repr\u00e9senter les femmes de l\u2019Alberta. Dans le cadre de son mandat, elle doit avoir une connaissance des enjeux [&hellip;]","og_url":"https:\/\/coalitionfemmesab.ca\/en\/representante-de-lalberta\/","og_site_name":"Coalition des femmes de l&#039;Alberta","article_modified_time":"2025-03-16T21:22:28+00:00","og_image":[{"url":"https:\/\/coalitionfemmesab.ca\/wp-content\/uploads\/2025\/02\/Sans-titre-300-x-400-px.png","type":"","width":"","height":""}],"twitter_card":"summary_large_image","twitter_misc":{"Est. reading time":"5 minutes"},"schema":{"@context":"https:\/\/schema.org","@graph":[{"@type":"WebPage","@id":"https:\/\/coalitionfemmesab.ca\/representante-de-lalberta\/","url":"https:\/\/coalitionfemmesab.ca\/representante-de-lalberta\/","name":"Repr\u00e9sentante de l'Alberta - Coalition des femmes de l&#039;Alberta","isPartOf":{"@id":"https:\/\/coalitionfemmesab.ca\/#website"},"primaryImageOfPage":{"@id":"https:\/\/coalitionfemmesab.ca\/representante-de-lalberta\/#primaryimage"},"image":{"@id":"https:\/\/coalitionfemmesab.ca\/representante-de-lalberta\/#primaryimage"},"thumbnailUrl":"https:\/\/coalitionfemmesab.ca\/wp-content\/uploads\/2025\/02\/Sans-titre-300-x-400-px.png","datePublished":"2025-02-16T23:18:51+00:00","dateModified":"2025-03-16T21:22:28+00:00","breadcrumb":{"@id":"https:\/\/coalitionfemmesab.ca\/representante-de-lalberta\/#breadcrumb"},"inLanguage":"en-US","potentialAction":[{"@type":"ReadAction","target":["https:\/\/coalitionfemmesab.ca\/representante-de-lalberta\/"]}]},{"@type":"ImageObject","inLanguage":"en-US","@id":"https:\/\/coalitionfemmesab.ca\/representante-de-lalberta\/#primaryimage","url":"https:\/\/coalitionfemmesab.ca\/wp-content\/uploads\/2025\/02\/Sans-titre-300-x-400-px.png","contentUrl":"https:\/\/coalitionfemmesab.ca\/wp-content\/uploads\/2025\/02\/Sans-titre-300-x-400-px.png"},{"@type":"BreadcrumbList","@id":"https:\/\/coalitionfemmesab.ca\/representante-de-lalberta\/#breadcrumb","itemListElement":[{"@type":"ListItem","position":1,"name":"Accueil","item":"https:\/\/coalitionfemmesab.ca\/"},{"@type":"ListItem","position":2,"name":"Repr\u00e9sentante de l&rsquo;Alberta"}]},{"@type":"WebSite","@id":"https:\/\/coalitionfemmesab.ca\/#website","url":"https:\/\/coalitionfemmesab.ca\/","name":"Coalition des femmes de l&#039;Alberta","description":"La mission de l\u2019organisme est d\u2019appuyer et de repr\u00e9senter les femmes parlant fran\u00e7ais, de faire valoir leurs droits et leurs int\u00e9r\u00eats et de faciliter leur regroupement.","potentialAction":[{"@type":"SearchAction","target":{"@type":"EntryPoint","urlTemplate":"https:\/\/coalitionfemmesab.ca\/?s={search_term_string}"},"query-input":{"@type":"PropertyValueSpecification","valueRequired":true,"valueName":"search_term_string"}}],"inLanguage":"en-US"}]}},"_links":{"self":[{"href":"http:\/\/coalitionfemmesab.ca\/en\/wp-json\/wp\/v2\/pages\/21942","targetHints":{"allow":["GET"]}}],"collection":[{"href":"http:\/\/coalitionfemmesab.ca\/en\/wp-json\/wp\/v2\/pages"}],"about":[{"href":"http:\/\/coalitionfemmesab.ca\/en\/wp-json\/wp\/v2\/types\/page"}],"author":[{"embeddable":true,"href":"http:\/\/coalitionfemmesab.ca\/en\/wp-json\/wp\/v2\/users\/129"}],"replies":[{"embeddable":true,"href":"http:\/\/coalitionfemmesab.ca\/en\/wp-json\/wp\/v2\/comments?post=21942"}],"version-history":[{"count":34,"href":"http:\/\/coalitionfemmesab.ca\/en\/wp-json\/wp\/v2\/pages\/21942\/revisions"}],"predecessor-version":[{"id":22884,"href":"http:\/\/coalitionfemmesab.ca\/en\/wp-json\/wp\/v2\/pages\/21942\/revisions\/22884"}],"wp:attachment":[{"href":"http:\/\/coalitionfemmesab.ca\/en\/wp-json\/wp\/v2\/media?parent=21942"}],"curies":[{"name":"wp","href":"https:\/\/api.w.org\/{rel}","templated":true}]}}