{"id":22030,"date":"2025-02-18T02:12:06","date_gmt":"2025-02-18T02:12:06","guid":{"rendered":"https:\/\/coalitionfemmesab.ca\/temp-coalition\/?page_id=22030"},"modified":"2025-06-27T20:29:49","modified_gmt":"2025-06-27T20:29:49","slug":"trouver-du-soutien","status":"publish","type":"page","link":"http:\/\/coalitionfemmesab.ca\/en\/trouver-du-soutien\/","title":{"rendered":"Trouver du soutien"},"content":{"rendered":"<div data-elementor-type=\"wp-page\" data-elementor-id=\"22030\" class=\"elementor elementor-22030\" data-elementor-post-type=\"page\">\n\t\t\t\t\t\t<section class=\"elementor-section elementor-top-section elementor-element elementor-element-2ddb12a elementor-section-boxed elementor-section-height-default elementor-section-height-default\" data-id=\"2ddb12a\" data-element_type=\"section\" data-settings=\"{&quot;background_background&quot;:&quot;classic&quot;}\">\n\t\t\t\t\t\t<div class=\"elementor-container elementor-column-gap-extended\">\n\t\t\t\t\t<div class=\"elementor-column elementor-col-100 elementor-top-column elementor-element elementor-element-7aa72d68\" data-id=\"7aa72d68\" data-element_type=\"column\">\n\t\t\t<div class=\"elementor-widget-wrap elementor-element-populated\">\n\t\t\t\t\t\t<div class=\"elementor-element elementor-element-2321bd2 elementor-widget elementor-widget-heading\" data-id=\"2321bd2\" data-element_type=\"widget\" data-widget_type=\"heading.default\">\n\t\t\t\t<div class=\"elementor-widget-container\">\n\t\t\t\t\t<h5 class=\"elementor-heading-title elementor-size-default\">Trouver du soutien<\/h5>\t\t\t\t<\/div>\n\t\t\t\t<\/div>\n\t\t\t\t<div class=\"elementor-element elementor-element-18c7a82f elementor-widget elementor-widget-heading\" data-id=\"18c7a82f\" data-element_type=\"widget\" data-widget_type=\"heading.default\">\n\t\t\t\t<div class=\"elementor-widget-container\">\n\t\t\t\t\t<p class=\"elementor-heading-title elementor-size-default\">Vous avez besoin d'aide? Nous sommes l\u00e0!<\/p>\t\t\t\t<\/div>\n\t\t\t\t<\/div>\n\t\t\t\t<div class=\"elementor-element elementor-element-2ba67ac3 elementor-align-center elementor-widget__width-auto elementor-absolute e-transform elementor-widget elementor-widget-breadcrumbs\" data-id=\"2ba67ac3\" data-element_type=\"widget\" data-settings=\"{&quot;_position&quot;:&quot;absolute&quot;,&quot;_transform_translateX_effect&quot;:{&quot;unit&quot;:&quot;%&quot;,&quot;size&quot;:-50,&quot;sizes&quot;:[]},&quot;_transform_translateX_effect_tablet&quot;:{&quot;unit&quot;:&quot;%&quot;,&quot;size&quot;:&quot;&quot;,&quot;sizes&quot;:[]},&quot;_transform_translateX_effect_mobile&quot;:{&quot;unit&quot;:&quot;%&quot;,&quot;size&quot;:&quot;&quot;,&quot;sizes&quot;:[]},&quot;_transform_translateY_effect&quot;:{&quot;unit&quot;:&quot;px&quot;,&quot;size&quot;:&quot;&quot;,&quot;sizes&quot;:[]},&quot;_transform_translateY_effect_tablet&quot;:{&quot;unit&quot;:&quot;px&quot;,&quot;size&quot;:&quot;&quot;,&quot;sizes&quot;:[]},&quot;_transform_translateY_effect_mobile&quot;:{&quot;unit&quot;:&quot;px&quot;,&quot;size&quot;:&quot;&quot;,&quot;sizes&quot;:[]}}\" data-widget_type=\"breadcrumbs.default\">\n\t\t\t\t<div class=\"elementor-widget-container\">\n\t\t\t\t\t<nav id=\"breadcrumbs\"><span><span><a href=\"https:\/\/coalitionfemmesab.ca\/en\/\">Accueil<\/a><\/span><\/span><\/nav>\t\t\t\t<\/div>\n\t\t\t\t<\/div>\n\t\t\t\t\t<\/div>\n\t\t<\/div>\n\t\t\t\t\t<\/div>\n\t\t<\/section>\n\t\t\t\t<section class=\"elementor-section elementor-top-section elementor-element elementor-element-24583b0 elementor-section-boxed elementor-section-height-default elementor-section-height-default\" data-id=\"24583b0\" data-element_type=\"section\" data-settings=\"{&quot;background_background&quot;:&quot;classic&quot;,&quot;background_motion_fx_motion_fx_scrolling&quot;:&quot;yes&quot;,&quot;background_motion_fx_scale_effect&quot;:&quot;yes&quot;,&quot;background_motion_fx_scale_direction&quot;:&quot;out-in&quot;,&quot;background_motion_fx_scale_speed&quot;:{&quot;unit&quot;:&quot;px&quot;,&quot;size&quot;:4,&quot;sizes&quot;:[]},&quot;background_motion_fx_scale_range&quot;:{&quot;unit&quot;:&quot;%&quot;,&quot;size&quot;:&quot;&quot;,&quot;sizes&quot;:{&quot;start&quot;:20,&quot;end&quot;:80}},&quot;background_motion_fx_devices&quot;:[&quot;desktop&quot;,&quot;tablet&quot;,&quot;mobile&quot;]}\">\n\t\t\t\t\t\t<div class=\"elementor-container elementor-column-gap-no\">\n\t\t\t\t\t<div class=\"elementor-column elementor-col-100 elementor-top-column elementor-element elementor-element-480755c\" data-id=\"480755c\" data-element_type=\"column\">\n\t\t\t<div class=\"elementor-widget-wrap elementor-element-populated\">\n\t\t\t\t\t\t<section class=\"elementor-section elementor-inner-section elementor-element elementor-element-b752ebb elementor-section-boxed elementor-section-height-default elementor-section-height-default\" data-id=\"b752ebb\" data-element_type=\"section\">\n\t\t\t\t\t\t<div class=\"elementor-container elementor-column-gap-extended\">\n\t\t\t\t\t<div class=\"elementor-column elementor-col-100 elementor-inner-column elementor-element elementor-element-0b0b83e\" data-id=\"0b0b83e\" data-element_type=\"column\">\n\t\t\t<div class=\"elementor-widget-wrap elementor-element-populated\">\n\t\t\t\t\t\t<div class=\"elementor-element elementor-element-0b0f6b6 elementor-invisible elementor-widget elementor-widget-heading\" data-id=\"0b0f6b6\" data-element_type=\"widget\" data-settings=\"{&quot;_animation&quot;:&quot;fadeInUp&quot;}\" data-widget_type=\"heading.default\">\n\t\t\t\t<div class=\"elementor-widget-container\">\n\t\t\t\t\t<h2 class=\"elementor-heading-title elementor-size-default\">Les ressources pour les femmes<\/h2>\t\t\t\t<\/div>\n\t\t\t\t<\/div>\n\t\t\t\t<div class=\"elementor-element elementor-element-a1457b4 elementor-invisible elementor-widget elementor-widget-heading\" data-id=\"a1457b4\" data-element_type=\"widget\" data-settings=\"{&quot;_animation&quot;:&quot;fadeInUp&quot;}\" data-widget_type=\"heading.default\">\n\t\t\t\t<div class=\"elementor-widget-container\">\n\t\t\t\t\t<div class=\"elementor-heading-title elementor-size-default\">Trouvez les ressources dont vous avez besoin<\/div>\t\t\t\t<\/div>\n\t\t\t\t<\/div>\n\t\t\t\t\t<\/div>\n\t\t<\/div>\n\t\t\t\t\t<\/div>\n\t\t<\/section>\n\t\t\t\t<section class=\"elementor-section elementor-inner-section elementor-element elementor-element-39f176a elementor-section-boxed elementor-section-height-default elementor-section-height-default elementor-invisible\" data-id=\"39f176a\" data-element_type=\"section\" data-settings=\"{&quot;animation&quot;:&quot;fadeIn&quot;}\">\n\t\t\t\t\t\t<div class=\"elementor-container elementor-column-gap-extended\">\n\t\t\t\t\t<div class=\"elementor-column elementor-col-50 elementor-inner-column elementor-element elementor-element-49525b7\" data-id=\"49525b7\" data-element_type=\"column\">\n\t\t\t<div class=\"elementor-widget-wrap elementor-element-populated\">\n\t\t\t\t\t\t<div class=\"elementor-element elementor-element-45ff64b elementor-widget elementor-widget-heading\" data-id=\"45ff64b\" data-element_type=\"widget\" data-widget_type=\"heading.default\">\n\t\t\t\t<div class=\"elementor-widget-container\">\n\t\t\t\t\t<h3 class=\"elementor-heading-title elementor-size-default\"><a href=\"https:\/\/coalitionfemmesab.ca\/en\/trouver-du-soutien\/pour-les-mamans\/\">Pour les mamans\n<i aria-hidden=\"true\" class=\"fas fa-chevron-right\"><\/i><\/a><\/h3>\t\t\t\t<\/div>\n\t\t\t\t<\/div>\n\t\t\t\t\t<\/div>\n\t\t<\/div>\n\t\t\t\t<div class=\"elementor-column elementor-col-50 elementor-inner-column elementor-element elementor-element-be6b0f5\" data-id=\"be6b0f5\" data-element_type=\"column\">\n\t\t\t<div class=\"elementor-widget-wrap elementor-element-populated\">\n\t\t\t\t\t\t<div class=\"elementor-element elementor-element-dff39a7 elementor-widget elementor-widget-heading\" data-id=\"dff39a7\" data-element_type=\"widget\" data-widget_type=\"heading.default\">\n\t\t\t\t<div class=\"elementor-widget-container\">\n\t\t\t\t\t<h3 class=\"elementor-heading-title elementor-size-default\"><a href=\"https:\/\/coalitionfemmesab.ca\/en\/trouver-du-soutien\/ressources-pour-les-nouvelles-arrivantes\/\">Nouvelles arrivantes\n<i aria-hidden=\"true\" class=\"fas fa-chevron-right\"><\/i><\/a><\/h3>\t\t\t\t<\/div>\n\t\t\t\t<\/div>\n\t\t\t\t\t<\/div>\n\t\t<\/div>\n\t\t\t\t\t<\/div>\n\t\t<\/section>\n\t\t\t\t<section class=\"elementor-section elementor-inner-section elementor-element elementor-element-5aae59c elementor-section-boxed elementor-section-height-default elementor-section-height-default elementor-invisible\" data-id=\"5aae59c\" data-element_type=\"section\" data-settings=\"{&quot;animation&quot;:&quot;fadeIn&quot;}\">\n\t\t\t\t\t\t<div class=\"elementor-container elementor-column-gap-extended\">\n\t\t\t\t\t<div class=\"elementor-column elementor-col-50 elementor-inner-column elementor-element elementor-element-b41ccfe\" data-id=\"b41ccfe\" data-element_type=\"column\">\n\t\t\t<div class=\"elementor-widget-wrap elementor-element-populated\">\n\t\t\t\t\t\t<div class=\"elementor-element elementor-element-1ab198c elementor-widget elementor-widget-heading\" data-id=\"1ab198c\" data-element_type=\"widget\" data-widget_type=\"heading.default\">\n\t\t\t\t<div class=\"elementor-widget-container\">\n\t\t\t\t\t<h3 class=\"elementor-heading-title elementor-size-default\"><a href=\"https:\/\/coalitionfemmesab.ca\/en\/trouver-du-soutien\/ressources-pour-les-femmes-entrepreneures\/\">Femmes entrepreneures\n<i aria-hidden=\"true\" class=\"fas fa-chevron-right\"><\/i><\/a><\/h3>\t\t\t\t<\/div>\n\t\t\t\t<\/div>\n\t\t\t\t<div class=\"elementor-element elementor-element-4aa7019 elementor-widget elementor-widget-heading\" data-id=\"4aa7019\" data-element_type=\"widget\" data-widget_type=\"heading.default\">\n\t\t\t\t<div class=\"elementor-widget-container\">\n\t\t\t\t\t<h3 class=\"elementor-heading-title elementor-size-default\"><a href=\"https:\/\/coalitionfemmesab.ca\/wp-content\/uploads\/2025\/03\/Services_de_Repit_Personnes_aidantes.pdf\" target=\"_blank\">Personnes aidantes\n<i aria-hidden=\"true\" class=\"fas fa-chevron-right\"><\/i><\/a><\/h3>\t\t\t\t<\/div>\n\t\t\t\t<\/div>\n\t\t\t\t\t<\/div>\n\t\t<\/div>\n\t\t\t\t<div class=\"elementor-column elementor-col-50 elementor-inner-column elementor-element elementor-element-bf1f555\" data-id=\"bf1f555\" data-element_type=\"column\">\n\t\t\t<div class=\"elementor-widget-wrap elementor-element-populated\">\n\t\t\t\t\t\t<div class=\"elementor-element elementor-element-5aee565 elementor-widget elementor-widget-heading\" data-id=\"5aee565\" data-element_type=\"widget\" data-widget_type=\"heading.default\">\n\t\t\t\t<div class=\"elementor-widget-container\">\n\t\t\t\t\t<h3 class=\"elementor-heading-title elementor-size-default\"><a href=\"https:\/\/coalitionfemmesab.ca\/en\/trouver-du-soutien\/prevention-de-la-violence-fondee-sur-le-genre-et-soutien-aux-victimes\/\">Pr\u00e9vention de la violence fond\u00e9e sur le genre et soutien aux victimes\n<i aria-hidden=\"true\" class=\"fas fa-chevron-right\"><\/i><\/a><\/h3>\t\t\t\t<\/div>\n\t\t\t\t<\/div>\n\t\t\t\t\t<\/div>\n\t\t<\/div>\n\t\t\t\t\t<\/div>\n\t\t<\/section>\n\t\t\t\t\t<\/div>\n\t\t<\/div>\n\t\t\t\t\t<\/div>\n\t\t<\/section>\n\t\t\t\t<\/div>","protected":false},"excerpt":{"rendered":"<p>Trouver du soutien Vous avez besoin d&rsquo;aide? Nous sommes l\u00e0! Les ressources pour les femmes Trouvez les ressources dont vous avez besoin Pour les mamans Nouvelles arrivantes Femmes entrepreneures Personnes aidantes Pr\u00e9vention de la violence fond\u00e9e sur le genre et soutien aux victimes<\/p>","protected":false},"author":129,"featured_media":0,"parent":0,"menu_order":0,"comment_status":"closed","ping_status":"closed","template":"elementor_header_footer","meta":{"_acf_changed":false,"footnotes":""},"class_list":["post-22030","page","type-page","status-publish","hentry","entry"],"acf":[],"yoast_head":"<!-- This site is optimized with the Yoast SEO plugin v26.8 - https:\/\/yoast.com\/product\/yoast-seo-wordpress\/ -->\n<title>Trouver du soutien - Coalition des femmes de l&#039;Alberta<\/title>\n<meta name=\"robots\" content=\"index, follow, max-snippet:-1, max-image-preview:large, max-video-preview:-1\" \/>\n<link rel=\"canonical\" href=\"https:\/\/coalitionfemmesab.ca\/en\/trouver-du-soutien\/\" \/>\n<meta property=\"og:locale\" content=\"en_US\" \/>\n<meta property=\"og:type\" content=\"article\" \/>\n<meta property=\"og:title\" content=\"Trouver du soutien - Coalition des femmes de l&#039;Alberta\" \/>\n<meta property=\"og:description\" content=\"Trouver du soutien Vous avez besoin d&rsquo;aide? Nous sommes l\u00e0! Les ressources pour les femmes Trouvez les ressources dont vous avez besoin Pour les mamans Nouvelles arrivantes Femmes entrepreneures Personnes aidantes Pr\u00e9vention de la violence fond\u00e9e sur le genre et soutien aux victimes\" \/>\n<meta property=\"og:url\" content=\"https:\/\/coalitionfemmesab.ca\/en\/trouver-du-soutien\/\" \/>\n<meta property=\"og:site_name\" content=\"Coalition des femmes de l&#039;Alberta\" \/>\n<meta property=\"article:modified_time\" content=\"2025-06-27T20:29:49+00:00\" \/>\n<meta name=\"twitter:card\" content=\"summary_large_image\" \/>\n<meta name=\"twitter:label1\" content=\"Est. reading time\" \/>\n\t<meta name=\"twitter:data1\" content=\"1 minute\" \/>\n<script type=\"application\/ld+json\" class=\"yoast-schema-graph\">{\"@context\":\"https:\/\/schema.org\",\"@graph\":[{\"@type\":\"WebPage\",\"@id\":\"https:\/\/coalitionfemmesab.ca\/trouver-du-soutien\/\",\"url\":\"https:\/\/coalitionfemmesab.ca\/trouver-du-soutien\/\",\"name\":\"Trouver du soutien - Coalition des femmes de l&#039;Alberta\",\"isPartOf\":{\"@id\":\"https:\/\/coalitionfemmesab.ca\/#website\"},\"datePublished\":\"2025-02-18T02:12:06+00:00\",\"dateModified\":\"2025-06-27T20:29:49+00:00\",\"breadcrumb\":{\"@id\":\"https:\/\/coalitionfemmesab.ca\/trouver-du-soutien\/#breadcrumb\"},\"inLanguage\":\"en-US\",\"potentialAction\":[{\"@type\":\"ReadAction\",\"target\":[\"https:\/\/coalitionfemmesab.ca\/trouver-du-soutien\/\"]}]},{\"@type\":\"BreadcrumbList\",\"@id\":\"https:\/\/coalitionfemmesab.ca\/trouver-du-soutien\/#breadcrumb\",\"itemListElement\":[{\"@type\":\"ListItem\",\"position\":1,\"name\":\"Accueil\",\"item\":\"https:\/\/coalitionfemmesab.ca\/\"},{\"@type\":\"ListItem\",\"position\":2,\"name\":\"Trouver du soutien\"}]},{\"@type\":\"WebSite\",\"@id\":\"https:\/\/coalitionfemmesab.ca\/#website\",\"url\":\"https:\/\/coalitionfemmesab.ca\/\",\"name\":\"Coalition des femmes de l&#039;Alberta\",\"description\":\"La mission de l\u2019organisme est d\u2019appuyer et de repr\u00e9senter les femmes parlant fran\u00e7ais, de faire valoir leurs droits et leurs int\u00e9r\u00eats et de faciliter leur regroupement.\",\"potentialAction\":[{\"@type\":\"SearchAction\",\"target\":{\"@type\":\"EntryPoint\",\"urlTemplate\":\"https:\/\/coalitionfemmesab.ca\/?s={search_term_string}\"},\"query-input\":{\"@type\":\"PropertyValueSpecification\",\"valueRequired\":true,\"valueName\":\"search_term_string\"}}],\"inLanguage\":\"en-US\"}]}<\/script>\n<!-- \/ Yoast SEO plugin. -->","yoast_head_json":{"title":"Trouver du soutien - Coalition des femmes de l&#039;Alberta","robots":{"index":"index","follow":"follow","max-snippet":"max-snippet:-1","max-image-preview":"max-image-preview:large","max-video-preview":"max-video-preview:-1"},"canonical":"https:\/\/coalitionfemmesab.ca\/en\/trouver-du-soutien\/","og_locale":"en_US","og_type":"article","og_title":"Trouver du soutien - Coalition des femmes de l&#039;Alberta","og_description":"Trouver du soutien Vous avez besoin d&rsquo;aide? Nous sommes l\u00e0! Les ressources pour les femmes Trouvez les ressources dont vous avez besoin Pour les mamans Nouvelles arrivantes Femmes entrepreneures Personnes aidantes Pr\u00e9vention de la violence fond\u00e9e sur le genre et soutien aux victimes","og_url":"https:\/\/coalitionfemmesab.ca\/en\/trouver-du-soutien\/","og_site_name":"Coalition des femmes de l&#039;Alberta","article_modified_time":"2025-06-27T20:29:49+00:00","twitter_card":"summary_large_image","twitter_misc":{"Est. reading time":"1 minute"},"schema":{"@context":"https:\/\/schema.org","@graph":[{"@type":"WebPage","@id":"https:\/\/coalitionfemmesab.ca\/trouver-du-soutien\/","url":"https:\/\/coalitionfemmesab.ca\/trouver-du-soutien\/","name":"Trouver du soutien - Coalition des femmes de l&#039;Alberta","isPartOf":{"@id":"https:\/\/coalitionfemmesab.ca\/#website"},"datePublished":"2025-02-18T02:12:06+00:00","dateModified":"2025-06-27T20:29:49+00:00","breadcrumb":{"@id":"https:\/\/coalitionfemmesab.ca\/trouver-du-soutien\/#breadcrumb"},"inLanguage":"en-US","potentialAction":[{"@type":"ReadAction","target":["https:\/\/coalitionfemmesab.ca\/trouver-du-soutien\/"]}]},{"@type":"BreadcrumbList","@id":"https:\/\/coalitionfemmesab.ca\/trouver-du-soutien\/#breadcrumb","itemListElement":[{"@type":"ListItem","position":1,"name":"Accueil","item":"https:\/\/coalitionfemmesab.ca\/"},{"@type":"ListItem","position":2,"name":"Trouver du soutien"}]},{"@type":"WebSite","@id":"https:\/\/coalitionfemmesab.ca\/#website","url":"https:\/\/coalitionfemmesab.ca\/","name":"Coalition des femmes de l&#039;Alberta","description":"La mission de l\u2019organisme est d\u2019appuyer et de repr\u00e9senter les femmes parlant fran\u00e7ais, de faire valoir leurs droits et leurs int\u00e9r\u00eats et de faciliter leur regroupement.","potentialAction":[{"@type":"SearchAction","target":{"@type":"EntryPoint","urlTemplate":"https:\/\/coalitionfemmesab.ca\/?s={search_term_string}"},"query-input":{"@type":"PropertyValueSpecification","valueRequired":true,"valueName":"search_term_string"}}],"inLanguage":"en-US"}]}},"_links":{"self":[{"href":"http:\/\/coalitionfemmesab.ca\/en\/wp-json\/wp\/v2\/pages\/22030","targetHints":{"allow":["GET"]}}],"collection":[{"href":"http:\/\/coalitionfemmesab.ca\/en\/wp-json\/wp\/v2\/pages"}],"about":[{"href":"http:\/\/coalitionfemmesab.ca\/en\/wp-json\/wp\/v2\/types\/page"}],"author":[{"embeddable":true,"href":"http:\/\/coalitionfemmesab.ca\/en\/wp-json\/wp\/v2\/users\/129"}],"replies":[{"embeddable":true,"href":"http:\/\/coalitionfemmesab.ca\/en\/wp-json\/wp\/v2\/comments?post=22030"}],"version-history":[{"count":43,"href":"http:\/\/coalitionfemmesab.ca\/en\/wp-json\/wp\/v2\/pages\/22030\/revisions"}],"predecessor-version":[{"id":24710,"href":"http:\/\/coalitionfemmesab.ca\/en\/wp-json\/wp\/v2\/pages\/22030\/revisions\/24710"}],"wp:attachment":[{"href":"http:\/\/coalitionfemmesab.ca\/en\/wp-json\/wp\/v2\/media?parent=22030"}],"curies":[{"name":"wp","href":"https:\/\/api.w.org\/{rel}","templated":true}]}}