{"id":22035,"date":"2025-02-18T02:13:15","date_gmt":"2025-02-18T02:13:15","guid":{"rendered":"https:\/\/coalitionfemmesab.ca\/temp-coalition\/?page_id=22035"},"modified":"2025-03-16T23:56:58","modified_gmt":"2025-03-16T23:56:58","slug":"sinformer","status":"publish","type":"page","link":"http:\/\/coalitionfemmesab.ca\/en\/sinformer\/","title":{"rendered":"S&rsquo;informer"},"content":{"rendered":"<div data-elementor-type=\"wp-page\" data-elementor-id=\"22035\" class=\"elementor elementor-22035\" data-elementor-post-type=\"page\">\n\t\t\t\t\t\t<section class=\"elementor-section elementor-top-section elementor-element elementor-element-7ac7ff9a elementor-section-boxed elementor-section-height-default elementor-section-height-default\" data-id=\"7ac7ff9a\" data-element_type=\"section\" data-settings=\"{&quot;background_background&quot;:&quot;classic&quot;}\">\n\t\t\t\t\t\t<div class=\"elementor-container elementor-column-gap-extended\">\n\t\t\t\t\t<div class=\"elementor-column elementor-col-100 elementor-top-column elementor-element elementor-element-71ba36e9\" data-id=\"71ba36e9\" data-element_type=\"column\">\n\t\t\t<div class=\"elementor-widget-wrap elementor-element-populated\">\n\t\t\t\t\t\t<div class=\"elementor-element elementor-element-34293264 elementor-widget elementor-widget-heading\" data-id=\"34293264\" data-element_type=\"widget\" data-widget_type=\"heading.default\">\n\t\t\t\t<div class=\"elementor-widget-container\">\n\t\t\t\t\t<h5 class=\"elementor-heading-title elementor-size-default\">S'informer<\/h5>\t\t\t\t<\/div>\n\t\t\t\t<\/div>\n\t\t\t\t<div class=\"elementor-element elementor-element-5058fb7b elementor-widget elementor-widget-heading\" data-id=\"5058fb7b\" data-element_type=\"widget\" data-widget_type=\"heading.default\">\n\t\t\t\t<div class=\"elementor-widget-container\">\n\t\t\t\t\t<p class=\"elementor-heading-title elementor-size-default\">Pour avoir plus d'informations utiles<\/p>\t\t\t\t<\/div>\n\t\t\t\t<\/div>\n\t\t\t\t<div class=\"elementor-element elementor-element-41114ea8 elementor-align-center elementor-widget__width-auto elementor-absolute e-transform elementor-widget elementor-widget-breadcrumbs\" data-id=\"41114ea8\" data-element_type=\"widget\" data-settings=\"{&quot;_position&quot;:&quot;absolute&quot;,&quot;_transform_translateX_effect&quot;:{&quot;unit&quot;:&quot;%&quot;,&quot;size&quot;:-50,&quot;sizes&quot;:[]},&quot;_transform_translateX_effect_tablet&quot;:{&quot;unit&quot;:&quot;%&quot;,&quot;size&quot;:&quot;&quot;,&quot;sizes&quot;:[]},&quot;_transform_translateX_effect_mobile&quot;:{&quot;unit&quot;:&quot;%&quot;,&quot;size&quot;:&quot;&quot;,&quot;sizes&quot;:[]},&quot;_transform_translateY_effect&quot;:{&quot;unit&quot;:&quot;px&quot;,&quot;size&quot;:&quot;&quot;,&quot;sizes&quot;:[]},&quot;_transform_translateY_effect_tablet&quot;:{&quot;unit&quot;:&quot;px&quot;,&quot;size&quot;:&quot;&quot;,&quot;sizes&quot;:[]},&quot;_transform_translateY_effect_mobile&quot;:{&quot;unit&quot;:&quot;px&quot;,&quot;size&quot;:&quot;&quot;,&quot;sizes&quot;:[]}}\" data-widget_type=\"breadcrumbs.default\">\n\t\t\t\t<div class=\"elementor-widget-container\">\n\t\t\t\t\t<nav id=\"breadcrumbs\"><span><span><a href=\"https:\/\/coalitionfemmesab.ca\/en\/\">Accueil<\/a><\/span><\/span><\/nav>\t\t\t\t<\/div>\n\t\t\t\t<\/div>\n\t\t\t\t\t<\/div>\n\t\t<\/div>\n\t\t\t\t\t<\/div>\n\t\t<\/section>\n\t\t\t\t<section class=\"elementor-section elementor-top-section elementor-element elementor-element-03575cf elementor-section-boxed elementor-section-height-default elementor-section-height-default\" data-id=\"03575cf\" data-element_type=\"section\">\n\t\t\t\t\t\t<div class=\"elementor-container elementor-column-gap-default\">\n\t\t\t\t\t<div class=\"elementor-column elementor-col-100 elementor-top-column elementor-element elementor-element-5171775\" data-id=\"5171775\" data-element_type=\"column\">\n\t\t\t<div class=\"elementor-widget-wrap elementor-element-populated\">\n\t\t\t\t\t\t<div class=\"elementor-element elementor-element-84216c7 elementor-widget elementor-widget-spacer\" data-id=\"84216c7\" data-element_type=\"widget\" data-widget_type=\"spacer.default\">\n\t\t\t\t<div class=\"elementor-widget-container\">\n\t\t\t\t\t\t\t<div class=\"elementor-spacer\">\n\t\t\t<div class=\"elementor-spacer-inner\"><\/div>\n\t\t<\/div>\n\t\t\t\t\t\t<\/div>\n\t\t\t\t<\/div>\n\t\t\t\t\t<\/div>\n\t\t<\/div>\n\t\t\t\t\t<\/div>\n\t\t<\/section>\n\t\t\t\t<section class=\"elementor-section elementor-top-section elementor-element elementor-element-e6111e2 elementor-section-boxed elementor-section-height-default elementor-section-height-default\" data-id=\"e6111e2\" data-element_type=\"section\">\n\t\t\t\t\t\t<div class=\"elementor-container elementor-column-gap-default\">\n\t\t\t\t\t<div class=\"elementor-column elementor-col-100 elementor-top-column elementor-element elementor-element-d700f77\" data-id=\"d700f77\" data-element_type=\"column\">\n\t\t\t<div class=\"elementor-widget-wrap elementor-element-populated\">\n\t\t\t\t\t\t<div class=\"elementor-element elementor-element-1a72f1b elementor-widget elementor-widget-heading\" data-id=\"1a72f1b\" data-element_type=\"widget\" data-settings=\"{&quot;_animation&quot;:&quot;none&quot;}\" data-widget_type=\"heading.default\">\n\t\t\t\t<div class=\"elementor-widget-container\">\n\t\t\t\t\t<h2 class=\"elementor-heading-title elementor-size-default\">Baladodiffusions<\/h2>\t\t\t\t<\/div>\n\t\t\t\t<\/div>\n\t\t\t\t<div class=\"elementor-element elementor-element-385d4fd elementor-widget elementor-widget-text-editor\" data-id=\"385d4fd\" data-element_type=\"widget\" data-widget_type=\"text-editor.default\">\n\t\t\t\t<div class=\"elementor-widget-container\">\n\t\t\t\t\t\t\t\t\t<p>En parall\u00e8le des formations propos\u00e9es aux Personnes Aidantes, la Coalition des Femmes de l\u2019Alberta, et son partenaire Radio Cit\u00e9 d\u00e9voilent des baladodiffusions mensuelles consacr\u00e9e au mieux-\u00eatre. Retrouvez ces baladodiffusions sur les ondes de Radio Cit\u00e9 (97.9) chaque 8 du mois, sur nos r\u00e9seaux sociaux Facebook &amp; Twitter ou sur cette page apr\u00e8s la diffusion radio<\/p>\t\t\t\t\t\t\t\t<\/div>\n\t\t\t\t<\/div>\n\t\t\t\t\t<\/div>\n\t\t<\/div>\n\t\t\t\t\t<\/div>\n\t\t<\/section>\n\t\t\t\t<section class=\"elementor-section elementor-top-section elementor-element elementor-element-9c0c362 elementor-section-full_width elementor-section-height-default elementor-section-height-default\" data-id=\"9c0c362\" data-element_type=\"section\">\n\t\t\t\t\t\t<div class=\"elementor-container elementor-column-gap-no\">\n\t\t\t\t\t<div class=\"elementor-column elementor-col-50 elementor-top-column elementor-element elementor-element-437adec\" data-id=\"437adec\" data-element_type=\"column\">\n\t\t\t<div class=\"elementor-widget-wrap elementor-element-populated\">\n\t\t\t\t\t\t<div class=\"elementor-element elementor-element-28d6c9e elementor-video-play-button--icon-view-framed elementor-widget__width-auto elementor-absolute elementor-video-play-button--icon-shape-circle elementor-invisible elementor-widget elementor-widget-be-video-play-button\" data-id=\"28d6c9e\" data-element_type=\"widget\" data-settings=\"{&quot;_position&quot;:&quot;absolute&quot;,&quot;_animation&quot;:&quot;zoomIn&quot;}\" data-widget_type=\"be-video-play-button.default\">\n\t\t\t\t<div class=\"elementor-widget-container\">\n\t\t\t\t\t\t\t\t<div class=\"elementor-video-play-button\">\n\t\t\n\t\t<a href=\"#elementor-video-popup-28d6c9e\" class=\"elementor-open-popup-link\">\n\t\t\t<div class=\"elementor-video-play-button__icon\">\n\t\t\t\t<i aria-hidden=\"true\" class=\"fas fa-play\"><\/i>\t\t\t<\/div>\n\t\t<\/a>\n\n\t\t<div id=\"elementor-video-popup-28d6c9e\" class=\"elementor-popup__white-popup mfp-hide\">\n\t\t\t<div class=\"elementor-popup__video elementor-popup__aspect-ratio-169\">\n\t\t\t  <iframe class=\"elementor-video-iframe\" allowfullscreen allow=\"clipboard-write\" title=\"youtube Video Player\" src=\"https:\/\/www.youtube.com\/embed\/o_0SfzemDUg?feature=oembed&amp;playlist=o_0SfzemDUg&amp;wmode=opaque&amp;loop=1&amp;controls=1&amp;mute=0&amp;rel=0&amp;modestbranding=0\"><\/iframe>\t\t\t<\/div>\n\t\t<\/div>\n\t\t\t\t\t<\/div>\n\t\t\t\t\t\t<\/div>\n\t\t\t\t<\/div>\n\t\t\t\t<div class=\"elementor-element elementor-element-471c3a5 elementor-widget__width-auto elementor-absolute elementor-invisible elementor-widget elementor-widget-text-editor\" data-id=\"471c3a5\" data-element_type=\"widget\" data-settings=\"{&quot;_position&quot;:&quot;absolute&quot;,&quot;_animation&quot;:&quot;fadeInUp&quot;}\" data-widget_type=\"text-editor.default\">\n\t\t\t\t<div class=\"elementor-widget-container\">\n\t\t\t\t\t\t\t\t\t<ul><li>L&rsquo; alimentation Saine<\/li><li>Janvier 2021<\/li><\/ul><h2>Baladodiffusion de la Coalition des femmes de l&rsquo;Alberta<\/h2>\t\t\t\t\t\t\t\t<\/div>\n\t\t\t\t<\/div>\n\t\t\t\t<div class=\"elementor-element elementor-element-bb5745a elementor-widget elementor-widget-image\" data-id=\"bb5745a\" data-element_type=\"widget\" data-widget_type=\"image.default\">\n\t\t\t\t<div class=\"elementor-widget-container\">\n\t\t\t\t\t\t\t\t\t\t\t\t\t\t\t\t<a href=\"https:\/\/youtu.be\/o_0SfzemDUg\">\n\t\t\t\t\t\t\t<img fetchpriority=\"high\" decoding=\"async\" width=\"1110\" height=\"731\" src=\"https:\/\/coalitionfemmesab.ca\/wp-content\/uploads\/2025\/03\/Balado1-1.gif\" class=\"attachment-full size-full wp-image-22663\" alt=\"\" \/>\t\t\t\t\t\t\t\t<\/a>\n\t\t\t\t\t\t\t\t\t\t\t\t\t\t\t<\/div>\n\t\t\t\t<\/div>\n\t\t\t\t\t<\/div>\n\t\t<\/div>\n\t\t\t\t<div class=\"elementor-column elementor-col-50 elementor-top-column elementor-element elementor-element-9a320ec\" data-id=\"9a320ec\" data-element_type=\"column\">\n\t\t\t<div class=\"elementor-widget-wrap elementor-element-populated\">\n\t\t\t\t\t\t<section class=\"elementor-section elementor-inner-section elementor-element elementor-element-6673e88 elementor-section-full_width elementor-section-height-default elementor-section-height-default\" data-id=\"6673e88\" data-element_type=\"section\">\n\t\t\t\t\t\t<div class=\"elementor-container elementor-column-gap-no\">\n\t\t\t\t\t<div class=\"elementor-column elementor-col-100 elementor-inner-column elementor-element elementor-element-1c8fc7c\" data-id=\"1c8fc7c\" data-element_type=\"column\">\n\t\t\t<div class=\"elementor-widget-wrap elementor-element-populated\">\n\t\t\t\t\t\t<div class=\"elementor-element elementor-element-ac250ba elementor-video-play-button--icon-view-framed elementor-widget__width-auto elementor-absolute elementor-video-play-button--icon-shape-circle elementor-invisible elementor-widget elementor-widget-be-video-play-button\" data-id=\"ac250ba\" data-element_type=\"widget\" data-settings=\"{&quot;_position&quot;:&quot;absolute&quot;,&quot;_animation&quot;:&quot;zoomIn&quot;}\" data-widget_type=\"be-video-play-button.default\">\n\t\t\t\t<div class=\"elementor-widget-container\">\n\t\t\t\t\t\t\t\t<div class=\"elementor-video-play-button\">\n\t\t\n\t\t<a href=\"#elementor-video-popup-ac250ba\" class=\"elementor-open-popup-link\">\n\t\t\t<div class=\"elementor-video-play-button__icon\">\n\t\t\t\t<i aria-hidden=\"true\" class=\"fas fa-play\"><\/i>\t\t\t<\/div>\n\t\t<\/a>\n\n\t\t<div id=\"elementor-video-popup-ac250ba\" class=\"elementor-popup__white-popup mfp-hide\">\n\t\t\t<div class=\"elementor-popup__video elementor-popup__aspect-ratio-169\">\n\t\t\t  <iframe class=\"elementor-video-iframe\" allowfullscreen allow=\"clipboard-write\" title=\"youtube Video Player\" src=\"https:\/\/www.youtube.com\/embed\/OXYLo9MGjGg?feature=oembed&amp;start&amp;end&amp;wmode=opaque&amp;loop=0&amp;controls=1&amp;mute=0&amp;rel=0&amp;modestbranding=0\"><\/iframe>\t\t\t<\/div>\n\t\t<\/div>\n\t\t\t\t\t<\/div>\n\t\t\t\t\t\t<\/div>\n\t\t\t\t<\/div>\n\t\t\t\t<div class=\"elementor-element elementor-element-5e62b7d elementor-widget__width-auto elementor-absolute elementor-invisible elementor-widget elementor-widget-text-editor\" data-id=\"5e62b7d\" data-element_type=\"widget\" data-settings=\"{&quot;_position&quot;:&quot;absolute&quot;,&quot;_animation&quot;:&quot;fadeInUp&quot;}\" data-widget_type=\"text-editor.default\">\n\t\t\t\t<div class=\"elementor-widget-container\">\n\t\t\t\t\t\t\t\t\t<ul><li>L&rsquo;exercice<\/li><li>Mars 2021<\/li><\/ul><h2>Baladodiffusion de la Coalition des femmes de l&rsquo;Alberta<\/h2>\t\t\t\t\t\t\t\t<\/div>\n\t\t\t\t<\/div>\n\t\t\t\t<div class=\"elementor-element elementor-element-8cd7f8f elementor-widget elementor-widget-image\" data-id=\"8cd7f8f\" data-element_type=\"widget\" data-widget_type=\"image.default\">\n\t\t\t\t<div class=\"elementor-widget-container\">\n\t\t\t\t\t\t\t\t\t\t\t\t\t\t\t<img decoding=\"async\" width=\"846\" height=\"390\" src=\"https:\/\/coalitionfemmesab.ca\/wp-content\/uploads\/2025\/03\/Podcast-846-x-390-px.gif\" class=\"attachment-full size-full wp-image-23002\" alt=\"\" \/>\t\t\t\t\t\t\t\t\t\t\t\t\t\t\t<\/div>\n\t\t\t\t<\/div>\n\t\t\t\t\t<\/div>\n\t\t<\/div>\n\t\t\t\t\t<\/div>\n\t\t<\/section>\n\t\t\t\t<section class=\"elementor-section elementor-inner-section elementor-element elementor-element-6873517 elementor-section-full_width elementor-section-height-default elementor-section-height-default\" data-id=\"6873517\" data-element_type=\"section\">\n\t\t\t\t\t\t<div class=\"elementor-container elementor-column-gap-no\">\n\t\t\t\t\t<div class=\"elementor-column elementor-col-100 elementor-inner-column elementor-element elementor-element-42d7cb4\" data-id=\"42d7cb4\" data-element_type=\"column\">\n\t\t\t<div class=\"elementor-widget-wrap elementor-element-populated\">\n\t\t\t\t\t\t<div class=\"elementor-element elementor-element-80e64f5 elementor-video-play-button--icon-view-framed elementor-widget__width-auto elementor-absolute elementor-widget-mobile__width-initial elementor-video-play-button--icon-shape-circle elementor-invisible elementor-widget elementor-widget-be-video-play-button\" data-id=\"80e64f5\" data-element_type=\"widget\" data-settings=\"{&quot;_position&quot;:&quot;absolute&quot;,&quot;_animation&quot;:&quot;fadeIn&quot;}\" data-widget_type=\"be-video-play-button.default\">\n\t\t\t\t<div class=\"elementor-widget-container\">\n\t\t\t\t\t\t\t\t<div class=\"elementor-video-play-button\">\n\t\t\n\t\t<a href=\"#elementor-video-popup-80e64f5\" class=\"elementor-open-popup-link\">\n\t\t\t<div class=\"elementor-video-play-button__icon\">\n\t\t\t\t<i aria-hidden=\"true\" class=\"fas fa-play\"><\/i>\t\t\t<\/div>\n\t\t<\/a>\n\n\t\t<div id=\"elementor-video-popup-80e64f5\" class=\"elementor-popup__white-popup mfp-hide\">\n\t\t\t<div class=\"elementor-popup__video elementor-popup__aspect-ratio-169\">\n\t\t\t  <iframe class=\"elementor-video-iframe\" allowfullscreen allow=\"clipboard-write\" title=\"youtube Video Player\" src=\"https:\/\/www.youtube.com\/embed\/De-RihqLM1A?feature=oembed&amp;start&amp;end&amp;wmode=opaque&amp;loop=0&amp;controls=1&amp;mute=0&amp;rel=0&amp;modestbranding=0\"><\/iframe>\t\t\t<\/div>\n\t\t<\/div>\n\t\t\t\t\t<\/div>\n\t\t\t\t\t\t<\/div>\n\t\t\t\t<\/div>\n\t\t\t\t<div class=\"elementor-element elementor-element-e3aaf44 elementor-widget__width-auto elementor-absolute elementor-invisible elementor-widget elementor-widget-text-editor\" data-id=\"e3aaf44\" data-element_type=\"widget\" data-settings=\"{&quot;_position&quot;:&quot;absolute&quot;,&quot;_animation&quot;:&quot;fadeInUp&quot;}\" data-widget_type=\"text-editor.default\">\n\t\t\t\t<div class=\"elementor-widget-container\">\n\t\t\t\t\t\t\t\t\t<ul><li>La m\u00e9ditation<\/li><li>Avril 2021<\/li><\/ul><h2>Baladodiffusion de la Coalition des femmes de l&rsquo;Alberta<\/h2>\t\t\t\t\t\t\t\t<\/div>\n\t\t\t\t<\/div>\n\t\t\t\t<div class=\"elementor-element elementor-element-e63b670 elementor-widget elementor-widget-image\" data-id=\"e63b670\" data-element_type=\"widget\" data-widget_type=\"image.default\">\n\t\t\t\t<div class=\"elementor-widget-container\">\n\t\t\t\t\t\t\t\t\t\t\t\t\t\t\t<img decoding=\"async\" width=\"846\" height=\"390\" src=\"https:\/\/coalitionfemmesab.ca\/wp-content\/uploads\/2025\/03\/Podcast-846-x-390-px-1-1.gif\" class=\"attachment-full size-full wp-image-23003\" alt=\"\" \/>\t\t\t\t\t\t\t\t\t\t\t\t\t\t\t<\/div>\n\t\t\t\t<\/div>\n\t\t\t\t\t<\/div>\n\t\t<\/div>\n\t\t\t\t\t<\/div>\n\t\t<\/section>\n\t\t\t\t\t<\/div>\n\t\t<\/div>\n\t\t\t\t\t<\/div>\n\t\t<\/section>\n\t\t\t\t<section class=\"elementor-section elementor-top-section elementor-element elementor-element-64a2c47 elementor-section-boxed elementor-section-height-default elementor-section-height-default\" data-id=\"64a2c47\" data-element_type=\"section\">\n\t\t\t\t\t\t<div class=\"elementor-container elementor-column-gap-default\">\n\t\t\t\t\t<div class=\"elementor-column elementor-col-100 elementor-top-column elementor-element elementor-element-7acc49d\" data-id=\"7acc49d\" data-element_type=\"column\">\n\t\t\t<div class=\"elementor-widget-wrap elementor-element-populated\">\n\t\t\t\t\t\t<div class=\"elementor-element elementor-element-46b9b94 elementor-widget elementor-widget-spacer\" data-id=\"46b9b94\" data-element_type=\"widget\" data-widget_type=\"spacer.default\">\n\t\t\t\t<div class=\"elementor-widget-container\">\n\t\t\t\t\t\t\t<div class=\"elementor-spacer\">\n\t\t\t<div class=\"elementor-spacer-inner\"><\/div>\n\t\t<\/div>\n\t\t\t\t\t\t<\/div>\n\t\t\t\t<\/div>\n\t\t\t\t\t<\/div>\n\t\t<\/div>\n\t\t\t\t\t<\/div>\n\t\t<\/section>\n\t\t\t\t<\/div>","protected":false},"excerpt":{"rendered":"<p>S&rsquo;informer Pour avoir plus d&rsquo;informations utiles Baladodiffusions En parall\u00e8le des formations propos\u00e9es aux Personnes Aidantes, la Coalition des Femmes de l\u2019Alberta, et son partenaire Radio Cit\u00e9 d\u00e9voilent des baladodiffusions mensuelles consacr\u00e9e au mieux-\u00eatre. Retrouvez ces baladodiffusions sur les ondes de Radio Cit\u00e9 (97.9) chaque 8 du mois, sur nos r\u00e9seaux sociaux Facebook &amp; Twitter ou [&hellip;]<\/p>","protected":false},"author":129,"featured_media":0,"parent":0,"menu_order":0,"comment_status":"closed","ping_status":"closed","template":"elementor_header_footer","meta":{"_acf_changed":false,"footnotes":""},"class_list":["post-22035","page","type-page","status-publish","hentry","entry"],"acf":[],"yoast_head":"<!-- This site is optimized with the Yoast SEO plugin v26.8 - https:\/\/yoast.com\/product\/yoast-seo-wordpress\/ -->\n<title>S&#039;informer - Coalition des femmes de l&#039;Alberta<\/title>\n<meta name=\"robots\" content=\"index, follow, max-snippet:-1, max-image-preview:large, max-video-preview:-1\" \/>\n<link rel=\"canonical\" href=\"https:\/\/coalitionfemmesab.ca\/en\/sinformer\/\" \/>\n<meta property=\"og:locale\" content=\"en_US\" \/>\n<meta property=\"og:type\" content=\"article\" \/>\n<meta property=\"og:title\" content=\"S&#039;informer - Coalition des femmes de l&#039;Alberta\" \/>\n<meta property=\"og:description\" content=\"S&rsquo;informer Pour avoir plus d&rsquo;informations utiles Baladodiffusions En parall\u00e8le des formations propos\u00e9es aux Personnes Aidantes, la Coalition des Femmes de l\u2019Alberta, et son partenaire Radio Cit\u00e9 d\u00e9voilent des baladodiffusions mensuelles consacr\u00e9e au mieux-\u00eatre. Retrouvez ces baladodiffusions sur les ondes de Radio Cit\u00e9 (97.9) chaque 8 du mois, sur nos r\u00e9seaux sociaux Facebook &amp; Twitter ou [&hellip;]\" \/>\n<meta property=\"og:url\" content=\"https:\/\/coalitionfemmesab.ca\/en\/sinformer\/\" \/>\n<meta property=\"og:site_name\" content=\"Coalition des femmes de l&#039;Alberta\" \/>\n<meta property=\"article:modified_time\" content=\"2025-03-16T23:56:58+00:00\" \/>\n<meta property=\"og:image\" content=\"https:\/\/coalitionfemmesab.ca\/wp-content\/uploads\/2025\/03\/Balado1-1.gif\" \/>\n<meta name=\"twitter:card\" content=\"summary_large_image\" \/>\n<meta name=\"twitter:label1\" content=\"Est. reading time\" \/>\n\t<meta name=\"twitter:data1\" content=\"2 minutes\" \/>\n<script type=\"application\/ld+json\" class=\"yoast-schema-graph\">{\"@context\":\"https:\/\/schema.org\",\"@graph\":[{\"@type\":\"WebPage\",\"@id\":\"https:\/\/coalitionfemmesab.ca\/sinformer\/\",\"url\":\"https:\/\/coalitionfemmesab.ca\/sinformer\/\",\"name\":\"S'informer - Coalition des femmes de l&#039;Alberta\",\"isPartOf\":{\"@id\":\"https:\/\/coalitionfemmesab.ca\/#website\"},\"primaryImageOfPage\":{\"@id\":\"https:\/\/coalitionfemmesab.ca\/sinformer\/#primaryimage\"},\"image\":{\"@id\":\"https:\/\/coalitionfemmesab.ca\/sinformer\/#primaryimage\"},\"thumbnailUrl\":\"https:\/\/coalitionfemmesab.ca\/wp-content\/uploads\/2025\/03\/Balado1-1.gif\",\"datePublished\":\"2025-02-18T02:13:15+00:00\",\"dateModified\":\"2025-03-16T23:56:58+00:00\",\"breadcrumb\":{\"@id\":\"https:\/\/coalitionfemmesab.ca\/sinformer\/#breadcrumb\"},\"inLanguage\":\"en-US\",\"potentialAction\":[{\"@type\":\"ReadAction\",\"target\":[\"https:\/\/coalitionfemmesab.ca\/sinformer\/\"]}]},{\"@type\":\"ImageObject\",\"inLanguage\":\"en-US\",\"@id\":\"https:\/\/coalitionfemmesab.ca\/sinformer\/#primaryimage\",\"url\":\"https:\/\/coalitionfemmesab.ca\/wp-content\/uploads\/2025\/03\/Balado1-1.gif\",\"contentUrl\":\"https:\/\/coalitionfemmesab.ca\/wp-content\/uploads\/2025\/03\/Balado1-1.gif\"},{\"@type\":\"BreadcrumbList\",\"@id\":\"https:\/\/coalitionfemmesab.ca\/sinformer\/#breadcrumb\",\"itemListElement\":[{\"@type\":\"ListItem\",\"position\":1,\"name\":\"Accueil\",\"item\":\"https:\/\/coalitionfemmesab.ca\/\"},{\"@type\":\"ListItem\",\"position\":2,\"name\":\"S&rsquo;informer\"}]},{\"@type\":\"WebSite\",\"@id\":\"https:\/\/coalitionfemmesab.ca\/#website\",\"url\":\"https:\/\/coalitionfemmesab.ca\/\",\"name\":\"Coalition des femmes de l&#039;Alberta\",\"description\":\"La mission de l\u2019organisme est d\u2019appuyer et de repr\u00e9senter les femmes parlant fran\u00e7ais, de faire valoir leurs droits et leurs int\u00e9r\u00eats et de faciliter leur regroupement.\",\"potentialAction\":[{\"@type\":\"SearchAction\",\"target\":{\"@type\":\"EntryPoint\",\"urlTemplate\":\"https:\/\/coalitionfemmesab.ca\/?s={search_term_string}\"},\"query-input\":{\"@type\":\"PropertyValueSpecification\",\"valueRequired\":true,\"valueName\":\"search_term_string\"}}],\"inLanguage\":\"en-US\"}]}<\/script>\n<!-- \/ Yoast SEO plugin. -->","yoast_head_json":{"title":"S'informer - Coalition des femmes de l&#039;Alberta","robots":{"index":"index","follow":"follow","max-snippet":"max-snippet:-1","max-image-preview":"max-image-preview:large","max-video-preview":"max-video-preview:-1"},"canonical":"https:\/\/coalitionfemmesab.ca\/en\/sinformer\/","og_locale":"en_US","og_type":"article","og_title":"S'informer - Coalition des femmes de l&#039;Alberta","og_description":"S&rsquo;informer Pour avoir plus d&rsquo;informations utiles Baladodiffusions En parall\u00e8le des formations propos\u00e9es aux Personnes Aidantes, la Coalition des Femmes de l\u2019Alberta, et son partenaire Radio Cit\u00e9 d\u00e9voilent des baladodiffusions mensuelles consacr\u00e9e au mieux-\u00eatre. Retrouvez ces baladodiffusions sur les ondes de Radio Cit\u00e9 (97.9) chaque 8 du mois, sur nos r\u00e9seaux sociaux Facebook &amp; Twitter ou [&hellip;]","og_url":"https:\/\/coalitionfemmesab.ca\/en\/sinformer\/","og_site_name":"Coalition des femmes de l&#039;Alberta","article_modified_time":"2025-03-16T23:56:58+00:00","og_image":[{"url":"https:\/\/coalitionfemmesab.ca\/wp-content\/uploads\/2025\/03\/Balado1-1.gif","type":"","width":"","height":""}],"twitter_card":"summary_large_image","twitter_misc":{"Est. reading time":"2 minutes"},"schema":{"@context":"https:\/\/schema.org","@graph":[{"@type":"WebPage","@id":"https:\/\/coalitionfemmesab.ca\/sinformer\/","url":"https:\/\/coalitionfemmesab.ca\/sinformer\/","name":"S'informer - Coalition des femmes de l&#039;Alberta","isPartOf":{"@id":"https:\/\/coalitionfemmesab.ca\/#website"},"primaryImageOfPage":{"@id":"https:\/\/coalitionfemmesab.ca\/sinformer\/#primaryimage"},"image":{"@id":"https:\/\/coalitionfemmesab.ca\/sinformer\/#primaryimage"},"thumbnailUrl":"https:\/\/coalitionfemmesab.ca\/wp-content\/uploads\/2025\/03\/Balado1-1.gif","datePublished":"2025-02-18T02:13:15+00:00","dateModified":"2025-03-16T23:56:58+00:00","breadcrumb":{"@id":"https:\/\/coalitionfemmesab.ca\/sinformer\/#breadcrumb"},"inLanguage":"en-US","potentialAction":[{"@type":"ReadAction","target":["https:\/\/coalitionfemmesab.ca\/sinformer\/"]}]},{"@type":"ImageObject","inLanguage":"en-US","@id":"https:\/\/coalitionfemmesab.ca\/sinformer\/#primaryimage","url":"https:\/\/coalitionfemmesab.ca\/wp-content\/uploads\/2025\/03\/Balado1-1.gif","contentUrl":"https:\/\/coalitionfemmesab.ca\/wp-content\/uploads\/2025\/03\/Balado1-1.gif"},{"@type":"BreadcrumbList","@id":"https:\/\/coalitionfemmesab.ca\/sinformer\/#breadcrumb","itemListElement":[{"@type":"ListItem","position":1,"name":"Accueil","item":"https:\/\/coalitionfemmesab.ca\/"},{"@type":"ListItem","position":2,"name":"S&rsquo;informer"}]},{"@type":"WebSite","@id":"https:\/\/coalitionfemmesab.ca\/#website","url":"https:\/\/coalitionfemmesab.ca\/","name":"Coalition des femmes de l&#039;Alberta","description":"La mission de l\u2019organisme est d\u2019appuyer et de repr\u00e9senter les femmes parlant fran\u00e7ais, de faire valoir leurs droits et leurs int\u00e9r\u00eats et de faciliter leur regroupement.","potentialAction":[{"@type":"SearchAction","target":{"@type":"EntryPoint","urlTemplate":"https:\/\/coalitionfemmesab.ca\/?s={search_term_string}"},"query-input":{"@type":"PropertyValueSpecification","valueRequired":true,"valueName":"search_term_string"}}],"inLanguage":"en-US"}]}},"_links":{"self":[{"href":"http:\/\/coalitionfemmesab.ca\/en\/wp-json\/wp\/v2\/pages\/22035","targetHints":{"allow":["GET"]}}],"collection":[{"href":"http:\/\/coalitionfemmesab.ca\/en\/wp-json\/wp\/v2\/pages"}],"about":[{"href":"http:\/\/coalitionfemmesab.ca\/en\/wp-json\/wp\/v2\/types\/page"}],"author":[{"embeddable":true,"href":"http:\/\/coalitionfemmesab.ca\/en\/wp-json\/wp\/v2\/users\/129"}],"replies":[{"embeddable":true,"href":"http:\/\/coalitionfemmesab.ca\/en\/wp-json\/wp\/v2\/comments?post=22035"}],"version-history":[{"count":49,"href":"http:\/\/coalitionfemmesab.ca\/en\/wp-json\/wp\/v2\/pages\/22035\/revisions"}],"predecessor-version":[{"id":23009,"href":"http:\/\/coalitionfemmesab.ca\/en\/wp-json\/wp\/v2\/pages\/22035\/revisions\/23009"}],"wp:attachment":[{"href":"http:\/\/coalitionfemmesab.ca\/en\/wp-json\/wp\/v2\/media?parent=22035"}],"curies":[{"name":"wp","href":"https:\/\/api.w.org\/{rel}","templated":true}]}}