{"id":22040,"date":"2025-02-18T02:14:08","date_gmt":"2025-02-18T02:14:08","guid":{"rendered":"https:\/\/coalitionfemmesab.ca\/temp-coalition\/?page_id=22040"},"modified":"2025-03-14T03:16:15","modified_gmt":"2025-03-14T03:16:15","slug":"archives","status":"publish","type":"page","link":"http:\/\/coalitionfemmesab.ca\/en\/archives\/","title":{"rendered":"Archives"},"content":{"rendered":"<div data-elementor-type=\"wp-page\" data-elementor-id=\"22040\" class=\"elementor elementor-22040\" data-elementor-post-type=\"page\">\n\t\t\t\t\t\t<section class=\"elementor-section elementor-top-section elementor-element elementor-element-302fbc41 elementor-section-boxed elementor-section-height-default elementor-section-height-default\" data-id=\"302fbc41\" data-element_type=\"section\" data-settings=\"{&quot;background_background&quot;:&quot;classic&quot;}\">\n\t\t\t\t\t\t<div class=\"elementor-container elementor-column-gap-extended\">\n\t\t\t\t\t<div class=\"elementor-column elementor-col-100 elementor-top-column elementor-element elementor-element-344b0550\" data-id=\"344b0550\" data-element_type=\"column\">\n\t\t\t<div class=\"elementor-widget-wrap elementor-element-populated\">\n\t\t\t\t\t\t<div class=\"elementor-element elementor-element-8ce25c7 elementor-widget elementor-widget-heading\" data-id=\"8ce25c7\" data-element_type=\"widget\" data-widget_type=\"heading.default\">\n\t\t\t\t<div class=\"elementor-widget-container\">\n\t\t\t\t\t<h5 class=\"elementor-heading-title elementor-size-default\">Archives<\/h5>\t\t\t\t<\/div>\n\t\t\t\t<\/div>\n\t\t\t\t<div class=\"elementor-element elementor-element-a5b2b48 elementor-widget elementor-widget-heading\" data-id=\"a5b2b48\" data-element_type=\"widget\" data-widget_type=\"heading.default\">\n\t\t\t\t<div class=\"elementor-widget-container\">\n\t\t\t\t\t<p class=\"elementor-heading-title elementor-size-default\">Nos activit\u00e9s pass\u00e9es<\/p>\t\t\t\t<\/div>\n\t\t\t\t<\/div>\n\t\t\t\t<div class=\"elementor-element elementor-element-8c7d6b0 elementor-align-center elementor-widget__width-auto elementor-absolute e-transform elementor-widget elementor-widget-breadcrumbs\" data-id=\"8c7d6b0\" data-element_type=\"widget\" data-settings=\"{&quot;_position&quot;:&quot;absolute&quot;,&quot;_transform_translateX_effect&quot;:{&quot;unit&quot;:&quot;%&quot;,&quot;size&quot;:-50,&quot;sizes&quot;:[]},&quot;_transform_translateX_effect_tablet&quot;:{&quot;unit&quot;:&quot;%&quot;,&quot;size&quot;:&quot;&quot;,&quot;sizes&quot;:[]},&quot;_transform_translateX_effect_mobile&quot;:{&quot;unit&quot;:&quot;%&quot;,&quot;size&quot;:&quot;&quot;,&quot;sizes&quot;:[]},&quot;_transform_translateY_effect&quot;:{&quot;unit&quot;:&quot;px&quot;,&quot;size&quot;:&quot;&quot;,&quot;sizes&quot;:[]},&quot;_transform_translateY_effect_tablet&quot;:{&quot;unit&quot;:&quot;px&quot;,&quot;size&quot;:&quot;&quot;,&quot;sizes&quot;:[]},&quot;_transform_translateY_effect_mobile&quot;:{&quot;unit&quot;:&quot;px&quot;,&quot;size&quot;:&quot;&quot;,&quot;sizes&quot;:[]}}\" data-widget_type=\"breadcrumbs.default\">\n\t\t\t\t<div class=\"elementor-widget-container\">\n\t\t\t\t\t<nav id=\"breadcrumbs\"><span><span><a href=\"https:\/\/coalitionfemmesab.ca\/en\/\">Accueil<\/a><\/span><\/span><\/nav>\t\t\t\t<\/div>\n\t\t\t\t<\/div>\n\t\t\t\t\t<\/div>\n\t\t<\/div>\n\t\t\t\t\t<\/div>\n\t\t<\/section>\n\t\t\t\t<section class=\"elementor-section elementor-top-section elementor-element elementor-element-ac8e392 elementor-section-boxed elementor-section-height-default elementor-section-height-default\" data-id=\"ac8e392\" data-element_type=\"section\">\n\t\t\t\t\t\t<div class=\"elementor-container elementor-column-gap-default\">\n\t\t\t\t\t<div class=\"elementor-column elementor-col-100 elementor-top-column elementor-element elementor-element-3a19817\" data-id=\"3a19817\" data-element_type=\"column\">\n\t\t\t<div class=\"elementor-widget-wrap elementor-element-populated\">\n\t\t\t\t\t\t<div class=\"elementor-element elementor-element-b3fe54e elementor-grid-4 elementor-grid-tablet-2 elementor-grid-mobile-1 elementor-widget elementor-widget-be-posts\" data-id=\"b3fe54e\" data-element_type=\"widget\" data-widget_type=\"be-posts.default\">\n\t\t\t\t<div class=\"elementor-widget-container\">\n\t\t\t\t\t\t\t\t<div class=\"elementor-grid elementor-posts--default\">\n\t\t\t\t\t<article id=\"post-1783\" class=\"elementor-post post-1783 post type-post status-publish format-standard has-post-thumbnail hentry category-violence tag-events tag-support tag-volunteer entry\">\n\t\t\t\t\t\t\t\t\t<div class=\"elementor-post__thumbnail\">\n\t\t\t\t\t\t<img fetchpriority=\"high\" decoding=\"async\" width=\"212\" height=\"300\" src=\"https:\/\/coalitionfemmesab.ca\/wp-content\/uploads\/2022\/07\/Image5-212x300.jpg\" class=\"attachment-medium size-medium wp-post-image\" alt=\"\" srcset=\"https:\/\/coalitionfemmesab.ca\/wp-content\/uploads\/2022\/07\/Image5-212x300.jpg 212w, https:\/\/coalitionfemmesab.ca\/wp-content\/uploads\/2022\/07\/Image5.jpg 400w\" sizes=\"(max-width: 34.9rem) calc(100vw - 2rem), (max-width: 53rem) calc(8 * (100vw \/ 12)), (min-width: 53rem) calc(6 * (100vw \/ 12)), 100vw\" \/>\n\t\t\t\t\t\t\t\t\t\t\t<\/div>\n\t\t\t\t\n\t\t\t\t<div class=\"elementor-post__content\">\n\t\t\t\t\t\t\t\t\t\t\t<div class=\"elementor-post__cat-links\"><a href=\"http:\/\/coalitionfemmesab.ca\/en\/category\/violence\/\" rel=\"category tag\">Violence<\/a><\/div>\n\t\t\t\t\t\n\t\t\t\t\t<h3 class=\"elementor-post__title\"><a href=\"http:\/\/coalitionfemmesab.ca\/en\/prevention-de-la-violence-domestique-envers-les-femmes-pvf\/\">PR\u00c9VENTION DE LA VIOLENCE DOMESTIQUE ENVERS LES FEMMES (PVF)<\/a><\/h3>\n\t\t\t\t\t\t\t\t\t\t\t<ul class=\"elementor-post__meta\">\n\t\t\t\t      <li>\n\t\t\t\t        <time class=\"entry-date published\" datetime=\"2020-09-23T12:10:00-06:00\"><a href=\"http:\/\/coalitionfemmesab.ca\/en\/prevention-de-la-violence-domestique-envers-les-femmes-pvf\/\" rel=\"bookmark\">September 23, 2020<\/a><\/time>\n\t\t\t\t      <\/li>\n\t\t\t\t      <li>\n\t\t\t\t\t\t\t\t<span>by <\/span><a class=\"url fn n\" href=\"http:\/\/coalitionfemmesab.ca\/en\/author\/editeur-coalitionfemmesab\/\">coalitionfemmes AB<\/a>\t\t\t\t      <\/li>\n\t\t\t\t    <\/ul>\n\t\t\t\t\t\n\t\t\t\t\t\t\t\t\t\t\t<div class=\"elementor-post__excerpt\">\n\t\t\t\t\t\t\tLa violence constitue une grave atteinte aux droits fondamentaux. Aucun\t\t\t\t\t\t<\/div>\n\t\t\t\t\t\n\t\t\t\t\t<a class=\"elementor-post__read-more\" href=\"http:\/\/coalitionfemmesab.ca\/en\/prevention-de-la-violence-domestique-envers-les-femmes-pvf\/\">Article complet \u00bb<\/a>\t\t\t\t<\/div>\n\t\t\t<\/article>\n\t\t\t\t\t<article id=\"post-20435\" class=\"elementor-post post-20435 post type-post status-publish format-standard has-post-thumbnail hentry category-mamans category-violence tag-donation tag-political entry\">\n\t\t\t\t\t\t\t\t\t<div class=\"elementor-post__thumbnail\">\n\t\t\t\t\t\t<img decoding=\"async\" width=\"300\" height=\"162\" src=\"https:\/\/coalitionfemmesab.ca\/wp-content\/uploads\/2022\/05\/fullsizeoutput_5-300x162.jpeg\" class=\"attachment-medium size-medium wp-post-image\" alt=\"\" srcset=\"https:\/\/coalitionfemmesab.ca\/wp-content\/uploads\/2022\/05\/fullsizeoutput_5-300x162.jpeg 300w, https:\/\/coalitionfemmesab.ca\/wp-content\/uploads\/2022\/05\/fullsizeoutput_5-768x415.jpeg 768w, https:\/\/coalitionfemmesab.ca\/wp-content\/uploads\/2022\/05\/fullsizeoutput_5-600x324.jpeg 600w, https:\/\/coalitionfemmesab.ca\/wp-content\/uploads\/2022\/05\/fullsizeoutput_5.jpeg 881w\" sizes=\"(max-width: 34.9rem) calc(100vw - 2rem), (max-width: 53rem) calc(8 * (100vw \/ 12)), (min-width: 53rem) calc(6 * (100vw \/ 12)), 100vw\" \/>\n\t\t\t\t\t\t\t\t\t\t\t<\/div>\n\t\t\t\t\n\t\t\t\t<div class=\"elementor-post__content\">\n\t\t\t\t\t\t\t\t\t\t\t<div class=\"elementor-post__cat-links\"><a href=\"http:\/\/coalitionfemmesab.ca\/en\/category\/mamans\/\" rel=\"category tag\">Mamans<\/a>, <a href=\"http:\/\/coalitionfemmesab.ca\/en\/category\/violence\/\" rel=\"category tag\">Violence<\/a><\/div>\n\t\t\t\t\t\n\t\t\t\t\t<h3 class=\"elementor-post__title\"><a href=\"http:\/\/coalitionfemmesab.ca\/en\/forum-generationelles\/\">FORUM G\u00c9N\u00c9RATION\u2019ELLES<\/a><\/h3>\n\t\t\t\t\t\t\t\t\t\t\t<ul class=\"elementor-post__meta\">\n\t\t\t\t      <li>\n\t\t\t\t        <time class=\"entry-date published\" datetime=\"2020-09-17T17:32:12-06:00\"><a href=\"http:\/\/coalitionfemmesab.ca\/en\/forum-generationelles\/\" rel=\"bookmark\">September 17, 2020<\/a><\/time>\n\t\t\t\t      <\/li>\n\t\t\t\t      <li>\n\t\t\t\t\t\t\t\t<span>by <\/span><a class=\"url fn n\" href=\"http:\/\/coalitionfemmesab.ca\/en\/author\/editeur-coalitionfemmesab\/\">coalitionfemmes AB<\/a>\t\t\t\t      <\/li>\n\t\t\t\t    <\/ul>\n\t\t\t\t\t\n\t\t\t\t\t\t\t\t\t\t\t<div class=\"elementor-post__excerpt\">\n\t\t\t\t\t\t\tForum g\u00e9n\u00e9ration&rsquo;Elles Chaque ann\u00e9e, la Coalition des femmes de l\u2019Alberta\t\t\t\t\t\t<\/div>\n\t\t\t\t\t\n\t\t\t\t\t<a class=\"elementor-post__read-more\" href=\"http:\/\/coalitionfemmesab.ca\/en\/forum-generationelles\/\">Article complet \u00bb<\/a>\t\t\t\t<\/div>\n\t\t\t<\/article>\n\t\t\t\t\t<\/div>\n\t\t\t\t<nav class=\"elementor-pagination\" role=\"navigation\">\n\t\t\t<div class=\"nav-links\">\n\t\t\t\t\t\t\t<\/div>\n\t\t<\/nav>\n\t\t\t\t\t\t<\/div>\n\t\t\t\t<\/div>\n\t\t\t\t\t<\/div>\n\t\t<\/div>\n\t\t\t\t\t<\/div>\n\t\t<\/section>\n\t\t\t\t<\/div>","protected":false},"excerpt":{"rendered":"<p>Archives Nos activit\u00e9s pass\u00e9es 0 Helping, Sports Breaking Barriers: Empowering Women in Sports juin 11, 2023 by CDFA Lorem ipsum dolor sit amet, consectetur adipiscing elit, sed do Article complet \u00bb 0 Enviroment, Sports Wine and food pairing perfection: Elevate your dining experience avril 11, 2023 by CDFA Lorem ipsum dolor sit amet, consectetur adipiscing [&hellip;]<\/p>","protected":false},"author":129,"featured_media":0,"parent":0,"menu_order":0,"comment_status":"closed","ping_status":"closed","template":"elementor_header_footer","meta":{"_acf_changed":false,"footnotes":""},"class_list":["post-22040","page","type-page","status-publish","hentry","entry"],"acf":[],"yoast_head":"<!-- This site is optimized with the Yoast SEO plugin v26.8 - https:\/\/yoast.com\/product\/yoast-seo-wordpress\/ -->\n<title>Archives - Coalition des femmes de l&#039;Alberta<\/title>\n<meta name=\"robots\" content=\"index, follow, max-snippet:-1, max-image-preview:large, max-video-preview:-1\" \/>\n<link rel=\"canonical\" href=\"https:\/\/coalitionfemmesab.ca\/en\/archives\/\" \/>\n<meta property=\"og:locale\" content=\"en_US\" \/>\n<meta property=\"og:type\" content=\"article\" \/>\n<meta property=\"og:title\" content=\"Archives - Coalition des femmes de l&#039;Alberta\" \/>\n<meta property=\"og:description\" content=\"Archives Nos activit\u00e9s pass\u00e9es 0 Helping, Sports Breaking Barriers: Empowering Women in Sports juin 11, 2023 by CDFA Lorem ipsum dolor sit amet, consectetur adipiscing elit, sed do Article complet \u00bb 0 Enviroment, Sports Wine and food pairing perfection: Elevate your dining experience avril 11, 2023 by CDFA Lorem ipsum dolor sit amet, consectetur adipiscing [&hellip;]\" \/>\n<meta property=\"og:url\" content=\"https:\/\/coalitionfemmesab.ca\/en\/archives\/\" \/>\n<meta property=\"og:site_name\" content=\"Coalition des femmes de l&#039;Alberta\" \/>\n<meta property=\"article:modified_time\" content=\"2025-03-14T03:16:15+00:00\" \/>\n<meta property=\"og:image\" content=\"https:\/\/coalitionfemmesab.ca\/wp-content\/uploads\/2023\/06\/sw-post-1-min-300x200.jpg\" \/>\n<meta name=\"twitter:card\" content=\"summary_large_image\" \/>\n<meta name=\"twitter:label1\" content=\"Est. reading time\" \/>\n\t<meta name=\"twitter:data1\" content=\"1 minute\" \/>\n<script type=\"application\/ld+json\" class=\"yoast-schema-graph\">{\"@context\":\"https:\/\/schema.org\",\"@graph\":[{\"@type\":\"WebPage\",\"@id\":\"https:\/\/coalitionfemmesab.ca\/archives\/\",\"url\":\"https:\/\/coalitionfemmesab.ca\/archives\/\",\"name\":\"Archives - Coalition des femmes de l&#039;Alberta\",\"isPartOf\":{\"@id\":\"https:\/\/coalitionfemmesab.ca\/#website\"},\"primaryImageOfPage\":{\"@id\":\"https:\/\/coalitionfemmesab.ca\/archives\/#primaryimage\"},\"image\":{\"@id\":\"https:\/\/coalitionfemmesab.ca\/archives\/#primaryimage\"},\"thumbnailUrl\":\"https:\/\/coalitionfemmesab.ca\/wp-content\/uploads\/2023\/06\/sw-post-1-min-300x200.jpg\",\"datePublished\":\"2025-02-18T02:14:08+00:00\",\"dateModified\":\"2025-03-14T03:16:15+00:00\",\"breadcrumb\":{\"@id\":\"https:\/\/coalitionfemmesab.ca\/archives\/#breadcrumb\"},\"inLanguage\":\"en-US\",\"potentialAction\":[{\"@type\":\"ReadAction\",\"target\":[\"https:\/\/coalitionfemmesab.ca\/archives\/\"]}]},{\"@type\":\"ImageObject\",\"inLanguage\":\"en-US\",\"@id\":\"https:\/\/coalitionfemmesab.ca\/archives\/#primaryimage\",\"url\":\"https:\/\/coalitionfemmesab.ca\/wp-content\/uploads\/2023\/06\/sw-post-1-min-300x200.jpg\",\"contentUrl\":\"https:\/\/coalitionfemmesab.ca\/wp-content\/uploads\/2023\/06\/sw-post-1-min-300x200.jpg\"},{\"@type\":\"BreadcrumbList\",\"@id\":\"https:\/\/coalitionfemmesab.ca\/archives\/#breadcrumb\",\"itemListElement\":[{\"@type\":\"ListItem\",\"position\":1,\"name\":\"Accueil\",\"item\":\"https:\/\/coalitionfemmesab.ca\/\"},{\"@type\":\"ListItem\",\"position\":2,\"name\":\"Archives\"}]},{\"@type\":\"WebSite\",\"@id\":\"https:\/\/coalitionfemmesab.ca\/#website\",\"url\":\"https:\/\/coalitionfemmesab.ca\/\",\"name\":\"Coalition des femmes de l&#039;Alberta\",\"description\":\"La mission de l\u2019organisme est d\u2019appuyer et de repr\u00e9senter les femmes parlant fran\u00e7ais, de faire valoir leurs droits et leurs int\u00e9r\u00eats et de faciliter leur regroupement.\",\"potentialAction\":[{\"@type\":\"SearchAction\",\"target\":{\"@type\":\"EntryPoint\",\"urlTemplate\":\"https:\/\/coalitionfemmesab.ca\/?s={search_term_string}\"},\"query-input\":{\"@type\":\"PropertyValueSpecification\",\"valueRequired\":true,\"valueName\":\"search_term_string\"}}],\"inLanguage\":\"en-US\"}]}<\/script>\n<!-- \/ Yoast SEO plugin. -->","yoast_head_json":{"title":"Archives - Coalition des femmes de l&#039;Alberta","robots":{"index":"index","follow":"follow","max-snippet":"max-snippet:-1","max-image-preview":"max-image-preview:large","max-video-preview":"max-video-preview:-1"},"canonical":"https:\/\/coalitionfemmesab.ca\/en\/archives\/","og_locale":"en_US","og_type":"article","og_title":"Archives - Coalition des femmes de l&#039;Alberta","og_description":"Archives Nos activit\u00e9s pass\u00e9es 0 Helping, Sports Breaking Barriers: Empowering Women in Sports juin 11, 2023 by CDFA Lorem ipsum dolor sit amet, consectetur adipiscing elit, sed do Article complet \u00bb 0 Enviroment, Sports Wine and food pairing perfection: Elevate your dining experience avril 11, 2023 by CDFA Lorem ipsum dolor sit amet, consectetur adipiscing [&hellip;]","og_url":"https:\/\/coalitionfemmesab.ca\/en\/archives\/","og_site_name":"Coalition des femmes de l&#039;Alberta","article_modified_time":"2025-03-14T03:16:15+00:00","og_image":[{"url":"https:\/\/coalitionfemmesab.ca\/wp-content\/uploads\/2023\/06\/sw-post-1-min-300x200.jpg","type":"","width":"","height":""}],"twitter_card":"summary_large_image","twitter_misc":{"Est. reading time":"1 minute"},"schema":{"@context":"https:\/\/schema.org","@graph":[{"@type":"WebPage","@id":"https:\/\/coalitionfemmesab.ca\/archives\/","url":"https:\/\/coalitionfemmesab.ca\/archives\/","name":"Archives - Coalition des femmes de l&#039;Alberta","isPartOf":{"@id":"https:\/\/coalitionfemmesab.ca\/#website"},"primaryImageOfPage":{"@id":"https:\/\/coalitionfemmesab.ca\/archives\/#primaryimage"},"image":{"@id":"https:\/\/coalitionfemmesab.ca\/archives\/#primaryimage"},"thumbnailUrl":"https:\/\/coalitionfemmesab.ca\/wp-content\/uploads\/2023\/06\/sw-post-1-min-300x200.jpg","datePublished":"2025-02-18T02:14:08+00:00","dateModified":"2025-03-14T03:16:15+00:00","breadcrumb":{"@id":"https:\/\/coalitionfemmesab.ca\/archives\/#breadcrumb"},"inLanguage":"en-US","potentialAction":[{"@type":"ReadAction","target":["https:\/\/coalitionfemmesab.ca\/archives\/"]}]},{"@type":"ImageObject","inLanguage":"en-US","@id":"https:\/\/coalitionfemmesab.ca\/archives\/#primaryimage","url":"https:\/\/coalitionfemmesab.ca\/wp-content\/uploads\/2023\/06\/sw-post-1-min-300x200.jpg","contentUrl":"https:\/\/coalitionfemmesab.ca\/wp-content\/uploads\/2023\/06\/sw-post-1-min-300x200.jpg"},{"@type":"BreadcrumbList","@id":"https:\/\/coalitionfemmesab.ca\/archives\/#breadcrumb","itemListElement":[{"@type":"ListItem","position":1,"name":"Accueil","item":"https:\/\/coalitionfemmesab.ca\/"},{"@type":"ListItem","position":2,"name":"Archives"}]},{"@type":"WebSite","@id":"https:\/\/coalitionfemmesab.ca\/#website","url":"https:\/\/coalitionfemmesab.ca\/","name":"Coalition des femmes de l&#039;Alberta","description":"La mission de l\u2019organisme est d\u2019appuyer et de repr\u00e9senter les femmes parlant fran\u00e7ais, de faire valoir leurs droits et leurs int\u00e9r\u00eats et de faciliter leur regroupement.","potentialAction":[{"@type":"SearchAction","target":{"@type":"EntryPoint","urlTemplate":"https:\/\/coalitionfemmesab.ca\/?s={search_term_string}"},"query-input":{"@type":"PropertyValueSpecification","valueRequired":true,"valueName":"search_term_string"}}],"inLanguage":"en-US"}]}},"_links":{"self":[{"href":"http:\/\/coalitionfemmesab.ca\/en\/wp-json\/wp\/v2\/pages\/22040","targetHints":{"allow":["GET"]}}],"collection":[{"href":"http:\/\/coalitionfemmesab.ca\/en\/wp-json\/wp\/v2\/pages"}],"about":[{"href":"http:\/\/coalitionfemmesab.ca\/en\/wp-json\/wp\/v2\/types\/page"}],"author":[{"embeddable":true,"href":"http:\/\/coalitionfemmesab.ca\/en\/wp-json\/wp\/v2\/users\/129"}],"replies":[{"embeddable":true,"href":"http:\/\/coalitionfemmesab.ca\/en\/wp-json\/wp\/v2\/comments?post=22040"}],"version-history":[{"count":7,"href":"http:\/\/coalitionfemmesab.ca\/en\/wp-json\/wp\/v2\/pages\/22040\/revisions"}],"predecessor-version":[{"id":22418,"href":"http:\/\/coalitionfemmesab.ca\/en\/wp-json\/wp\/v2\/pages\/22040\/revisions\/22418"}],"wp:attachment":[{"href":"http:\/\/coalitionfemmesab.ca\/en\/wp-json\/wp\/v2\/media?parent=22040"}],"curies":[{"name":"wp","href":"https:\/\/api.w.org\/{rel}","templated":true}]}}