{"id":22025,"date":"2025-02-18T02:10:42","date_gmt":"2025-02-18T02:10:42","guid":{"rendered":"https:\/\/coalitionfemmesab.ca\/temp-coalition\/?page_id=22025"},"modified":"2025-12-26T13:18:54","modified_gmt":"2025-12-26T20:18:54","slug":"devenir-commanditaire","status":"publish","type":"page","link":"https:\/\/coalitionfemmesab.ca\/en\/devenir-commanditaire\/","title":{"rendered":"Commanditaire"},"content":{"rendered":"<div data-elementor-type=\"wp-page\" data-elementor-id=\"22025\" class=\"elementor elementor-22025\" data-elementor-post-type=\"page\">\n\t\t\t\t\t\t<section class=\"elementor-section elementor-top-section elementor-element elementor-element-46952d28 elementor-section-boxed elementor-section-height-default elementor-section-height-default\" data-id=\"46952d28\" data-element_type=\"section\" data-settings=\"{&quot;background_background&quot;:&quot;classic&quot;}\">\n\t\t\t\t\t\t<div class=\"elementor-container elementor-column-gap-extended\">\n\t\t\t\t\t<div class=\"elementor-column elementor-col-100 elementor-top-column elementor-element elementor-element-3aef4e97\" data-id=\"3aef4e97\" data-element_type=\"column\">\n\t\t\t<div class=\"elementor-widget-wrap elementor-element-populated\">\n\t\t\t\t\t\t<div class=\"elementor-element elementor-element-3311d3af elementor-widget elementor-widget-heading\" data-id=\"3311d3af\" data-element_type=\"widget\" data-widget_type=\"heading.default\">\n\t\t\t\t<div class=\"elementor-widget-container\">\n\t\t\t\t\t<h5 class=\"elementor-heading-title elementor-size-default\">Devenir commanditaire<\/h5>\t\t\t\t<\/div>\n\t\t\t\t<\/div>\n\t\t\t\t<div class=\"elementor-element elementor-element-12b86379 elementor-widget elementor-widget-heading\" data-id=\"12b86379\" data-element_type=\"widget\" data-widget_type=\"heading.default\">\n\t\t\t\t<div class=\"elementor-widget-container\">\n\t\t\t\t\t<p class=\"elementor-heading-title elementor-size-default\">Implication financi\u00e8re et avantages<\/p>\t\t\t\t<\/div>\n\t\t\t\t<\/div>\n\t\t\t\t<div class=\"elementor-element elementor-element-1286826f elementor-align-center elementor-widget__width-auto elementor-absolute e-transform elementor-widget elementor-widget-breadcrumbs\" data-id=\"1286826f\" data-element_type=\"widget\" data-settings=\"{&quot;_position&quot;:&quot;absolute&quot;,&quot;_transform_translateX_effect&quot;:{&quot;unit&quot;:&quot;%&quot;,&quot;size&quot;:-50,&quot;sizes&quot;:[]},&quot;_transform_translateX_effect_tablet&quot;:{&quot;unit&quot;:&quot;%&quot;,&quot;size&quot;:&quot;&quot;,&quot;sizes&quot;:[]},&quot;_transform_translateX_effect_mobile&quot;:{&quot;unit&quot;:&quot;%&quot;,&quot;size&quot;:&quot;&quot;,&quot;sizes&quot;:[]},&quot;_transform_translateY_effect&quot;:{&quot;unit&quot;:&quot;px&quot;,&quot;size&quot;:&quot;&quot;,&quot;sizes&quot;:[]},&quot;_transform_translateY_effect_tablet&quot;:{&quot;unit&quot;:&quot;px&quot;,&quot;size&quot;:&quot;&quot;,&quot;sizes&quot;:[]},&quot;_transform_translateY_effect_mobile&quot;:{&quot;unit&quot;:&quot;px&quot;,&quot;size&quot;:&quot;&quot;,&quot;sizes&quot;:[]}}\" data-widget_type=\"breadcrumbs.default\">\n\t\t\t\t<div class=\"elementor-widget-container\">\n\t\t\t\t\t<nav id=\"breadcrumbs\"><span><span><a href=\"https:\/\/coalitionfemmesab.ca\/en\/\">Accueil<\/a><\/span><\/span><\/nav>\t\t\t\t<\/div>\n\t\t\t\t<\/div>\n\t\t\t\t\t<\/div>\n\t\t<\/div>\n\t\t\t\t\t<\/div>\n\t\t<\/section>\n\t\t\t\t<section class=\"elementor-section elementor-top-section elementor-element elementor-element-7bf7e96 elementor-section-boxed elementor-section-height-default elementor-section-height-default\" data-id=\"7bf7e96\" data-element_type=\"section\">\n\t\t\t\t\t\t<div class=\"elementor-container elementor-column-gap-default\">\n\t\t\t\t\t<div class=\"elementor-column elementor-col-100 elementor-top-column elementor-element elementor-element-ca7e3c9\" data-id=\"ca7e3c9\" data-element_type=\"column\">\n\t\t\t<div class=\"elementor-widget-wrap elementor-element-populated\">\n\t\t\t\t\t\t<div class=\"elementor-element elementor-element-605405b elementor-widget elementor-widget-spacer\" data-id=\"605405b\" data-element_type=\"widget\" data-widget_type=\"spacer.default\">\n\t\t\t\t<div class=\"elementor-widget-container\">\n\t\t\t\t\t\t\t<div class=\"elementor-spacer\">\n\t\t\t<div class=\"elementor-spacer-inner\"><\/div>\n\t\t<\/div>\n\t\t\t\t\t\t<\/div>\n\t\t\t\t<\/div>\n\t\t\t\t\t<\/div>\n\t\t<\/div>\n\t\t\t\t\t<\/div>\n\t\t<\/section>\n\t\t\t\t<section class=\"elementor-section elementor-top-section elementor-element elementor-element-ef8843f elementor-section-boxed elementor-section-height-default elementor-section-height-default\" data-id=\"ef8843f\" data-element_type=\"section\">\n\t\t\t\t\t\t<div class=\"elementor-container elementor-column-gap-default\">\n\t\t\t\t\t<div class=\"elementor-column elementor-col-100 elementor-top-column elementor-element elementor-element-835b041\" data-id=\"835b041\" data-element_type=\"column\">\n\t\t\t<div class=\"elementor-widget-wrap elementor-element-populated\">\n\t\t\t\t\t\t<div class=\"elementor-element elementor-element-834dea0 elementor-invisible elementor-widget elementor-widget-heading\" data-id=\"834dea0\" data-element_type=\"widget\" data-settings=\"{&quot;_animation&quot;:&quot;fadeInUp&quot;}\" data-widget_type=\"heading.default\">\n\t\t\t\t<div class=\"elementor-widget-container\">\n\t\t\t\t\t<h2 class=\"elementor-heading-title elementor-size-default\">Soutenez la Coalition des Femmes de l'Alberta, devenez commanditaire<\/h2>\t\t\t\t<\/div>\n\t\t\t\t<\/div>\n\t\t\t\t\t<\/div>\n\t\t<\/div>\n\t\t\t\t\t<\/div>\n\t\t<\/section>\n\t\t\t\t<section class=\"elementor-section elementor-top-section elementor-element elementor-element-4873988 elementor-section-boxed elementor-section-height-default elementor-section-height-default\" data-id=\"4873988\" data-element_type=\"section\">\n\t\t\t\t\t\t<div class=\"elementor-container elementor-column-gap-default\">\n\t\t\t\t\t<div class=\"elementor-column elementor-col-100 elementor-top-column elementor-element elementor-element-8bf7928\" data-id=\"8bf7928\" data-element_type=\"column\">\n\t\t\t<div class=\"elementor-widget-wrap elementor-element-populated\">\n\t\t\t\t\t\t<div class=\"elementor-element elementor-element-d532dd8 elementor-invisible elementor-widget elementor-widget-text-editor\" data-id=\"d532dd8\" data-element_type=\"widget\" data-settings=\"{&quot;_animation&quot;:&quot;fadeInUp&quot;}\" data-widget_type=\"text-editor.default\">\n\t\t\t\t<div class=\"elementor-widget-container\">\n\t\t\t\t\t\t\t\t\t<p>Votre soutien permet de d\u00e9velopper des projets innovants et d\u2019offrir davantage de ressources aux femmes francophones de l\u2019Alberta. Ensemble, faisons une r\u00e9elle diff\u00e9rence!<\/p>\t\t\t\t\t\t\t\t<\/div>\n\t\t\t\t<\/div>\n\t\t\t\t\t<\/div>\n\t\t<\/div>\n\t\t\t\t\t<\/div>\n\t\t<\/section>\n\t\t\t\t<section class=\"elementor-section elementor-top-section elementor-element elementor-element-56719b7 elementor-section-boxed elementor-section-height-default elementor-section-height-default\" data-id=\"56719b7\" data-element_type=\"section\" data-settings=\"{&quot;background_background&quot;:&quot;classic&quot;}\">\n\t\t\t\t\t\t<div class=\"elementor-container elementor-column-gap-default\">\n\t\t\t\t\t<div class=\"elementor-column elementor-col-100 elementor-top-column elementor-element elementor-element-3fa6009\" data-id=\"3fa6009\" data-element_type=\"column\">\n\t\t\t<div class=\"elementor-widget-wrap elementor-element-populated\">\n\t\t\t\t\t\t<section class=\"elementor-section elementor-inner-section elementor-element elementor-element-af99a78 elementor-section-boxed elementor-section-height-default elementor-section-height-default\" data-id=\"af99a78\" data-element_type=\"section\">\n\t\t\t\t\t\t<div class=\"elementor-container elementor-column-gap-default\">\n\t\t\t\t\t<div class=\"elementor-column elementor-col-100 elementor-inner-column elementor-element elementor-element-8c4db63\" data-id=\"8c4db63\" data-element_type=\"column\">\n\t\t\t<div class=\"elementor-widget-wrap elementor-element-populated\">\n\t\t\t\t\t\t<div class=\"elementor-element elementor-element-94e7720 elementor-invisible elementor-widget elementor-widget-heading\" data-id=\"94e7720\" data-element_type=\"widget\" data-settings=\"{&quot;_animation&quot;:&quot;fadeInUp&quot;}\" data-widget_type=\"heading.default\">\n\t\t\t\t<div class=\"elementor-widget-container\">\n\t\t\t\t\t<h2 class=\"elementor-heading-title elementor-size-default\">Pourquoi commanditer nos \u00e9v\u00e9nements?<\/h2>\t\t\t\t<\/div>\n\t\t\t\t<\/div>\n\t\t\t\t<div class=\"elementor-element elementor-element-4a91f78 elementor-widget elementor-widget-spacer\" data-id=\"4a91f78\" data-element_type=\"widget\" data-widget_type=\"spacer.default\">\n\t\t\t\t<div class=\"elementor-widget-container\">\n\t\t\t\t\t\t\t<div class=\"elementor-spacer\">\n\t\t\t<div class=\"elementor-spacer-inner\"><\/div>\n\t\t<\/div>\n\t\t\t\t\t\t<\/div>\n\t\t\t\t<\/div>\n\t\t\t\t\t<\/div>\n\t\t<\/div>\n\t\t\t\t\t<\/div>\n\t\t<\/section>\n\t\t\t\t<section class=\"elementor-section elementor-inner-section elementor-element elementor-element-980cf08 elementor-section-boxed elementor-section-height-default elementor-section-height-default elementor-invisible\" data-id=\"980cf08\" data-element_type=\"section\" data-settings=\"{&quot;animation&quot;:&quot;fadeIn&quot;}\">\n\t\t\t\t\t\t<div class=\"elementor-container elementor-column-gap-default\">\n\t\t\t\t\t<div class=\"elementor-column elementor-col-33 elementor-inner-column elementor-element elementor-element-39a4cbd\" data-id=\"39a4cbd\" data-element_type=\"column\">\n\t\t\t<div class=\"elementor-widget-wrap elementor-element-populated\">\n\t\t\t\t\t\t<div class=\"elementor-element elementor-element-0c6e6d5 elementor-widget elementor-widget-be-image-box\" data-id=\"0c6e6d5\" data-element_type=\"widget\" data-widget_type=\"be-image-box.skin-wilson\">\n\t\t\t\t<div class=\"elementor-widget-container\">\n\t\t\t\t\t\t\t\t<div class=\"elementor-image-box elementor-image-box--skin-wilson\">\n\t\t\t\t<div class=\"elementor-image-box__image\">\n      <div class=\"elementor-image-box__overlay\"><\/div>\n\t\t\t<img decoding=\"async\" src=\"https:\/\/coalitionfemmesab.ca\/wp-content\/uploads\/2025\/03\/Impact-social-2.jpg\" alt=\"\"\/>\t\t<\/div>\n\n\t\t<div class=\"elementor-image-box__content\">\n\t\t\t<h3 class=\"elementor-image-box__title\"><a href=\"\">Impact social<\/a><\/h3><span class=\"elementor-image-box__sub-title\" >affirmez votre engagement<\/span><div class=\"elementor-image-box__desc\">Votre soutien contribue directement \u00e0 un avenir plus \u00e9galitaire et solidaire pour les femmes<\/div>\t\t<\/div>\n\n\t\t\t\t\t<\/div>\n\t\t\t\t\t\t<\/div>\n\t\t\t\t<\/div>\n\t\t\t\t\t<\/div>\n\t\t<\/div>\n\t\t\t\t<div class=\"elementor-column elementor-col-33 elementor-inner-column elementor-element elementor-element-10aa484\" data-id=\"10aa484\" data-element_type=\"column\">\n\t\t\t<div class=\"elementor-widget-wrap elementor-element-populated\">\n\t\t\t\t\t\t<div class=\"elementor-element elementor-element-b09e8d5 elementor-widget elementor-widget-be-image-box\" data-id=\"b09e8d5\" data-element_type=\"widget\" data-widget_type=\"be-image-box.skin-wilson\">\n\t\t\t\t<div class=\"elementor-widget-container\">\n\t\t\t\t\t\t\t\t<div class=\"elementor-image-box elementor-image-box--skin-wilson\">\n\t\t\t\t<div class=\"elementor-image-box__image\">\n      <div class=\"elementor-image-box__overlay\"><\/div>\n\t\t\t<img decoding=\"async\" src=\"https:\/\/coalitionfemmesab.ca\/wp-content\/uploads\/2025\/03\/Visibilite.jpg\" alt=\"\"\/>\t\t<\/div>\n\n\t\t<div class=\"elementor-image-box__content\">\n\t\t\t<h3 class=\"elementor-image-box__title\"><a href=\"\">Visibilit\u00e9<\/a><\/h3><span class=\"elementor-image-box__sub-title\" >pr\u00e9sence sur nos supports<\/span><div class=\"elementor-image-box__desc\">En devenant commanditaire, vous b\u00e9n\u00e9ficiez d\u2019une pr\u00e9sence sur nos supports de communication<\/div>\t\t<\/div>\n\n\t\t\t\t\t<\/div>\n\t\t\t\t\t\t<\/div>\n\t\t\t\t<\/div>\n\t\t\t\t\t<\/div>\n\t\t<\/div>\n\t\t\t\t<div class=\"elementor-column elementor-col-33 elementor-inner-column elementor-element elementor-element-63dfdf8\" data-id=\"63dfdf8\" data-element_type=\"column\">\n\t\t\t<div class=\"elementor-widget-wrap elementor-element-populated\">\n\t\t\t\t\t\t<div class=\"elementor-element elementor-element-3f8f75d elementor-widget elementor-widget-be-image-box\" data-id=\"3f8f75d\" data-element_type=\"widget\" data-widget_type=\"be-image-box.skin-wilson\">\n\t\t\t\t<div class=\"elementor-widget-container\">\n\t\t\t\t\t\t\t\t<div class=\"elementor-image-box elementor-image-box--skin-wilson\">\n\t\t\t\t<div class=\"elementor-image-box__image\">\n      <div class=\"elementor-image-box__overlay\"><\/div>\n\t\t\t<img decoding=\"async\" src=\"https:\/\/coalitionfemmesab.ca\/wp-content\/uploads\/2025\/03\/Collaboration-2.jpg\" alt=\"\"\/>\t\t<\/div>\n\n\t\t<div class=\"elementor-image-box__content\">\n\t\t\t<h3 class=\"elementor-image-box__title\"><a href=\"\">Collaboration<\/a><\/h3><span class=\"elementor-image-box__sub-title\" >co-cr\u00e9er des projets<\/span><div class=\"elementor-image-box__desc\">En tant que commanditaire, vous pouvez co-cr\u00e9er des projets avec la Coalition (workshops, conf\u00e9rences sponsoris\u00e9es, etc.)<\/div>\t\t<\/div>\n\n\t\t\t\t\t<\/div>\n\t\t\t\t\t\t<\/div>\n\t\t\t\t<\/div>\n\t\t\t\t\t<\/div>\n\t\t<\/div>\n\t\t\t\t\t<\/div>\n\t\t<\/section>\n\t\t\t\t\t<\/div>\n\t\t<\/div>\n\t\t\t\t\t<\/div>\n\t\t<\/section>\n\t\t\t\t<section class=\"elementor-section elementor-top-section elementor-element elementor-element-a0bc76a elementor-section-boxed elementor-section-height-default elementor-section-height-default\" data-id=\"a0bc76a\" data-element_type=\"section\">\n\t\t\t\t\t\t<div class=\"elementor-container elementor-column-gap-default\">\n\t\t\t\t\t<div class=\"elementor-column elementor-col-100 elementor-top-column elementor-element elementor-element-0350674\" data-id=\"0350674\" data-element_type=\"column\">\n\t\t\t<div class=\"elementor-widget-wrap\">\n\t\t\t\t\t\t\t<\/div>\n\t\t<\/div>\n\t\t\t\t\t<\/div>\n\t\t<\/section>\n\t\t\t\t<section class=\"elementor-section elementor-top-section elementor-element elementor-element-d83b788 elementor-section-boxed elementor-section-height-default elementor-section-height-default\" data-id=\"d83b788\" data-element_type=\"section\">\n\t\t\t\t\t\t<div class=\"elementor-container elementor-column-gap-default\">\n\t\t\t\t\t<div class=\"elementor-column elementor-col-100 elementor-top-column elementor-element elementor-element-57614fa\" data-id=\"57614fa\" data-element_type=\"column\">\n\t\t\t<div class=\"elementor-widget-wrap elementor-element-populated\">\n\t\t\t\t\t\t<div class=\"elementor-element elementor-element-df6126f elementor-widget elementor-widget-be-image-box\" data-id=\"df6126f\" data-element_type=\"widget\" data-widget_type=\"be-image-box.skin-galloway\">\n\t\t\t\t<div class=\"elementor-widget-container\">\n\t\t\t\t\t\t\t\t<div class=\"elementor-image-box elementor-image-box--skin-galloway\">\n\t\t\n\t\t<div class=\"elementor-image-box__image\">\n      <div class=\"elementor-image-box__overlay\"><\/div>\n\t\t\t<img decoding=\"async\" src=\"https:\/\/coalitionfemmesab.ca\/wp-content\/uploads\/2025\/03\/Commanditaire.jpg\" alt=\"\"\/>\t\t<\/div>\n\n\t\t<div class=\"elementor-image-box__content\">\n\t\t\t<h3 class=\"elementor-image-box__title\"><a href=\"\">Niveaux de commandite<\/a><\/h3><div class=\"elementor-image-box__desc\">En devenant commanditaire, vous contribuez activement au rayonnement des femmes francophones en Alberta. <\/div><a class=\"elementor-image-box__read-more\" href=\"https:\/\/coalitionfemmesab.ca\/wp-content\/uploads\/2025\/03\/PLAN-DE-COMMANDITE-2.pdf\">Devenir commanditaire<\/a>\t\t<\/div>\n\n\t\t\t\t\t<\/div>\n\t\t\t\t\t\t<\/div>\n\t\t\t\t<\/div>\n\t\t\t\t<div class=\"elementor-element elementor-element-c7facdc elementor-widget elementor-widget-spacer\" data-id=\"c7facdc\" data-element_type=\"widget\" data-widget_type=\"spacer.default\">\n\t\t\t\t<div class=\"elementor-widget-container\">\n\t\t\t\t\t\t\t<div class=\"elementor-spacer\">\n\t\t\t<div class=\"elementor-spacer-inner\"><\/div>\n\t\t<\/div>\n\t\t\t\t\t\t<\/div>\n\t\t\t\t<\/div>\n\t\t\t\t\t<\/div>\n\t\t<\/div>\n\t\t\t\t\t<\/div>\n\t\t<\/section>\n\t\t\t\t<\/div>","protected":false},"excerpt":{"rendered":"<p>Devenir commanditaire Implication financi\u00e8re et avantages Soutenez la Coalition des Femmes de l&rsquo;Alberta, devenez commanditaire Votre soutien permet de d\u00e9velopper des projets innovants et d\u2019offrir davantage de ressources aux femmes francophones de l\u2019Alberta. Ensemble, faisons une r\u00e9elle diff\u00e9rence! Pourquoi commanditer nos \u00e9v\u00e9nements? Impact social affirmez votre engagementVotre soutien contribue directement \u00e0 un avenir plus \u00e9galitaire [&hellip;]<\/p>","protected":false},"author":129,"featured_media":0,"parent":0,"menu_order":0,"comment_status":"closed","ping_status":"closed","template":"elementor_header_footer","meta":{"_acf_changed":false,"footnotes":""},"class_list":["post-22025","page","type-page","status-publish","hentry","entry"],"acf":[],"yoast_head":"<!-- This site is optimized with the Yoast SEO plugin v26.8 - https:\/\/yoast.com\/product\/yoast-seo-wordpress\/ -->\n<title>Commanditaire - Coalition des femmes de l&#039;Alberta<\/title>\n<meta name=\"description\" content=\"D\u00e9couvrez comment devenir commanditaire de la Coalition des femmes et soutenir des initiatives en faveur des femmes franco-albertaines.\" \/>\n<meta name=\"robots\" content=\"index, follow, max-snippet:-1, max-image-preview:large, max-video-preview:-1\" \/>\n<link rel=\"canonical\" href=\"https:\/\/coalitionfemmesab.ca\/en\/devenir-commanditaire\/\" \/>\n<meta property=\"og:locale\" content=\"en_US\" \/>\n<meta property=\"og:type\" content=\"article\" \/>\n<meta property=\"og:title\" content=\"Commanditaire - Coalition des femmes de l&#039;Alberta\" \/>\n<meta property=\"og:description\" content=\"D\u00e9couvrez comment devenir commanditaire de la Coalition des femmes et soutenir des initiatives en faveur des femmes franco-albertaines.\" \/>\n<meta property=\"og:url\" content=\"https:\/\/coalitionfemmesab.ca\/en\/devenir-commanditaire\/\" \/>\n<meta property=\"og:site_name\" content=\"Coalition des femmes de l&#039;Alberta\" \/>\n<meta property=\"article:modified_time\" content=\"2025-12-26T20:18:54+00:00\" \/>\n<meta property=\"og:image\" content=\"https:\/\/coalitionfemmesab.ca\/wp-content\/uploads\/2025\/03\/Impact-social-2.jpg\" \/>\n<meta name=\"twitter:card\" content=\"summary_large_image\" \/>\n<meta name=\"twitter:label1\" content=\"Est. reading time\" \/>\n\t<meta name=\"twitter:data1\" content=\"2 minutes\" \/>\n<script type=\"application\/ld+json\" class=\"yoast-schema-graph\">{\"@context\":\"https:\/\/schema.org\",\"@graph\":[{\"@type\":\"WebPage\",\"@id\":\"https:\/\/coalitionfemmesab.ca\/devenir-commanditaire\/\",\"url\":\"https:\/\/coalitionfemmesab.ca\/devenir-commanditaire\/\",\"name\":\"Commanditaire - Coalition des femmes de l&#039;Alberta\",\"isPartOf\":{\"@id\":\"https:\/\/coalitionfemmesab.ca\/#website\"},\"primaryImageOfPage\":{\"@id\":\"https:\/\/coalitionfemmesab.ca\/devenir-commanditaire\/#primaryimage\"},\"image\":{\"@id\":\"https:\/\/coalitionfemmesab.ca\/devenir-commanditaire\/#primaryimage\"},\"thumbnailUrl\":\"https:\/\/coalitionfemmesab.ca\/wp-content\/uploads\/2025\/03\/Impact-social-2.jpg\",\"datePublished\":\"2025-02-18T02:10:42+00:00\",\"dateModified\":\"2025-12-26T20:18:54+00:00\",\"description\":\"D\u00e9couvrez comment devenir commanditaire de la Coalition des femmes et soutenir des initiatives en faveur des femmes franco-albertaines.\",\"breadcrumb\":{\"@id\":\"https:\/\/coalitionfemmesab.ca\/devenir-commanditaire\/#breadcrumb\"},\"inLanguage\":\"en-US\",\"potentialAction\":[{\"@type\":\"ReadAction\",\"target\":[\"https:\/\/coalitionfemmesab.ca\/devenir-commanditaire\/\"]}]},{\"@type\":\"ImageObject\",\"inLanguage\":\"en-US\",\"@id\":\"https:\/\/coalitionfemmesab.ca\/devenir-commanditaire\/#primaryimage\",\"url\":\"https:\/\/coalitionfemmesab.ca\/wp-content\/uploads\/2025\/03\/Impact-social-2.jpg\",\"contentUrl\":\"https:\/\/coalitionfemmesab.ca\/wp-content\/uploads\/2025\/03\/Impact-social-2.jpg\"},{\"@type\":\"BreadcrumbList\",\"@id\":\"https:\/\/coalitionfemmesab.ca\/devenir-commanditaire\/#breadcrumb\",\"itemListElement\":[{\"@type\":\"ListItem\",\"position\":1,\"name\":\"Accueil\",\"item\":\"https:\/\/coalitionfemmesab.ca\/\"},{\"@type\":\"ListItem\",\"position\":2,\"name\":\"Commanditaire\"}]},{\"@type\":\"WebSite\",\"@id\":\"https:\/\/coalitionfemmesab.ca\/#website\",\"url\":\"https:\/\/coalitionfemmesab.ca\/\",\"name\":\"Coalition des femmes de l&#039;Alberta\",\"description\":\"La mission de l\u2019organisme est d\u2019appuyer et de repr\u00e9senter les femmes parlant fran\u00e7ais, de faire valoir leurs droits et leurs int\u00e9r\u00eats et de faciliter leur regroupement.\",\"potentialAction\":[{\"@type\":\"SearchAction\",\"target\":{\"@type\":\"EntryPoint\",\"urlTemplate\":\"https:\/\/coalitionfemmesab.ca\/?s={search_term_string}\"},\"query-input\":{\"@type\":\"PropertyValueSpecification\",\"valueRequired\":true,\"valueName\":\"search_term_string\"}}],\"inLanguage\":\"en-US\"}]}<\/script>\n<!-- \/ Yoast SEO plugin. -->","yoast_head_json":{"title":"Commanditaire - Coalition des femmes de l&#039;Alberta","description":"D\u00e9couvrez comment devenir commanditaire de la Coalition des femmes et soutenir des initiatives en faveur des femmes franco-albertaines.","robots":{"index":"index","follow":"follow","max-snippet":"max-snippet:-1","max-image-preview":"max-image-preview:large","max-video-preview":"max-video-preview:-1"},"canonical":"https:\/\/coalitionfemmesab.ca\/en\/devenir-commanditaire\/","og_locale":"en_US","og_type":"article","og_title":"Commanditaire - Coalition des femmes de l&#039;Alberta","og_description":"D\u00e9couvrez comment devenir commanditaire de la Coalition des femmes et soutenir des initiatives en faveur des femmes franco-albertaines.","og_url":"https:\/\/coalitionfemmesab.ca\/en\/devenir-commanditaire\/","og_site_name":"Coalition des femmes de l&#039;Alberta","article_modified_time":"2025-12-26T20:18:54+00:00","og_image":[{"url":"https:\/\/coalitionfemmesab.ca\/wp-content\/uploads\/2025\/03\/Impact-social-2.jpg","type":"","width":"","height":""}],"twitter_card":"summary_large_image","twitter_misc":{"Est. reading time":"2 minutes"},"schema":{"@context":"https:\/\/schema.org","@graph":[{"@type":"WebPage","@id":"https:\/\/coalitionfemmesab.ca\/devenir-commanditaire\/","url":"https:\/\/coalitionfemmesab.ca\/devenir-commanditaire\/","name":"Commanditaire - Coalition des femmes de l&#039;Alberta","isPartOf":{"@id":"https:\/\/coalitionfemmesab.ca\/#website"},"primaryImageOfPage":{"@id":"https:\/\/coalitionfemmesab.ca\/devenir-commanditaire\/#primaryimage"},"image":{"@id":"https:\/\/coalitionfemmesab.ca\/devenir-commanditaire\/#primaryimage"},"thumbnailUrl":"https:\/\/coalitionfemmesab.ca\/wp-content\/uploads\/2025\/03\/Impact-social-2.jpg","datePublished":"2025-02-18T02:10:42+00:00","dateModified":"2025-12-26T20:18:54+00:00","description":"D\u00e9couvrez comment devenir commanditaire de la Coalition des femmes et soutenir des initiatives en faveur des femmes franco-albertaines.","breadcrumb":{"@id":"https:\/\/coalitionfemmesab.ca\/devenir-commanditaire\/#breadcrumb"},"inLanguage":"en-US","potentialAction":[{"@type":"ReadAction","target":["https:\/\/coalitionfemmesab.ca\/devenir-commanditaire\/"]}]},{"@type":"ImageObject","inLanguage":"en-US","@id":"https:\/\/coalitionfemmesab.ca\/devenir-commanditaire\/#primaryimage","url":"https:\/\/coalitionfemmesab.ca\/wp-content\/uploads\/2025\/03\/Impact-social-2.jpg","contentUrl":"https:\/\/coalitionfemmesab.ca\/wp-content\/uploads\/2025\/03\/Impact-social-2.jpg"},{"@type":"BreadcrumbList","@id":"https:\/\/coalitionfemmesab.ca\/devenir-commanditaire\/#breadcrumb","itemListElement":[{"@type":"ListItem","position":1,"name":"Accueil","item":"https:\/\/coalitionfemmesab.ca\/"},{"@type":"ListItem","position":2,"name":"Commanditaire"}]},{"@type":"WebSite","@id":"https:\/\/coalitionfemmesab.ca\/#website","url":"https:\/\/coalitionfemmesab.ca\/","name":"Coalition des femmes de l&#039;Alberta","description":"La mission de l\u2019organisme est d\u2019appuyer et de repr\u00e9senter les femmes parlant fran\u00e7ais, de faire valoir leurs droits et leurs int\u00e9r\u00eats et de faciliter leur regroupement.","potentialAction":[{"@type":"SearchAction","target":{"@type":"EntryPoint","urlTemplate":"https:\/\/coalitionfemmesab.ca\/?s={search_term_string}"},"query-input":{"@type":"PropertyValueSpecification","valueRequired":true,"valueName":"search_term_string"}}],"inLanguage":"en-US"}]}},"_links":{"self":[{"href":"https:\/\/coalitionfemmesab.ca\/en\/wp-json\/wp\/v2\/pages\/22025","targetHints":{"allow":["GET"]}}],"collection":[{"href":"https:\/\/coalitionfemmesab.ca\/en\/wp-json\/wp\/v2\/pages"}],"about":[{"href":"https:\/\/coalitionfemmesab.ca\/en\/wp-json\/wp\/v2\/types\/page"}],"author":[{"embeddable":true,"href":"https:\/\/coalitionfemmesab.ca\/en\/wp-json\/wp\/v2\/users\/129"}],"replies":[{"embeddable":true,"href":"https:\/\/coalitionfemmesab.ca\/en\/wp-json\/wp\/v2\/comments?post=22025"}],"version-history":[{"count":48,"href":"https:\/\/coalitionfemmesab.ca\/en\/wp-json\/wp\/v2\/pages\/22025\/revisions"}],"predecessor-version":[{"id":25445,"href":"https:\/\/coalitionfemmesab.ca\/en\/wp-json\/wp\/v2\/pages\/22025\/revisions\/25445"}],"wp:attachment":[{"href":"https:\/\/coalitionfemmesab.ca\/en\/wp-json\/wp\/v2\/media?parent=22025"}],"curies":[{"name":"wp","href":"https:\/\/api.w.org\/{rel}","templated":true}]}}