{"id":23507,"date":"2025-04-11T03:36:04","date_gmt":"2025-04-11T03:36:04","guid":{"rendered":"https:\/\/coalitionfemmesab.ca\/?page_id=23507"},"modified":"2025-12-26T14:14:43","modified_gmt":"2025-12-26T21:14:43","slug":"elles-des-affaires","status":"publish","type":"page","link":"https:\/\/coalitionfemmesab.ca\/en\/projets\/elles-des-affaires\/","title":{"rendered":"Elles des Affaires"},"content":{"rendered":"<div data-elementor-type=\"wp-page\" data-elementor-id=\"23507\" class=\"elementor elementor-23507\" data-elementor-post-type=\"page\">\n\t\t\t\t\t\t<section class=\"elementor-section elementor-top-section elementor-element elementor-element-708a096f elementor-section-boxed elementor-section-height-default elementor-section-height-default\" data-id=\"708a096f\" data-element_type=\"section\" data-settings=\"{&quot;background_background&quot;:&quot;classic&quot;}\">\n\t\t\t\t\t\t<div class=\"elementor-container elementor-column-gap-extended\">\n\t\t\t\t\t<div class=\"elementor-column elementor-col-100 elementor-top-column elementor-element elementor-element-2c0e11a9\" data-id=\"2c0e11a9\" data-element_type=\"column\">\n\t\t\t<div class=\"elementor-widget-wrap elementor-element-populated\">\n\t\t\t\t\t\t<div class=\"elementor-element elementor-element-b1201bd elementor-widget elementor-widget-heading\" data-id=\"b1201bd\" data-element_type=\"widget\" data-widget_type=\"heading.default\">\n\t\t\t\t<div class=\"elementor-widget-container\">\n\t\t\t\t\t<h5 class=\"elementor-heading-title elementor-size-default\">Elle des affaires<\/h5>\t\t\t\t<\/div>\n\t\t\t\t<\/div>\n\t\t\t\t<div class=\"elementor-element elementor-element-53343f43 elementor-widget elementor-widget-heading\" data-id=\"53343f43\" data-element_type=\"widget\" data-widget_type=\"heading.default\">\n\t\t\t\t<div class=\"elementor-widget-container\">\n\t\t\t\t\t<p class=\"elementor-heading-title elementor-size-default\">Cr\u00e9er. Connecter. Briser les barri\u00e8res.\n\n<\/p>\t\t\t\t<\/div>\n\t\t\t\t<\/div>\n\t\t\t\t<div class=\"elementor-element elementor-element-2a4e7e60 elementor-align-center elementor-widget__width-auto elementor-absolute e-transform elementor-widget elementor-widget-breadcrumbs\" data-id=\"2a4e7e60\" data-element_type=\"widget\" data-settings=\"{&quot;_position&quot;:&quot;absolute&quot;,&quot;_transform_translateX_effect&quot;:{&quot;unit&quot;:&quot;%&quot;,&quot;size&quot;:-50,&quot;sizes&quot;:[]},&quot;_transform_translateX_effect_tablet&quot;:{&quot;unit&quot;:&quot;%&quot;,&quot;size&quot;:&quot;&quot;,&quot;sizes&quot;:[]},&quot;_transform_translateX_effect_mobile&quot;:{&quot;unit&quot;:&quot;%&quot;,&quot;size&quot;:&quot;&quot;,&quot;sizes&quot;:[]},&quot;_transform_translateY_effect&quot;:{&quot;unit&quot;:&quot;px&quot;,&quot;size&quot;:&quot;&quot;,&quot;sizes&quot;:[]},&quot;_transform_translateY_effect_tablet&quot;:{&quot;unit&quot;:&quot;px&quot;,&quot;size&quot;:&quot;&quot;,&quot;sizes&quot;:[]},&quot;_transform_translateY_effect_mobile&quot;:{&quot;unit&quot;:&quot;px&quot;,&quot;size&quot;:&quot;&quot;,&quot;sizes&quot;:[]}}\" data-widget_type=\"breadcrumbs.default\">\n\t\t\t\t<div class=\"elementor-widget-container\">\n\t\t\t\t\t<nav id=\"breadcrumbs\"><span><span><a href=\"https:\/\/coalitionfemmesab.ca\/en\/\">Accueil<\/a><\/span><\/span><\/nav>\t\t\t\t<\/div>\n\t\t\t\t<\/div>\n\t\t\t\t\t<\/div>\n\t\t<\/div>\n\t\t\t\t\t<\/div>\n\t\t<\/section>\n\t\t\t\t<section class=\"elementor-section elementor-top-section elementor-element elementor-element-3dd09185 elementor-section-boxed elementor-section-height-default elementor-section-height-default\" data-id=\"3dd09185\" data-element_type=\"section\" data-settings=\"{&quot;animation&quot;:&quot;none&quot;}\">\n\t\t\t\t\t\t<div class=\"elementor-container elementor-column-gap-extended\">\n\t\t\t\t\t<div class=\"elementor-column elementor-col-50 elementor-top-column elementor-element elementor-element-899412f\" data-id=\"899412f\" data-element_type=\"column\">\n\t\t\t<div class=\"elementor-widget-wrap elementor-element-populated\">\n\t\t\t\t\t\t<div class=\"elementor-element elementor-element-7cc4398f elementor-widget elementor-widget-heading\" data-id=\"7cc4398f\" data-element_type=\"widget\" data-widget_type=\"heading.default\">\n\t\t\t\t<div class=\"elementor-widget-container\">\n\t\t\t\t\t<h3 class=\"elementor-heading-title elementor-size-default\">Le programme <\/h3>\t\t\t\t<\/div>\n\t\t\t\t<\/div>\n\t\t\t\t<div class=\"elementor-element elementor-element-7771ae60 elementor-widget elementor-widget-heading\" data-id=\"7771ae60\" data-element_type=\"widget\" data-widget_type=\"heading.default\">\n\t\t\t\t<div class=\"elementor-widget-container\">\n\t\t\t\t\t<h2 class=\"elementor-heading-title elementor-size-default\">Elles des Affaires<\/h2>\t\t\t\t<\/div>\n\t\t\t\t<\/div>\n\t\t\t\t<div class=\"elementor-element elementor-element-0b4e5e9 elementor-widget elementor-widget-image\" data-id=\"0b4e5e9\" data-element_type=\"widget\" data-widget_type=\"image.default\">\n\t\t\t\t<div class=\"elementor-widget-container\">\n\t\t\t\t\t\t\t\t\t\t\t\t\t\t\t<img decoding=\"async\" width=\"300\" height=\"159\" src=\"https:\/\/coalitionfemmesab.ca\/wp-content\/uploads\/2025\/12\/Elles-des-Affaires-e1762289698170-300x159.png\" class=\"attachment-medium size-medium wp-image-25366\" alt=\"\" srcset=\"https:\/\/coalitionfemmesab.ca\/wp-content\/uploads\/2025\/12\/Elles-des-Affaires-e1762289698170-300x159.png 300w, https:\/\/coalitionfemmesab.ca\/wp-content\/uploads\/2025\/12\/Elles-des-Affaires-e1762289698170-18x10.png 18w, https:\/\/coalitionfemmesab.ca\/wp-content\/uploads\/2025\/12\/Elles-des-Affaires-e1762289698170.png 372w\" sizes=\"(max-width: 300px) 100vw, 300px\" \/>\t\t\t\t\t\t\t\t\t\t\t\t\t\t\t<\/div>\n\t\t\t\t<\/div>\n\t\t\t\t<div class=\"elementor-element elementor-element-2495c786 elementor-widget elementor-widget-text-editor\" data-id=\"2495c786\" data-element_type=\"widget\" data-widget_type=\"text-editor.default\">\n\t\t\t\t<div class=\"elementor-widget-container\">\n\t\t\t\t\t\t\t\t\t<p style=\"text-align: left;\"><strong>Cr\u00e9er. Connecter. Briser les barri\u00e8res.<\/strong><\/p><p style=\"text-align: left;\">Le programme \u00ab Elles des Affaires \u00bb, port\u00e9 par Parall\u00e8le Alberta en collaboration avec la\u00a0<strong><a href=\"https:\/\/coalitionfemmesab.ca\/en\/\" target=\"_blank\" rel=\"nofollow noopener\">Coalition des Femmes de l\u2019Alberta<\/a>,\u00a0<\/strong>et appuy\u00e9 par la\u00a0<strong><a href=\"https:\/\/weoc.ca\/fr\/welcome\/\" target=\"_blank\" rel=\"nofollow noopener\">Organisations d\u2019entreprise de Femmes du Canada,<\/a><\/strong>\u00a0a \u00e9t\u00e9 pens\u00e9 pour rassembler et propulser les femmes entrepreneures francophones et francophiles de l\u2019Alberta.<\/p>\t\t\t\t\t\t\t\t<\/div>\n\t\t\t\t<\/div>\n\t\t\t\t\t<\/div>\n\t\t<\/div>\n\t\t\t\t<div class=\"elementor-column elementor-col-50 elementor-top-column elementor-element elementor-element-7b56f8d\" data-id=\"7b56f8d\" data-element_type=\"column\">\n\t\t\t<div class=\"elementor-widget-wrap elementor-element-populated\">\n\t\t\t\t\t\t<div class=\"elementor-element elementor-element-f1b2b29 elementor-widget elementor-widget-text-editor\" data-id=\"f1b2b29\" data-element_type=\"widget\" data-widget_type=\"text-editor.default\">\n\t\t\t\t<div class=\"elementor-widget-container\">\n\t\t\t\t\t\t\t\t\t<h3 style=\"text-align: left;\">Que vous soyez en phase de cr\u00e9ation ou en expansion, ce programme vous offre un espace unique pour :<\/h3><ul style=\"text-align: left;\"><li><p>Tisser des liens avec d\u2019autres entrepreneures.<\/p><\/li><\/ul><ul><li style=\"text-align: left;\"><p>B\u00e9n\u00e9ficier de conseils d\u2019experts issus du monde des affaires.<\/p><\/li><li><p style=\"text-align: left;\">Partager vos d\u00e9fis et vos r\u00e9ussites dans un cadre bienveillant et inspirant.<\/p><\/li><\/ul>\t\t\t\t\t\t\t\t<\/div>\n\t\t\t\t<\/div>\n\t\t\t\t<div class=\"elementor-element elementor-element-f1f3dda elementor-widget elementor-widget-text-editor\" data-id=\"f1f3dda\" data-element_type=\"widget\" data-widget_type=\"text-editor.default\">\n\t\t\t\t<div class=\"elementor-widget-container\">\n\t\t\t\t\t\t\t\t\t<h3 style=\"text-align: left;\"><strong>Exprimez votre int\u00e9r\u00eat<\/strong><\/h3><p style=\"text-align: left;\">Les inscriptions sont pour le moment ferm\u00e9es.<\/p><p style=\"text-align: left;\">Vous souhaitez en savoir plus ou rejoindre l\u2019aventure pour la prochaine cohorte en 2026?<\/p><p style=\"text-align: left;\">Contactez-nous \u00e0 : <span class=\"a_GcMg font-feature-liga-off font-feature-clig-off font-feature-calt-off text-decoration-none text-strikethrough-none\"><a href=\"mailto:infos@coalitionfemmesab.ca\"><strong>infos@coalitionfemmesab.ca<\/strong><\/a> ou au <a href=\"callto:+17804682288\"><strong>(780) 468-2288<\/strong><\/a><\/span><\/p>\t\t\t\t\t\t\t\t<\/div>\n\t\t\t\t<\/div>\n\t\t\t\t\t<\/div>\n\t\t<\/div>\n\t\t\t\t\t<\/div>\n\t\t<\/section>\n\t\t\t\t<section class=\"elementor-section elementor-top-section elementor-element elementor-element-c238f0b elementor-section-boxed elementor-section-height-default elementor-section-height-default\" data-id=\"c238f0b\" data-element_type=\"section\">\n\t\t\t\t\t\t<div class=\"elementor-container elementor-column-gap-default\">\n\t\t\t\t\t<div class=\"elementor-column elementor-col-100 elementor-top-column elementor-element elementor-element-7b14d6f\" data-id=\"7b14d6f\" data-element_type=\"column\">\n\t\t\t<div class=\"elementor-widget-wrap elementor-element-populated\">\n\t\t\t\t\t\t<div class=\"elementor-element elementor-element-2274313 elementor-widget elementor-widget-spacer\" data-id=\"2274313\" data-element_type=\"widget\" data-widget_type=\"spacer.default\">\n\t\t\t\t<div class=\"elementor-widget-container\">\n\t\t\t\t\t\t\t<div class=\"elementor-spacer\">\n\t\t\t<div class=\"elementor-spacer-inner\"><\/div>\n\t\t<\/div>\n\t\t\t\t\t\t<\/div>\n\t\t\t\t<\/div>\n\t\t\t\t\t<\/div>\n\t\t<\/div>\n\t\t\t\t\t<\/div>\n\t\t<\/section>\n\t\t\t\t<section class=\"elementor-section elementor-top-section elementor-element elementor-element-9fa1d79 elementor-section-boxed elementor-section-height-default elementor-section-height-default\" data-id=\"9fa1d79\" data-element_type=\"section\">\n\t\t\t\t\t\t<div class=\"elementor-container elementor-column-gap-default\">\n\t\t\t\t\t<div class=\"elementor-column elementor-col-100 elementor-top-column elementor-element elementor-element-534bc92\" data-id=\"534bc92\" data-element_type=\"column\">\n\t\t\t<div class=\"elementor-widget-wrap elementor-element-populated\">\n\t\t\t\t\t\t<div class=\"elementor-element elementor-element-c00ddc1 elementor-widget elementor-widget-heading\" data-id=\"c00ddc1\" data-element_type=\"widget\" data-widget_type=\"heading.default\">\n\t\t\t\t<div class=\"elementor-widget-container\">\n\t\t\t\t\t<h2 class=\"elementor-heading-title elementor-size-default\">Nos partenaires<\/h2>\t\t\t\t<\/div>\n\t\t\t\t<\/div>\n\t\t\t\t<div class=\"elementor-element elementor-element-2493ee9 elementor-widget-divider--view-line elementor-widget elementor-widget-divider\" data-id=\"2493ee9\" data-element_type=\"widget\" data-widget_type=\"divider.default\">\n\t\t\t\t<div class=\"elementor-widget-container\">\n\t\t\t\t\t\t\t<div class=\"elementor-divider\">\n\t\t\t<span class=\"elementor-divider-separator\">\n\t\t\t\t\t\t<\/span>\n\t\t<\/div>\n\t\t\t\t\t\t<\/div>\n\t\t\t\t<\/div>\n\t\t\t\t\t<\/div>\n\t\t<\/div>\n\t\t\t\t\t<\/div>\n\t\t<\/section>\n\t\t\t\t<section class=\"elementor-section elementor-top-section elementor-element elementor-element-6e5decd elementor-section-boxed elementor-section-height-default elementor-section-height-default\" data-id=\"6e5decd\" data-element_type=\"section\">\n\t\t\t\t\t\t<div class=\"elementor-container elementor-column-gap-default\">\n\t\t\t\t\t<div class=\"elementor-column elementor-col-50 elementor-top-column elementor-element elementor-element-2d64b2c\" data-id=\"2d64b2c\" data-element_type=\"column\">\n\t\t\t<div class=\"elementor-widget-wrap elementor-element-populated\">\n\t\t\t\t\t\t<div class=\"elementor-element elementor-element-816fffb elementor-widget elementor-widget-image\" data-id=\"816fffb\" data-element_type=\"widget\" data-widget_type=\"image.default\">\n\t\t\t\t<div class=\"elementor-widget-container\">\n\t\t\t\t\t\t\t\t\t\t\t\t\t\t\t<img decoding=\"async\" width=\"270\" height=\"100\" src=\"https:\/\/coalitionfemmesab.ca\/wp-content\/uploads\/2025\/03\/logo-parallele-alberta.png\" class=\"attachment-large size-large wp-image-25350\" alt=\"\" srcset=\"https:\/\/coalitionfemmesab.ca\/wp-content\/uploads\/2025\/03\/logo-parallele-alberta.png 270w, https:\/\/coalitionfemmesab.ca\/wp-content\/uploads\/2025\/03\/logo-parallele-alberta-18x7.png 18w\" sizes=\"(max-width: 270px) 100vw, 270px\" \/>\t\t\t\t\t\t\t\t\t\t\t\t\t\t\t<\/div>\n\t\t\t\t<\/div>\n\t\t\t\t\t<\/div>\n\t\t<\/div>\n\t\t\t\t<div class=\"elementor-column elementor-col-50 elementor-top-column elementor-element elementor-element-c086475\" data-id=\"c086475\" data-element_type=\"column\">\n\t\t\t<div class=\"elementor-widget-wrap elementor-element-populated\">\n\t\t\t\t\t\t<div class=\"elementor-element elementor-element-6b23036 elementor-widget elementor-widget-image\" data-id=\"6b23036\" data-element_type=\"widget\" data-widget_type=\"image.default\">\n\t\t\t\t<div class=\"elementor-widget-container\">\n\t\t\t\t\t\t\t\t\t\t\t\t\t\t\t<img decoding=\"async\" width=\"270\" height=\"100\" src=\"https:\/\/coalitionfemmesab.ca\/wp-content\/uploads\/2025\/12\/WEOC.png\" class=\"attachment-large size-large wp-image-25391\" alt=\"\" srcset=\"https:\/\/coalitionfemmesab.ca\/wp-content\/uploads\/2025\/12\/WEOC.png 270w, https:\/\/coalitionfemmesab.ca\/wp-content\/uploads\/2025\/12\/WEOC-18x7.png 18w\" sizes=\"(max-width: 270px) 100vw, 270px\" \/>\t\t\t\t\t\t\t\t\t\t\t\t\t\t\t<\/div>\n\t\t\t\t<\/div>\n\t\t\t\t\t<\/div>\n\t\t<\/div>\n\t\t\t\t\t<\/div>\n\t\t<\/section>\n\t\t\t\t<section class=\"elementor-section elementor-top-section elementor-element elementor-element-49002bb elementor-section-boxed elementor-section-height-default elementor-section-height-default\" data-id=\"49002bb\" data-element_type=\"section\">\n\t\t\t\t\t\t<div class=\"elementor-container elementor-column-gap-default\">\n\t\t\t\t\t<div class=\"elementor-column elementor-col-100 elementor-top-column elementor-element elementor-element-8a2561e\" data-id=\"8a2561e\" data-element_type=\"column\">\n\t\t\t<div class=\"elementor-widget-wrap elementor-element-populated\">\n\t\t\t\t\t\t<div class=\"elementor-element elementor-element-fb1716a elementor-widget elementor-widget-spacer\" data-id=\"fb1716a\" data-element_type=\"widget\" data-widget_type=\"spacer.default\">\n\t\t\t\t<div class=\"elementor-widget-container\">\n\t\t\t\t\t\t\t<div class=\"elementor-spacer\">\n\t\t\t<div class=\"elementor-spacer-inner\"><\/div>\n\t\t<\/div>\n\t\t\t\t\t\t<\/div>\n\t\t\t\t<\/div>\n\t\t\t\t\t<\/div>\n\t\t<\/div>\n\t\t\t\t\t<\/div>\n\t\t<\/section>\n\t\t\t\t<section class=\"elementor-section elementor-top-section elementor-element elementor-element-441e2b7d elementor-section-height-min-height elementor-section-items-bottom elementor-section-content-middle elementor-section-boxed elementor-section-height-default\" data-id=\"441e2b7d\" data-element_type=\"section\" data-settings=\"{&quot;background_background&quot;:&quot;classic&quot;}\">\n\t\t\t\t\t\t<div class=\"elementor-container elementor-column-gap-extended\">\n\t\t\t\t\t<div class=\"elementor-column elementor-col-100 elementor-top-column elementor-element elementor-element-4690a2c\" data-id=\"4690a2c\" data-element_type=\"column\">\n\t\t\t<div class=\"elementor-widget-wrap elementor-element-populated\">\n\t\t\t\t\t\t<div class=\"elementor-element elementor-element-61c84e7e elementor-widget elementor-widget-heading\" data-id=\"61c84e7e\" data-element_type=\"widget\" data-widget_type=\"heading.default\">\n\t\t\t\t<div class=\"elementor-widget-container\">\n\t\t\t\t\t<h5 class=\"elementor-heading-title elementor-size-default\">Pour en savoir plus sur ce projet<\/h5>\t\t\t\t<\/div>\n\t\t\t\t<\/div>\n\t\t\t\t<div class=\"elementor-element elementor-element-28d087cb elementor-widget elementor-widget-heading\" data-id=\"28d087cb\" data-element_type=\"widget\" data-widget_type=\"heading.default\">\n\t\t\t\t<div class=\"elementor-widget-container\">\n\t\t\t\t\t<p class=\"elementor-heading-title elementor-size-default\">Contactez-nous : infos@coalitionfemmesab.ca<\/p>\t\t\t\t<\/div>\n\t\t\t\t<\/div>\n\t\t\t\t\t<\/div>\n\t\t<\/div>\n\t\t\t\t\t<\/div>\n\t\t<\/section>\n\t\t\t\t<\/div>","protected":false},"excerpt":{"rendered":"<p>Elle des affaires Cr\u00e9er. Connecter. Briser les barri\u00e8res. Le programme Elles des Affaires Cr\u00e9er. Connecter. Briser les barri\u00e8res. Le programme \u00ab Elles des Affaires \u00bb, port\u00e9 par Parall\u00e8le Alberta en collaboration avec la\u00a0Coalition des Femmes de l\u2019Alberta,\u00a0et appuy\u00e9 par la\u00a0Organisations d\u2019entreprise de Femmes du Canada,\u00a0a \u00e9t\u00e9 pens\u00e9 pour rassembler et propulser les femmes entrepreneures francophones [&hellip;]<\/p>","protected":false},"author":129,"featured_media":0,"parent":22115,"menu_order":0,"comment_status":"closed","ping_status":"closed","template":"elementor_header_footer","meta":{"_acf_changed":false,"footnotes":""},"class_list":["post-23507","page","type-page","status-publish","hentry","entry"],"acf":[],"yoast_head":"<!-- This site is optimized with the Yoast SEO plugin v26.8 - https:\/\/yoast.com\/product\/yoast-seo-wordpress\/ -->\n<title>Elles des Affaires - Coalition des femmes de l&#039;Alberta<\/title>\n<meta name=\"description\" content=\"Le programme \u00ab Elles des Affaires \u00bb, port\u00e9 par Parall\u00e8le Alberta en collaboration avec la Coalition des Femmes de l\u2019Alberta.\" \/>\n<meta name=\"robots\" content=\"index, follow, max-snippet:-1, max-image-preview:large, max-video-preview:-1\" \/>\n<link rel=\"canonical\" href=\"https:\/\/coalitionfemmesab.ca\/en\/projets\/elles-des-affaires\/\" \/>\n<meta property=\"og:locale\" content=\"en_US\" \/>\n<meta property=\"og:type\" content=\"article\" \/>\n<meta property=\"og:title\" content=\"Elles des Affaires - Coalition des femmes de l&#039;Alberta\" \/>\n<meta property=\"og:description\" content=\"Le programme \u00ab Elles des Affaires \u00bb, port\u00e9 par Parall\u00e8le Alberta en collaboration avec la Coalition des Femmes de l\u2019Alberta.\" \/>\n<meta property=\"og:url\" content=\"https:\/\/coalitionfemmesab.ca\/en\/projets\/elles-des-affaires\/\" \/>\n<meta property=\"og:site_name\" content=\"Coalition des femmes de l&#039;Alberta\" \/>\n<meta property=\"article:modified_time\" content=\"2025-12-26T21:14:43+00:00\" \/>\n<meta property=\"og:image\" content=\"https:\/\/coalitionfemmesab.ca\/wp-content\/uploads\/2025\/12\/Elles-des-Affaires-e1762289698170-300x159.png\" \/>\n<meta name=\"twitter:card\" content=\"summary_large_image\" \/>\n<meta name=\"twitter:label1\" content=\"Est. reading time\" \/>\n\t<meta name=\"twitter:data1\" content=\"2 minutes\" \/>\n<script type=\"application\/ld+json\" class=\"yoast-schema-graph\">{\"@context\":\"https:\/\/schema.org\",\"@graph\":[{\"@type\":\"WebPage\",\"@id\":\"https:\/\/coalitionfemmesab.ca\/projets\/elles-des-affaires\/\",\"url\":\"https:\/\/coalitionfemmesab.ca\/projets\/elles-des-affaires\/\",\"name\":\"Elles des Affaires - Coalition des femmes de l&#039;Alberta\",\"isPartOf\":{\"@id\":\"https:\/\/coalitionfemmesab.ca\/#website\"},\"primaryImageOfPage\":{\"@id\":\"https:\/\/coalitionfemmesab.ca\/projets\/elles-des-affaires\/#primaryimage\"},\"image\":{\"@id\":\"https:\/\/coalitionfemmesab.ca\/projets\/elles-des-affaires\/#primaryimage\"},\"thumbnailUrl\":\"https:\/\/coalitionfemmesab.ca\/wp-content\/uploads\/2025\/12\/Elles-des-Affaires-e1762289698170-300x159.png\",\"datePublished\":\"2025-04-11T03:36:04+00:00\",\"dateModified\":\"2025-12-26T21:14:43+00:00\",\"description\":\"Le programme \u00ab Elles des Affaires \u00bb, port\u00e9 par Parall\u00e8le Alberta en collaboration avec la Coalition des Femmes de l\u2019Alberta.\",\"breadcrumb\":{\"@id\":\"https:\/\/coalitionfemmesab.ca\/projets\/elles-des-affaires\/#breadcrumb\"},\"inLanguage\":\"en-US\",\"potentialAction\":[{\"@type\":\"ReadAction\",\"target\":[\"https:\/\/coalitionfemmesab.ca\/projets\/elles-des-affaires\/\"]}]},{\"@type\":\"ImageObject\",\"inLanguage\":\"en-US\",\"@id\":\"https:\/\/coalitionfemmesab.ca\/projets\/elles-des-affaires\/#primaryimage\",\"url\":\"https:\/\/coalitionfemmesab.ca\/wp-content\/uploads\/2025\/12\/Elles-des-Affaires-e1762289698170-300x159.png\",\"contentUrl\":\"https:\/\/coalitionfemmesab.ca\/wp-content\/uploads\/2025\/12\/Elles-des-Affaires-e1762289698170-300x159.png\"},{\"@type\":\"BreadcrumbList\",\"@id\":\"https:\/\/coalitionfemmesab.ca\/projets\/elles-des-affaires\/#breadcrumb\",\"itemListElement\":[{\"@type\":\"ListItem\",\"position\":1,\"name\":\"Accueil\",\"item\":\"https:\/\/coalitionfemmesab.ca\/\"},{\"@type\":\"ListItem\",\"position\":2,\"name\":\"Projets\",\"item\":\"https:\/\/coalitionfemmesab.ca\/projets\/\"},{\"@type\":\"ListItem\",\"position\":3,\"name\":\"Elles des Affaires\"}]},{\"@type\":\"WebSite\",\"@id\":\"https:\/\/coalitionfemmesab.ca\/#website\",\"url\":\"https:\/\/coalitionfemmesab.ca\/\",\"name\":\"Coalition des femmes de l&#039;Alberta\",\"description\":\"La mission de l\u2019organisme est d\u2019appuyer et de repr\u00e9senter les femmes parlant fran\u00e7ais, de faire valoir leurs droits et leurs int\u00e9r\u00eats et de faciliter leur regroupement.\",\"potentialAction\":[{\"@type\":\"SearchAction\",\"target\":{\"@type\":\"EntryPoint\",\"urlTemplate\":\"https:\/\/coalitionfemmesab.ca\/?s={search_term_string}\"},\"query-input\":{\"@type\":\"PropertyValueSpecification\",\"valueRequired\":true,\"valueName\":\"search_term_string\"}}],\"inLanguage\":\"en-US\"}]}<\/script>\n<!-- \/ Yoast SEO plugin. -->","yoast_head_json":{"title":"Elles des Affaires - Coalition des femmes de l&#039;Alberta","description":"Le programme \u00ab Elles des Affaires \u00bb, port\u00e9 par Parall\u00e8le Alberta en collaboration avec la Coalition des Femmes de l\u2019Alberta.","robots":{"index":"index","follow":"follow","max-snippet":"max-snippet:-1","max-image-preview":"max-image-preview:large","max-video-preview":"max-video-preview:-1"},"canonical":"https:\/\/coalitionfemmesab.ca\/en\/projets\/elles-des-affaires\/","og_locale":"en_US","og_type":"article","og_title":"Elles des Affaires - Coalition des femmes de l&#039;Alberta","og_description":"Le programme \u00ab Elles des Affaires \u00bb, port\u00e9 par Parall\u00e8le Alberta en collaboration avec la Coalition des Femmes de l\u2019Alberta.","og_url":"https:\/\/coalitionfemmesab.ca\/en\/projets\/elles-des-affaires\/","og_site_name":"Coalition des femmes de l&#039;Alberta","article_modified_time":"2025-12-26T21:14:43+00:00","og_image":[{"url":"https:\/\/coalitionfemmesab.ca\/wp-content\/uploads\/2025\/12\/Elles-des-Affaires-e1762289698170-300x159.png","type":"","width":"","height":""}],"twitter_card":"summary_large_image","twitter_misc":{"Est. reading time":"2 minutes"},"schema":{"@context":"https:\/\/schema.org","@graph":[{"@type":"WebPage","@id":"https:\/\/coalitionfemmesab.ca\/projets\/elles-des-affaires\/","url":"https:\/\/coalitionfemmesab.ca\/projets\/elles-des-affaires\/","name":"Elles des Affaires - Coalition des femmes de l&#039;Alberta","isPartOf":{"@id":"https:\/\/coalitionfemmesab.ca\/#website"},"primaryImageOfPage":{"@id":"https:\/\/coalitionfemmesab.ca\/projets\/elles-des-affaires\/#primaryimage"},"image":{"@id":"https:\/\/coalitionfemmesab.ca\/projets\/elles-des-affaires\/#primaryimage"},"thumbnailUrl":"https:\/\/coalitionfemmesab.ca\/wp-content\/uploads\/2025\/12\/Elles-des-Affaires-e1762289698170-300x159.png","datePublished":"2025-04-11T03:36:04+00:00","dateModified":"2025-12-26T21:14:43+00:00","description":"Le programme \u00ab Elles des Affaires \u00bb, port\u00e9 par Parall\u00e8le Alberta en collaboration avec la Coalition des Femmes de l\u2019Alberta.","breadcrumb":{"@id":"https:\/\/coalitionfemmesab.ca\/projets\/elles-des-affaires\/#breadcrumb"},"inLanguage":"en-US","potentialAction":[{"@type":"ReadAction","target":["https:\/\/coalitionfemmesab.ca\/projets\/elles-des-affaires\/"]}]},{"@type":"ImageObject","inLanguage":"en-US","@id":"https:\/\/coalitionfemmesab.ca\/projets\/elles-des-affaires\/#primaryimage","url":"https:\/\/coalitionfemmesab.ca\/wp-content\/uploads\/2025\/12\/Elles-des-Affaires-e1762289698170-300x159.png","contentUrl":"https:\/\/coalitionfemmesab.ca\/wp-content\/uploads\/2025\/12\/Elles-des-Affaires-e1762289698170-300x159.png"},{"@type":"BreadcrumbList","@id":"https:\/\/coalitionfemmesab.ca\/projets\/elles-des-affaires\/#breadcrumb","itemListElement":[{"@type":"ListItem","position":1,"name":"Accueil","item":"https:\/\/coalitionfemmesab.ca\/"},{"@type":"ListItem","position":2,"name":"Projets","item":"https:\/\/coalitionfemmesab.ca\/projets\/"},{"@type":"ListItem","position":3,"name":"Elles des Affaires"}]},{"@type":"WebSite","@id":"https:\/\/coalitionfemmesab.ca\/#website","url":"https:\/\/coalitionfemmesab.ca\/","name":"Coalition des femmes de l&#039;Alberta","description":"La mission de l\u2019organisme est d\u2019appuyer et de repr\u00e9senter les femmes parlant fran\u00e7ais, de faire valoir leurs droits et leurs int\u00e9r\u00eats et de faciliter leur regroupement.","potentialAction":[{"@type":"SearchAction","target":{"@type":"EntryPoint","urlTemplate":"https:\/\/coalitionfemmesab.ca\/?s={search_term_string}"},"query-input":{"@type":"PropertyValueSpecification","valueRequired":true,"valueName":"search_term_string"}}],"inLanguage":"en-US"}]}},"_links":{"self":[{"href":"https:\/\/coalitionfemmesab.ca\/en\/wp-json\/wp\/v2\/pages\/23507","targetHints":{"allow":["GET"]}}],"collection":[{"href":"https:\/\/coalitionfemmesab.ca\/en\/wp-json\/wp\/v2\/pages"}],"about":[{"href":"https:\/\/coalitionfemmesab.ca\/en\/wp-json\/wp\/v2\/types\/page"}],"author":[{"embeddable":true,"href":"https:\/\/coalitionfemmesab.ca\/en\/wp-json\/wp\/v2\/users\/129"}],"replies":[{"embeddable":true,"href":"https:\/\/coalitionfemmesab.ca\/en\/wp-json\/wp\/v2\/comments?post=23507"}],"version-history":[{"count":66,"href":"https:\/\/coalitionfemmesab.ca\/en\/wp-json\/wp\/v2\/pages\/23507\/revisions"}],"predecessor-version":[{"id":25454,"href":"https:\/\/coalitionfemmesab.ca\/en\/wp-json\/wp\/v2\/pages\/23507\/revisions\/25454"}],"up":[{"embeddable":true,"href":"https:\/\/coalitionfemmesab.ca\/en\/wp-json\/wp\/v2\/pages\/22115"}],"wp:attachment":[{"href":"https:\/\/coalitionfemmesab.ca\/en\/wp-json\/wp\/v2\/media?parent=23507"}],"curies":[{"name":"wp","href":"https:\/\/api.w.org\/{rel}","templated":true}]}}