{"id":23919,"date":"2025-04-17T19:52:08","date_gmt":"2025-04-17T19:52:08","guid":{"rendered":"https:\/\/coalitionfemmesab.ca\/?page_id=23919"},"modified":"2025-04-20T19:30:38","modified_gmt":"2025-04-20T19:30:38","slug":"ateliers-de-leadership","status":"publish","type":"page","link":"https:\/\/coalitionfemmesab.ca\/en\/projets\/ateliers-de-leadership\/","title":{"rendered":"Ateliers de leadership"},"content":{"rendered":"<div data-elementor-type=\"wp-page\" data-elementor-id=\"23919\" class=\"elementor elementor-23919\" data-elementor-post-type=\"page\">\n\t\t\t\t\t\t<section class=\"elementor-section elementor-top-section elementor-element elementor-element-512afbe elementor-section-boxed elementor-section-height-default elementor-section-height-default\" data-id=\"512afbe\" data-element_type=\"section\" data-settings=\"{&quot;background_background&quot;:&quot;classic&quot;}\">\n\t\t\t\t\t\t<div class=\"elementor-container elementor-column-gap-extended\">\n\t\t\t\t\t<div class=\"elementor-column elementor-col-100 elementor-top-column elementor-element elementor-element-5969c64d\" data-id=\"5969c64d\" data-element_type=\"column\">\n\t\t\t<div class=\"elementor-widget-wrap elementor-element-populated\">\n\t\t\t\t\t\t<div class=\"elementor-element elementor-element-1e4a4b23 elementor-widget elementor-widget-heading\" data-id=\"1e4a4b23\" data-element_type=\"widget\" data-widget_type=\"heading.default\">\n\t\t\t\t<div class=\"elementor-widget-container\">\n\t\t\t\t\t<h5 class=\"elementor-heading-title elementor-size-default\">ateliers sur le Leadership<\/h5>\t\t\t\t<\/div>\n\t\t\t\t<\/div>\n\t\t\t\t<div class=\"elementor-element elementor-element-7041ce21 elementor-widget elementor-widget-heading\" data-id=\"7041ce21\" data-element_type=\"widget\" data-widget_type=\"heading.default\">\n\t\t\t\t<div class=\"elementor-widget-container\">\n\t\t\t\t\t<p class=\"elementor-heading-title elementor-size-default\">D\u00e9veloppez votre potentiel. Inspirez le changement.<\/p>\t\t\t\t<\/div>\n\t\t\t\t<\/div>\n\t\t\t\t<div class=\"elementor-element elementor-element-141071ef elementor-align-center elementor-widget__width-auto elementor-absolute e-transform elementor-widget elementor-widget-breadcrumbs\" data-id=\"141071ef\" data-element_type=\"widget\" data-settings=\"{&quot;_position&quot;:&quot;absolute&quot;,&quot;_transform_translateX_effect&quot;:{&quot;unit&quot;:&quot;%&quot;,&quot;size&quot;:-50,&quot;sizes&quot;:[]},&quot;_transform_translateX_effect_tablet&quot;:{&quot;unit&quot;:&quot;%&quot;,&quot;size&quot;:&quot;&quot;,&quot;sizes&quot;:[]},&quot;_transform_translateX_effect_mobile&quot;:{&quot;unit&quot;:&quot;%&quot;,&quot;size&quot;:&quot;&quot;,&quot;sizes&quot;:[]},&quot;_transform_translateY_effect&quot;:{&quot;unit&quot;:&quot;px&quot;,&quot;size&quot;:&quot;&quot;,&quot;sizes&quot;:[]},&quot;_transform_translateY_effect_tablet&quot;:{&quot;unit&quot;:&quot;px&quot;,&quot;size&quot;:&quot;&quot;,&quot;sizes&quot;:[]},&quot;_transform_translateY_effect_mobile&quot;:{&quot;unit&quot;:&quot;px&quot;,&quot;size&quot;:&quot;&quot;,&quot;sizes&quot;:[]}}\" data-widget_type=\"breadcrumbs.default\">\n\t\t\t\t<div class=\"elementor-widget-container\">\n\t\t\t\t\t<nav id=\"breadcrumbs\"><span><span><a href=\"https:\/\/coalitionfemmesab.ca\/en\/\">Accueil<\/a><\/span><\/span><\/nav>\t\t\t\t<\/div>\n\t\t\t\t<\/div>\n\t\t\t\t\t<\/div>\n\t\t<\/div>\n\t\t\t\t\t<\/div>\n\t\t<\/section>\n\t\t\t\t<section class=\"elementor-section elementor-top-section elementor-element elementor-element-385a85e elementor-section-boxed elementor-section-height-default elementor-section-height-default\" data-id=\"385a85e\" data-element_type=\"section\" data-settings=\"{&quot;animation&quot;:&quot;none&quot;}\">\n\t\t\t\t\t\t<div class=\"elementor-container elementor-column-gap-extended\">\n\t\t\t\t\t<div class=\"elementor-column elementor-col-50 elementor-top-column elementor-element elementor-element-5894aeb\" data-id=\"5894aeb\" data-element_type=\"column\">\n\t\t\t<div class=\"elementor-widget-wrap elementor-element-populated\">\n\t\t\t\t\t\t<div class=\"elementor-element elementor-element-dd51837 elementor-widget elementor-widget-heading\" data-id=\"dd51837\" data-element_type=\"widget\" data-widget_type=\"heading.default\">\n\t\t\t\t<div class=\"elementor-widget-container\">\n\t\t\t\t\t<h2 class=\"elementor-heading-title elementor-size-default\">Description du projet<\/h2>\t\t\t\t<\/div>\n\t\t\t\t<\/div>\n\t\t\t\t<div class=\"elementor-element elementor-element-5517bfa elementor-widget elementor-widget-text-editor\" data-id=\"5517bfa\" data-element_type=\"widget\" data-widget_type=\"text-editor.default\">\n\t\t\t\t<div class=\"elementor-widget-container\">\n\t\t\t\t\t\t\t\t\t<h2>S\u00e9rie d\u2019ateliers sur le Leadership<\/h2><p>Nous avons eu le plaisir d\u2019organiser une s\u00e9rie d\u2019ateliers interactifs sur le leadership,<br \/>pens\u00e9s pour accompagner les femmes dans leur d\u00e9veloppement personnel et professionnel.<\/p><p>Ces rencontres riches en \u00e9changes et en apprentissages sont maintenant disponibles en rediffusion !<\/p><p>Chaque session aborde un th\u00e8me unique pour renforcer vos comp\u00e9tences, b\u00e2tir votre confiance<br \/>et vous offrir des outils concrets pour mener avec impact.<\/p>\t\t\t\t\t\t\t\t<\/div>\n\t\t\t\t<\/div>\n\t\t\t\t\t<\/div>\n\t\t<\/div>\n\t\t\t\t<div class=\"elementor-column elementor-col-50 elementor-top-column elementor-element elementor-element-eac0bcc\" data-id=\"eac0bcc\" data-element_type=\"column\">\n\t\t\t<div class=\"elementor-widget-wrap elementor-element-populated\">\n\t\t\t\t\t\t<div class=\"elementor-element elementor-element-d6bb32d elementor-widget elementor-widget-image\" data-id=\"d6bb32d\" data-element_type=\"widget\" data-widget_type=\"image.default\">\n\t\t\t\t<div class=\"elementor-widget-container\">\n\t\t\t\t\t\t\t\t\t\t\t\t\t\t\t<img decoding=\"async\" src=\"https:\/\/coalitionfemmesab.ca\/wp-content\/uploads\/elementor\/thumbs\/Madeleine-Ingram-1-r4ia8pma64jp8s0z1cs3affuap052rkyw1hfx0cubs.jpg\" title=\"Madeleine Ingram\" alt=\"Madeleine Ingram\" loading=\"lazy\" \/>\t\t\t\t\t\t\t\t\t\t\t\t\t\t\t<\/div>\n\t\t\t\t<\/div>\n\t\t\t\t\t<\/div>\n\t\t<\/div>\n\t\t\t\t\t<\/div>\n\t\t<\/section>\n\t\t\t\t<section class=\"elementor-section elementor-top-section elementor-element elementor-element-0885686 elementor-section-boxed elementor-section-height-default elementor-section-height-default\" data-id=\"0885686\" data-element_type=\"section\" data-settings=\"{&quot;animation&quot;:&quot;none&quot;}\">\n\t\t\t\t\t\t<div class=\"elementor-container elementor-column-gap-extended\">\n\t\t\t\t\t<div class=\"elementor-column elementor-col-33 elementor-top-column elementor-element elementor-element-c230ab2\" data-id=\"c230ab2\" data-element_type=\"column\">\n\t\t\t<div class=\"elementor-widget-wrap elementor-element-populated\">\n\t\t\t\t\t\t<div class=\"elementor-element elementor-element-7535257 elementor-widget elementor-widget-heading\" data-id=\"7535257\" data-element_type=\"widget\" data-widget_type=\"heading.default\">\n\t\t\t\t<div class=\"elementor-widget-container\">\n\t\t\t\t\t<h3 class=\"elementor-heading-title elementor-size-default\">ATelier 1<\/h3>\t\t\t\t<\/div>\n\t\t\t\t<\/div>\n\t\t\t\t<div class=\"elementor-element elementor-element-72e47d8 elementor-widget elementor-widget-heading\" data-id=\"72e47d8\" data-element_type=\"widget\" data-widget_type=\"heading.default\">\n\t\t\t\t<div class=\"elementor-widget-container\">\n\t\t\t\t\t<h2 class=\"elementor-heading-title elementor-size-default\">L\u2019importance pour les jeunes de s\u2019impliquer dans des groupes\nde leadership<\/h2>\t\t\t\t<\/div>\n\t\t\t\t<\/div>\n\t\t\t\t<div class=\"elementor-element elementor-element-c9023f9 elementor-widget elementor-widget-text-editor\" data-id=\"c9023f9\" data-element_type=\"widget\" data-widget_type=\"text-editor.default\">\n\t\t\t\t<div class=\"elementor-widget-container\">\n\t\t\t\t\t\t\t\t\t<p style=\"text-align: left;\">Anim\u00e9 par Chlo\u00e9 Gauvreau \u00c9tudiante engag\u00e9e et leader communautaire\u00a0<\/p>\t\t\t\t\t\t\t\t<\/div>\n\t\t\t\t<\/div>\n\t\t\t\t<div class=\"elementor-element elementor-element-25e8a13 elementor-widget elementor-widget-image\" data-id=\"25e8a13\" data-element_type=\"widget\" data-widget_type=\"image.default\">\n\t\t\t\t<div class=\"elementor-widget-container\">\n\t\t\t\t\t\t\t\t\t\t\t\t\t\t\t<img fetchpriority=\"high\" decoding=\"async\" width=\"612\" height=\"407\" src=\"https:\/\/coalitionfemmesab.ca\/wp-content\/uploads\/2025\/04\/Atelier2.jpg\" class=\"attachment-full size-full wp-image-23933\" alt=\"\" srcset=\"https:\/\/coalitionfemmesab.ca\/wp-content\/uploads\/2025\/04\/Atelier2.jpg 612w, https:\/\/coalitionfemmesab.ca\/wp-content\/uploads\/2025\/04\/Atelier2-300x200.jpg 300w, https:\/\/coalitionfemmesab.ca\/wp-content\/uploads\/2025\/04\/Atelier2-600x399.jpg 600w\" sizes=\"(max-width: 612px) 100vw, 612px\" \/>\t\t\t\t\t\t\t\t\t\t\t\t\t\t\t<\/div>\n\t\t\t\t<\/div>\n\t\t\t\t<div class=\"elementor-element elementor-element-caddb3c elementor-align-center elementor-widget elementor-widget-button\" data-id=\"caddb3c\" data-element_type=\"widget\" data-widget_type=\"button.default\">\n\t\t\t\t<div class=\"elementor-widget-container\">\n\t\t\t\t\t\t\t\t\t<div class=\"elementor-button-wrapper\">\n\t\t\t\t\t<a class=\"elementor-button elementor-button-link elementor-size-sm\" href=\"#\">\n\t\t\t\t\t\t<span class=\"elementor-button-content-wrapper\">\n\t\t\t\t\t\t\t\t\t<span class=\"elementor-button-text\">D\u00c9COUVRIR LA PR\u00c9SENTATION<\/span>\n\t\t\t\t\t<\/span>\n\t\t\t\t\t<\/a>\n\t\t\t\t<\/div>\n\t\t\t\t\t\t\t\t<\/div>\n\t\t\t\t<\/div>\n\t\t\t\t\t<\/div>\n\t\t<\/div>\n\t\t\t\t<div class=\"elementor-column elementor-col-33 elementor-top-column elementor-element elementor-element-e4487ba\" data-id=\"e4487ba\" data-element_type=\"column\">\n\t\t\t<div class=\"elementor-widget-wrap elementor-element-populated\">\n\t\t\t\t\t\t<div class=\"elementor-element elementor-element-8cf37ae elementor-widget elementor-widget-heading\" data-id=\"8cf37ae\" data-element_type=\"widget\" data-widget_type=\"heading.default\">\n\t\t\t\t<div class=\"elementor-widget-container\">\n\t\t\t\t\t<h3 class=\"elementor-heading-title elementor-size-default\">ATelier 2<\/h3>\t\t\t\t<\/div>\n\t\t\t\t<\/div>\n\t\t\t\t<div class=\"elementor-element elementor-element-830273d elementor-widget elementor-widget-heading\" data-id=\"830273d\" data-element_type=\"widget\" data-widget_type=\"heading.default\">\n\t\t\t\t<div class=\"elementor-widget-container\">\n\t\t\t\t\t<h2 class=\"elementor-heading-title elementor-size-default\">Id\u00e9e d\u2019entreprise-Par o\u00f9 commencer ?\n\n<\/h2>\t\t\t\t<\/div>\n\t\t\t\t<\/div>\n\t\t\t\t<div class=\"elementor-element elementor-element-256abc5 elementor-widget elementor-widget-text-editor\" data-id=\"256abc5\" data-element_type=\"widget\" data-widget_type=\"text-editor.default\">\n\t\t\t\t<div class=\"elementor-widget-container\">\n\t\t\t\t\t\t\t\t\t<p style=\"text-align: left;\">Anim\u00e9 par Carine Ou\u00e9draogo &#8211; Conseill\u00e8re r\u00e9gionale en entrepreneuriat<\/p>\t\t\t\t\t\t\t\t<\/div>\n\t\t\t\t<\/div>\n\t\t\t\t<div class=\"elementor-element elementor-element-fe2710b elementor-widget elementor-widget-image\" data-id=\"fe2710b\" data-element_type=\"widget\" data-widget_type=\"image.default\">\n\t\t\t\t<div class=\"elementor-widget-container\">\n\t\t\t\t\t\t\t\t\t\t\t\t\t\t\t<img decoding=\"async\" width=\"612\" height=\"407\" src=\"https:\/\/coalitionfemmesab.ca\/wp-content\/uploads\/2025\/04\/Atelier3.jpg\" class=\"attachment-full size-full wp-image-23934\" alt=\"\" srcset=\"https:\/\/coalitionfemmesab.ca\/wp-content\/uploads\/2025\/04\/Atelier3.jpg 612w, https:\/\/coalitionfemmesab.ca\/wp-content\/uploads\/2025\/04\/Atelier3-300x200.jpg 300w, https:\/\/coalitionfemmesab.ca\/wp-content\/uploads\/2025\/04\/Atelier3-600x399.jpg 600w\" sizes=\"(max-width: 612px) 100vw, 612px\" \/>\t\t\t\t\t\t\t\t\t\t\t\t\t\t\t<\/div>\n\t\t\t\t<\/div>\n\t\t\t\t<div class=\"elementor-element elementor-element-955d5d9 elementor-align-center elementor-widget elementor-widget-button\" data-id=\"955d5d9\" data-element_type=\"widget\" data-widget_type=\"button.default\">\n\t\t\t\t<div class=\"elementor-widget-container\">\n\t\t\t\t\t\t\t\t\t<div class=\"elementor-button-wrapper\">\n\t\t\t\t\t<a class=\"elementor-button elementor-button-link elementor-size-sm\" href=\"https:\/\/coalitionfemmesab.ca\/wp-content\/uploads\/2025\/03\/CANVAS.pdf\">\n\t\t\t\t\t\t<span class=\"elementor-button-content-wrapper\">\n\t\t\t\t\t\t\t\t\t<span class=\"elementor-button-text\">D\u00c9COUVRIR LA PR\u00c9SENTATION<\/span>\n\t\t\t\t\t<\/span>\n\t\t\t\t\t<\/a>\n\t\t\t\t<\/div>\n\t\t\t\t\t\t\t\t<\/div>\n\t\t\t\t<\/div>\n\t\t\t\t\t<\/div>\n\t\t<\/div>\n\t\t\t\t<div class=\"elementor-column elementor-col-33 elementor-top-column elementor-element elementor-element-158a73d\" data-id=\"158a73d\" data-element_type=\"column\">\n\t\t\t<div class=\"elementor-widget-wrap elementor-element-populated\">\n\t\t\t\t\t\t<div class=\"elementor-element elementor-element-c5e751f elementor-widget elementor-widget-heading\" data-id=\"c5e751f\" data-element_type=\"widget\" data-widget_type=\"heading.default\">\n\t\t\t\t<div class=\"elementor-widget-container\">\n\t\t\t\t\t<h3 class=\"elementor-heading-title elementor-size-default\">ATelier 3<\/h3>\t\t\t\t<\/div>\n\t\t\t\t<\/div>\n\t\t\t\t<div class=\"elementor-element elementor-element-b23390c elementor-widget elementor-widget-heading\" data-id=\"b23390c\" data-element_type=\"widget\" data-widget_type=\"heading.default\">\n\t\t\t\t<div class=\"elementor-widget-container\">\n\t\t\t\t\t<h2 class=\"elementor-heading-title elementor-size-default\">Comment se vendre sur les r\u00e9seaux sociaux<\/h2>\t\t\t\t<\/div>\n\t\t\t\t<\/div>\n\t\t\t\t<div class=\"elementor-element elementor-element-e9ff653 elementor-widget elementor-widget-text-editor\" data-id=\"e9ff653\" data-element_type=\"widget\" data-widget_type=\"text-editor.default\">\n\t\t\t\t<div class=\"elementor-widget-container\">\n\t\t\t\t\t\t\t\t\t<p style=\"text-align: left;\">Anim\u00e9 par Madeleine Ingram Coordinatrice La Centrale CSJ, Vie \u00e9tudiante.\u00a0<\/p>\t\t\t\t\t\t\t\t<\/div>\n\t\t\t\t<\/div>\n\t\t\t\t<div class=\"elementor-element elementor-element-14a5389 elementor-widget elementor-widget-image\" data-id=\"14a5389\" data-element_type=\"widget\" data-widget_type=\"image.default\">\n\t\t\t\t<div class=\"elementor-widget-container\">\n\t\t\t\t\t\t\t\t\t\t\t\t\t\t\t<img decoding=\"async\" width=\"612\" height=\"407\" src=\"https:\/\/coalitionfemmesab.ca\/wp-content\/uploads\/2025\/04\/Atelier1.jpg\" class=\"attachment-full size-full wp-image-23932\" alt=\"\" srcset=\"https:\/\/coalitionfemmesab.ca\/wp-content\/uploads\/2025\/04\/Atelier1.jpg 612w, https:\/\/coalitionfemmesab.ca\/wp-content\/uploads\/2025\/04\/Atelier1-300x200.jpg 300w, https:\/\/coalitionfemmesab.ca\/wp-content\/uploads\/2025\/04\/Atelier1-600x399.jpg 600w\" sizes=\"(max-width: 612px) 100vw, 612px\" \/>\t\t\t\t\t\t\t\t\t\t\t\t\t\t\t<\/div>\n\t\t\t\t<\/div>\n\t\t\t\t<div class=\"elementor-element elementor-element-4c475c4 elementor-align-center elementor-widget elementor-widget-button\" data-id=\"4c475c4\" data-element_type=\"widget\" data-widget_type=\"button.default\">\n\t\t\t\t<div class=\"elementor-widget-container\">\n\t\t\t\t\t\t\t\t\t<div class=\"elementor-button-wrapper\">\n\t\t\t\t\t<a class=\"elementor-button elementor-button-link elementor-size-sm\" href=\"#\">\n\t\t\t\t\t\t<span class=\"elementor-button-content-wrapper\">\n\t\t\t\t\t\t\t\t\t<span class=\"elementor-button-text\">D\u00c9COUVRIR LA PR\u00c9SENTATION<\/span>\n\t\t\t\t\t<\/span>\n\t\t\t\t\t<\/a>\n\t\t\t\t<\/div>\n\t\t\t\t\t\t\t\t<\/div>\n\t\t\t\t<\/div>\n\t\t\t\t\t<\/div>\n\t\t<\/div>\n\t\t\t\t\t<\/div>\n\t\t<\/section>\n\t\t\t\t<section class=\"elementor-section elementor-top-section elementor-element elementor-element-3de07884 elementor-section-height-min-height elementor-section-items-bottom elementor-section-content-middle elementor-section-boxed elementor-section-height-default\" data-id=\"3de07884\" data-element_type=\"section\" data-settings=\"{&quot;background_background&quot;:&quot;classic&quot;}\">\n\t\t\t\t\t\t<div class=\"elementor-container elementor-column-gap-extended\">\n\t\t\t\t\t<div class=\"elementor-column elementor-col-100 elementor-top-column elementor-element elementor-element-37e87f6d\" data-id=\"37e87f6d\" data-element_type=\"column\">\n\t\t\t<div class=\"elementor-widget-wrap elementor-element-populated\">\n\t\t\t\t\t\t<div class=\"elementor-element elementor-element-8e80569 elementor-widget elementor-widget-heading\" data-id=\"8e80569\" data-element_type=\"widget\" data-widget_type=\"heading.default\">\n\t\t\t\t<div class=\"elementor-widget-container\">\n\t\t\t\t\t<h5 class=\"elementor-heading-title elementor-size-default\">Pour en savoir plus sur ce projet<\/h5>\t\t\t\t<\/div>\n\t\t\t\t<\/div>\n\t\t\t\t<div class=\"elementor-element elementor-element-55c5afb4 elementor-widget elementor-widget-heading\" data-id=\"55c5afb4\" data-element_type=\"widget\" data-widget_type=\"heading.default\">\n\t\t\t\t<div class=\"elementor-widget-container\">\n\t\t\t\t\t<p class=\"elementor-heading-title elementor-size-default\">Contactez-nous : infos@coalitionfemmesab.ca<\/p>\t\t\t\t<\/div>\n\t\t\t\t<\/div>\n\t\t\t\t\t<\/div>\n\t\t<\/div>\n\t\t\t\t\t<\/div>\n\t\t<\/section>\n\t\t\t\t<\/div>","protected":false},"excerpt":{"rendered":"<p>ateliers sur le Leadership D\u00e9veloppez votre potentiel. Inspirez le changement. Description du projet S\u00e9rie d\u2019ateliers sur le Leadership Nous avons eu le plaisir d\u2019organiser une s\u00e9rie d\u2019ateliers interactifs sur le leadership,pens\u00e9s pour accompagner les femmes dans leur d\u00e9veloppement personnel et professionnel. Ces rencontres riches en \u00e9changes et en apprentissages sont maintenant disponibles en rediffusion ! [&hellip;]<\/p>","protected":false},"author":129,"featured_media":0,"parent":22115,"menu_order":0,"comment_status":"closed","ping_status":"closed","template":"elementor_header_footer","meta":{"_acf_changed":false,"footnotes":""},"class_list":["post-23919","page","type-page","status-publish","hentry","entry"],"acf":[],"yoast_head":"<!-- This site is optimized with the Yoast SEO plugin v26.8 - https:\/\/yoast.com\/product\/yoast-seo-wordpress\/ -->\n<title>Ateliers de leadership - Coalition des femmes de l&#039;Alberta<\/title>\n<meta name=\"robots\" content=\"index, follow, max-snippet:-1, max-image-preview:large, max-video-preview:-1\" \/>\n<link rel=\"canonical\" href=\"https:\/\/coalitionfemmesab.ca\/en\/projets\/ateliers-de-leadership\/\" \/>\n<meta property=\"og:locale\" content=\"en_US\" \/>\n<meta property=\"og:type\" content=\"article\" \/>\n<meta property=\"og:title\" content=\"Ateliers de leadership - Coalition des femmes de l&#039;Alberta\" \/>\n<meta property=\"og:description\" content=\"ateliers sur le Leadership D\u00e9veloppez votre potentiel. Inspirez le changement. Description du projet S\u00e9rie d\u2019ateliers sur le Leadership Nous avons eu le plaisir d\u2019organiser une s\u00e9rie d\u2019ateliers interactifs sur le leadership,pens\u00e9s pour accompagner les femmes dans leur d\u00e9veloppement personnel et professionnel. Ces rencontres riches en \u00e9changes et en apprentissages sont maintenant disponibles en rediffusion ! [&hellip;]\" \/>\n<meta property=\"og:url\" content=\"https:\/\/coalitionfemmesab.ca\/en\/projets\/ateliers-de-leadership\/\" \/>\n<meta property=\"og:site_name\" content=\"Coalition des femmes de l&#039;Alberta\" \/>\n<meta property=\"article:modified_time\" content=\"2025-04-20T19:30:38+00:00\" \/>\n<meta property=\"og:image\" content=\"https:\/\/coalitionfemmesab.ca\/wp-content\/uploads\/elementor\/thumbs\/Madeleine-Ingram-1-r4ia8pma64jp8s0z1cs3affuap052rkyw1hfx0cubs.jpg\" \/>\n<meta name=\"twitter:card\" content=\"summary_large_image\" \/>\n<meta name=\"twitter:label1\" content=\"Est. reading time\" \/>\n\t<meta name=\"twitter:data1\" content=\"2 minutes\" \/>\n<script type=\"application\/ld+json\" class=\"yoast-schema-graph\">{\"@context\":\"https:\/\/schema.org\",\"@graph\":[{\"@type\":\"WebPage\",\"@id\":\"https:\/\/coalitionfemmesab.ca\/projets\/ateliers-de-leadership\/\",\"url\":\"https:\/\/coalitionfemmesab.ca\/projets\/ateliers-de-leadership\/\",\"name\":\"Ateliers de leadership - Coalition des femmes de l&#039;Alberta\",\"isPartOf\":{\"@id\":\"https:\/\/coalitionfemmesab.ca\/#website\"},\"primaryImageOfPage\":{\"@id\":\"https:\/\/coalitionfemmesab.ca\/projets\/ateliers-de-leadership\/#primaryimage\"},\"image\":{\"@id\":\"https:\/\/coalitionfemmesab.ca\/projets\/ateliers-de-leadership\/#primaryimage\"},\"thumbnailUrl\":\"https:\/\/coalitionfemmesab.ca\/wp-content\/uploads\/elementor\/thumbs\/Madeleine-Ingram-1-r4ia8pma64jp8s0z1cs3affuap052rkyw1hfx0cubs.jpg\",\"datePublished\":\"2025-04-17T19:52:08+00:00\",\"dateModified\":\"2025-04-20T19:30:38+00:00\",\"breadcrumb\":{\"@id\":\"https:\/\/coalitionfemmesab.ca\/projets\/ateliers-de-leadership\/#breadcrumb\"},\"inLanguage\":\"en-US\",\"potentialAction\":[{\"@type\":\"ReadAction\",\"target\":[\"https:\/\/coalitionfemmesab.ca\/projets\/ateliers-de-leadership\/\"]}]},{\"@type\":\"ImageObject\",\"inLanguage\":\"en-US\",\"@id\":\"https:\/\/coalitionfemmesab.ca\/projets\/ateliers-de-leadership\/#primaryimage\",\"url\":\"https:\/\/coalitionfemmesab.ca\/wp-content\/uploads\/elementor\/thumbs\/Madeleine-Ingram-1-r4ia8pma64jp8s0z1cs3affuap052rkyw1hfx0cubs.jpg\",\"contentUrl\":\"https:\/\/coalitionfemmesab.ca\/wp-content\/uploads\/elementor\/thumbs\/Madeleine-Ingram-1-r4ia8pma64jp8s0z1cs3affuap052rkyw1hfx0cubs.jpg\"},{\"@type\":\"BreadcrumbList\",\"@id\":\"https:\/\/coalitionfemmesab.ca\/projets\/ateliers-de-leadership\/#breadcrumb\",\"itemListElement\":[{\"@type\":\"ListItem\",\"position\":1,\"name\":\"Accueil\",\"item\":\"https:\/\/coalitionfemmesab.ca\/\"},{\"@type\":\"ListItem\",\"position\":2,\"name\":\"Projets\",\"item\":\"https:\/\/coalitionfemmesab.ca\/projets\/\"},{\"@type\":\"ListItem\",\"position\":3,\"name\":\"Ateliers de leadership\"}]},{\"@type\":\"WebSite\",\"@id\":\"https:\/\/coalitionfemmesab.ca\/#website\",\"url\":\"https:\/\/coalitionfemmesab.ca\/\",\"name\":\"Coalition des femmes de l&#039;Alberta\",\"description\":\"La mission de l\u2019organisme est d\u2019appuyer et de repr\u00e9senter les femmes parlant fran\u00e7ais, de faire valoir leurs droits et leurs int\u00e9r\u00eats et de faciliter leur regroupement.\",\"potentialAction\":[{\"@type\":\"SearchAction\",\"target\":{\"@type\":\"EntryPoint\",\"urlTemplate\":\"https:\/\/coalitionfemmesab.ca\/?s={search_term_string}\"},\"query-input\":{\"@type\":\"PropertyValueSpecification\",\"valueRequired\":true,\"valueName\":\"search_term_string\"}}],\"inLanguage\":\"en-US\"}]}<\/script>\n<!-- \/ Yoast SEO plugin. -->","yoast_head_json":{"title":"Ateliers de leadership - Coalition des femmes de l&#039;Alberta","robots":{"index":"index","follow":"follow","max-snippet":"max-snippet:-1","max-image-preview":"max-image-preview:large","max-video-preview":"max-video-preview:-1"},"canonical":"https:\/\/coalitionfemmesab.ca\/en\/projets\/ateliers-de-leadership\/","og_locale":"en_US","og_type":"article","og_title":"Ateliers de leadership - Coalition des femmes de l&#039;Alberta","og_description":"ateliers sur le Leadership D\u00e9veloppez votre potentiel. Inspirez le changement. Description du projet S\u00e9rie d\u2019ateliers sur le Leadership Nous avons eu le plaisir d\u2019organiser une s\u00e9rie d\u2019ateliers interactifs sur le leadership,pens\u00e9s pour accompagner les femmes dans leur d\u00e9veloppement personnel et professionnel. Ces rencontres riches en \u00e9changes et en apprentissages sont maintenant disponibles en rediffusion ! [&hellip;]","og_url":"https:\/\/coalitionfemmesab.ca\/en\/projets\/ateliers-de-leadership\/","og_site_name":"Coalition des femmes de l&#039;Alberta","article_modified_time":"2025-04-20T19:30:38+00:00","og_image":[{"url":"https:\/\/coalitionfemmesab.ca\/wp-content\/uploads\/elementor\/thumbs\/Madeleine-Ingram-1-r4ia8pma64jp8s0z1cs3affuap052rkyw1hfx0cubs.jpg","type":"","width":"","height":""}],"twitter_card":"summary_large_image","twitter_misc":{"Est. reading time":"2 minutes"},"schema":{"@context":"https:\/\/schema.org","@graph":[{"@type":"WebPage","@id":"https:\/\/coalitionfemmesab.ca\/projets\/ateliers-de-leadership\/","url":"https:\/\/coalitionfemmesab.ca\/projets\/ateliers-de-leadership\/","name":"Ateliers de leadership - Coalition des femmes de l&#039;Alberta","isPartOf":{"@id":"https:\/\/coalitionfemmesab.ca\/#website"},"primaryImageOfPage":{"@id":"https:\/\/coalitionfemmesab.ca\/projets\/ateliers-de-leadership\/#primaryimage"},"image":{"@id":"https:\/\/coalitionfemmesab.ca\/projets\/ateliers-de-leadership\/#primaryimage"},"thumbnailUrl":"https:\/\/coalitionfemmesab.ca\/wp-content\/uploads\/elementor\/thumbs\/Madeleine-Ingram-1-r4ia8pma64jp8s0z1cs3affuap052rkyw1hfx0cubs.jpg","datePublished":"2025-04-17T19:52:08+00:00","dateModified":"2025-04-20T19:30:38+00:00","breadcrumb":{"@id":"https:\/\/coalitionfemmesab.ca\/projets\/ateliers-de-leadership\/#breadcrumb"},"inLanguage":"en-US","potentialAction":[{"@type":"ReadAction","target":["https:\/\/coalitionfemmesab.ca\/projets\/ateliers-de-leadership\/"]}]},{"@type":"ImageObject","inLanguage":"en-US","@id":"https:\/\/coalitionfemmesab.ca\/projets\/ateliers-de-leadership\/#primaryimage","url":"https:\/\/coalitionfemmesab.ca\/wp-content\/uploads\/elementor\/thumbs\/Madeleine-Ingram-1-r4ia8pma64jp8s0z1cs3affuap052rkyw1hfx0cubs.jpg","contentUrl":"https:\/\/coalitionfemmesab.ca\/wp-content\/uploads\/elementor\/thumbs\/Madeleine-Ingram-1-r4ia8pma64jp8s0z1cs3affuap052rkyw1hfx0cubs.jpg"},{"@type":"BreadcrumbList","@id":"https:\/\/coalitionfemmesab.ca\/projets\/ateliers-de-leadership\/#breadcrumb","itemListElement":[{"@type":"ListItem","position":1,"name":"Accueil","item":"https:\/\/coalitionfemmesab.ca\/"},{"@type":"ListItem","position":2,"name":"Projets","item":"https:\/\/coalitionfemmesab.ca\/projets\/"},{"@type":"ListItem","position":3,"name":"Ateliers de leadership"}]},{"@type":"WebSite","@id":"https:\/\/coalitionfemmesab.ca\/#website","url":"https:\/\/coalitionfemmesab.ca\/","name":"Coalition des femmes de l&#039;Alberta","description":"La mission de l\u2019organisme est d\u2019appuyer et de repr\u00e9senter les femmes parlant fran\u00e7ais, de faire valoir leurs droits et leurs int\u00e9r\u00eats et de faciliter leur regroupement.","potentialAction":[{"@type":"SearchAction","target":{"@type":"EntryPoint","urlTemplate":"https:\/\/coalitionfemmesab.ca\/?s={search_term_string}"},"query-input":{"@type":"PropertyValueSpecification","valueRequired":true,"valueName":"search_term_string"}}],"inLanguage":"en-US"}]}},"_links":{"self":[{"href":"https:\/\/coalitionfemmesab.ca\/en\/wp-json\/wp\/v2\/pages\/23919","targetHints":{"allow":["GET"]}}],"collection":[{"href":"https:\/\/coalitionfemmesab.ca\/en\/wp-json\/wp\/v2\/pages"}],"about":[{"href":"https:\/\/coalitionfemmesab.ca\/en\/wp-json\/wp\/v2\/types\/page"}],"author":[{"embeddable":true,"href":"https:\/\/coalitionfemmesab.ca\/en\/wp-json\/wp\/v2\/users\/129"}],"replies":[{"embeddable":true,"href":"https:\/\/coalitionfemmesab.ca\/en\/wp-json\/wp\/v2\/comments?post=23919"}],"version-history":[{"count":34,"href":"https:\/\/coalitionfemmesab.ca\/en\/wp-json\/wp\/v2\/pages\/23919\/revisions"}],"predecessor-version":[{"id":23980,"href":"https:\/\/coalitionfemmesab.ca\/en\/wp-json\/wp\/v2\/pages\/23919\/revisions\/23980"}],"up":[{"embeddable":true,"href":"https:\/\/coalitionfemmesab.ca\/en\/wp-json\/wp\/v2\/pages\/22115"}],"wp:attachment":[{"href":"https:\/\/coalitionfemmesab.ca\/en\/wp-json\/wp\/v2\/media?parent=23919"}],"curies":[{"name":"wp","href":"https:\/\/api.w.org\/{rel}","templated":true}]}}