{"id":24199,"date":"2025-05-02T15:25:16","date_gmt":"2025-05-02T15:25:16","guid":{"rendered":"https:\/\/coalitionfemmesab.ca\/?page_id=24199"},"modified":"2025-06-27T20:31:00","modified_gmt":"2025-06-27T20:31:00","slug":"prevention-de-la-violence-fondee-sur-le-genre-et-soutien-aux-victimes","status":"publish","type":"page","link":"https:\/\/coalitionfemmesab.ca\/en\/trouver-du-soutien\/prevention-de-la-violence-fondee-sur-le-genre-et-soutien-aux-victimes\/","title":{"rendered":"Pr\u00e9vention de la violence"},"content":{"rendered":"<div data-elementor-type=\"wp-page\" data-elementor-id=\"24199\" class=\"elementor elementor-24199\" data-elementor-post-type=\"page\">\n\t\t\t\t\t\t<section class=\"elementor-section elementor-top-section elementor-element elementor-element-6f4517f5 elementor-section-boxed elementor-section-height-default elementor-section-height-default\" data-id=\"6f4517f5\" data-element_type=\"section\" data-settings=\"{&quot;background_background&quot;:&quot;classic&quot;}\">\n\t\t\t\t\t\t<div class=\"elementor-container elementor-column-gap-extended\">\n\t\t\t\t\t<div class=\"elementor-column elementor-col-100 elementor-top-column elementor-element elementor-element-7242f2a6\" data-id=\"7242f2a6\" data-element_type=\"column\">\n\t\t\t<div class=\"elementor-widget-wrap elementor-element-populated\">\n\t\t\t\t\t\t<div class=\"elementor-element elementor-element-2d7fd33b elementor-widget elementor-widget-heading\" data-id=\"2d7fd33b\" data-element_type=\"widget\" data-widget_type=\"heading.default\">\n\t\t\t\t<div class=\"elementor-widget-container\">\n\t\t\t\t\t<h5 class=\"elementor-heading-title elementor-size-default\">Pr\u00e9vention de la violence<\/h5>\t\t\t\t<\/div>\n\t\t\t\t<\/div>\n\t\t\t\t<div class=\"elementor-element elementor-element-65784d66 elementor-widget elementor-widget-heading\" data-id=\"65784d66\" data-element_type=\"widget\" data-widget_type=\"heading.default\">\n\t\t\t\t<div class=\"elementor-widget-container\">\n\t\t\t\t\t<p class=\"elementor-heading-title elementor-size-default\">Fond\u00e9e sur le genre et soutien aux victimes\n<\/p>\t\t\t\t<\/div>\n\t\t\t\t<\/div>\n\t\t\t\t<div class=\"elementor-element elementor-element-341c8272 elementor-align-center elementor-widget__width-auto elementor-absolute e-transform elementor-widget elementor-widget-breadcrumbs\" data-id=\"341c8272\" data-element_type=\"widget\" data-settings=\"{&quot;_position&quot;:&quot;absolute&quot;,&quot;_transform_translateX_effect&quot;:{&quot;unit&quot;:&quot;%&quot;,&quot;size&quot;:-50,&quot;sizes&quot;:[]},&quot;_transform_translateX_effect_tablet&quot;:{&quot;unit&quot;:&quot;%&quot;,&quot;size&quot;:&quot;&quot;,&quot;sizes&quot;:[]},&quot;_transform_translateX_effect_mobile&quot;:{&quot;unit&quot;:&quot;%&quot;,&quot;size&quot;:&quot;&quot;,&quot;sizes&quot;:[]},&quot;_transform_translateY_effect&quot;:{&quot;unit&quot;:&quot;px&quot;,&quot;size&quot;:&quot;&quot;,&quot;sizes&quot;:[]},&quot;_transform_translateY_effect_tablet&quot;:{&quot;unit&quot;:&quot;px&quot;,&quot;size&quot;:&quot;&quot;,&quot;sizes&quot;:[]},&quot;_transform_translateY_effect_mobile&quot;:{&quot;unit&quot;:&quot;px&quot;,&quot;size&quot;:&quot;&quot;,&quot;sizes&quot;:[]}}\" data-widget_type=\"breadcrumbs.default\">\n\t\t\t\t<div class=\"elementor-widget-container\">\n\t\t\t\t\t<nav id=\"breadcrumbs\"><span><span><a href=\"https:\/\/coalitionfemmesab.ca\/en\/\">Accueil<\/a><\/span><\/span><\/nav>\t\t\t\t<\/div>\n\t\t\t\t<\/div>\n\t\t\t\t\t<\/div>\n\t\t<\/div>\n\t\t\t\t\t<\/div>\n\t\t<\/section>\n\t\t\t\t<section class=\"elementor-section elementor-top-section elementor-element elementor-element-ab61714 elementor-section-boxed elementor-section-height-default elementor-section-height-default\" data-id=\"ab61714\" data-element_type=\"section\">\n\t\t\t\t\t\t<div class=\"elementor-container elementor-column-gap-default\">\n\t\t\t\t\t<div class=\"elementor-column elementor-col-100 elementor-top-column elementor-element elementor-element-67511e8\" data-id=\"67511e8\" data-element_type=\"column\">\n\t\t\t<div class=\"elementor-widget-wrap elementor-element-populated\">\n\t\t\t\t\t\t<div class=\"elementor-element elementor-element-193f0fa elementor-widget elementor-widget-text-editor\" data-id=\"193f0fa\" data-element_type=\"widget\" data-widget_type=\"text-editor.default\">\n\t\t\t\t<div class=\"elementor-widget-container\">\n\t\t\t\t\t\t\t\t\t<p>Selon votre situation, cliquez sur les liens ci-dessous pour acc\u00e9der aux informations et \u00e0 l\u2019aide dont vous avez besoin.<\/p>\t\t\t\t\t\t\t\t<\/div>\n\t\t\t\t<\/div>\n\t\t\t\t\t<\/div>\n\t\t<\/div>\n\t\t\t\t\t<\/div>\n\t\t<\/section>\n\t\t\t\t<section class=\"elementor-section elementor-top-section elementor-element elementor-element-c7a1057 elementor-section-boxed elementor-section-height-default elementor-section-height-default\" data-id=\"c7a1057\" data-element_type=\"section\">\n\t\t\t\t\t\t<div class=\"elementor-container elementor-column-gap-default\">\n\t\t\t\t\t<div class=\"elementor-column elementor-col-100 elementor-top-column elementor-element elementor-element-e69b080\" data-id=\"e69b080\" data-element_type=\"column\">\n\t\t\t<div class=\"elementor-widget-wrap elementor-element-populated\">\n\t\t\t\t\t\t<div class=\"elementor-element elementor-element-d118fbe elementor-widget elementor-widget-accordion\" data-id=\"d118fbe\" data-element_type=\"widget\" data-widget_type=\"accordion.default\">\n\t\t\t\t<div class=\"elementor-widget-container\">\n\t\t\t\t\t\t\t<div class=\"elementor-accordion\">\n\t\t\t\t\t\t\t<div class=\"elementor-accordion-item\">\n\t\t\t\t\t<div id=\"elementor-tab-title-2191\" class=\"elementor-tab-title\" data-tab=\"1\" role=\"button\" aria-controls=\"elementor-tab-content-2191\" aria-expanded=\"false\">\n\t\t\t\t\t\t\t\t\t\t\t\t\t<span class=\"elementor-accordion-icon elementor-accordion-icon-right\" aria-hidden=\"true\">\n\t\t\t\t\t\t\t\t\t\t\t\t\t\t\t<span class=\"elementor-accordion-icon-closed\"><i class=\"fas fa-chevron-down\"><\/i><\/span>\n\t\t\t\t\t\t\t\t<span class=\"elementor-accordion-icon-opened\"><i class=\"fas fa-chevron-up\"><\/i><\/span>\n\t\t\t\t\t\t\t\t\t\t\t\t\t\t<\/span>\n\t\t\t\t\t\t\t\t\t\t\t\t<a class=\"elementor-accordion-title\" tabindex=\"0\">Pr\u00e9vention de la violence<\/a>\n\t\t\t\t\t<\/div>\n\t\t\t\t\t<div id=\"elementor-tab-content-2191\" class=\"elementor-tab-content elementor-clearfix\" data-tab=\"1\" role=\"region\" aria-labelledby=\"elementor-tab-title-2191\"><ul><li style=\"font-weight: 400;\" aria-level=\"1\"><a href=\"https:\/\/www.youtube.com\/watch?v=C2lRe1GT51M&amp;list=PLJxOnuD-O6fe9BduZLhaYvPlIaq9qmKNZ\"><span style=\"font-weight: 400;\">Campagne contre la violence fond\u00e9e sur le genre<\/span><\/a><\/li><li style=\"font-weight: 400;\" aria-level=\"1\"><a href=\"https:\/\/www.youtube.com\/watch?v=45luNEspV6U\"><span style=\"font-weight: 400;\">Entrevue ma\u00eetre Sifa sur les formes de violence<\/span><\/a><\/li><li style=\"font-weight: 400;\" aria-level=\"1\"><a href=\"https:\/\/telaideoutaouais.ca\/\"><span style=\"font-weight: 400;\">Service d&rsquo;\u00e9coute en ligne: TAO TEL-AIDE<\/span><\/a><\/li><li style=\"font-weight: 400;\" aria-level=\"1\"><a href=\"https:\/\/affc.ca\/publications\/guides-prevention-et-dintervention-en-matiere-de-violence-fondee-sur-le-genre\/\"><span style=\"font-weight: 400;\">Guides de pr\u00e9vention et d\u2019intervention en mati\u00e8re de violence fond\u00e9e sur le genre<\/span><\/a><\/li><li style=\"font-weight: 400;\" aria-level=\"1\"><a href=\"https:\/\/www.canada.ca\/fr\/femmes-egalite-genres\/campagnes\/violence-fondee-sexe-ce-nest-pas-juste\/ressources-matiere-violence-fondee-sexe.html\"><span style=\"font-weight: 400;\">Ressources pour contribuer \u00e0 mettre fin \u00e0 la violence fond\u00e9e sur le sexe<\/span><\/a><\/li><li style=\"font-weight: 400;\" aria-level=\"1\"><a href=\"https:\/\/jeunessejecoute.ca\/\"><span style=\"font-weight: 400;\">Ressources pour les jeunes<\/span><\/a><\/li><\/ul><\/div>\n\t\t\t\t<\/div>\n\t\t\t\t\t\t\t<div class=\"elementor-accordion-item\">\n\t\t\t\t\t<div id=\"elementor-tab-title-2192\" class=\"elementor-tab-title\" data-tab=\"2\" role=\"button\" aria-controls=\"elementor-tab-content-2192\" aria-expanded=\"false\">\n\t\t\t\t\t\t\t\t\t\t\t\t\t<span class=\"elementor-accordion-icon elementor-accordion-icon-right\" aria-hidden=\"true\">\n\t\t\t\t\t\t\t\t\t\t\t\t\t\t\t<span class=\"elementor-accordion-icon-closed\"><i class=\"fas fa-chevron-down\"><\/i><\/span>\n\t\t\t\t\t\t\t\t<span class=\"elementor-accordion-icon-opened\"><i class=\"fas fa-chevron-up\"><\/i><\/span>\n\t\t\t\t\t\t\t\t\t\t\t\t\t\t<\/span>\n\t\t\t\t\t\t\t\t\t\t\t\t<a class=\"elementor-accordion-title\" tabindex=\"0\">Soutien aux victimes<\/a>\n\t\t\t\t\t<\/div>\n\t\t\t\t\t<div id=\"elementor-tab-content-2192\" class=\"elementor-tab-content elementor-clearfix\" data-tab=\"2\" role=\"region\" aria-labelledby=\"elementor-tab-title-2192\"><ul><li><a href=\"https:\/\/coalitionfemmesab.ca\/wp-content\/uploads\/2025\/03\/RESSOURCES-PSYCHOLOGIQUES.pdf\"><span style=\"font-weight: 400;\">Ressources psychologiques<\/span><\/a><\/li><li><a href=\"https:\/\/coalitionfemmesab.ca\/wp-content\/uploads\/2025\/03\/RESSOURCES-FAMILIALES.pdf\"><span style=\"font-weight: 400;\">Ressources familiales<\/span><\/a><\/li><li><a href=\"https:\/\/coalitionfemmesab.ca\/wp-content\/uploads\/2025\/03\/RESSOURCES-JURIDIQUES.pdf\"><span style=\"font-weight: 400;\">Ressources juridiques<\/span><\/a><\/li><li><a href=\"https:\/\/coalitionfemmesab.ca\/wp-content\/uploads\/2025\/03\/RESSOURCES-EN-REGION.pdf\"><span style=\"font-weight: 400;\">Ressources en r\u00e9gion<\/span><\/a><\/li><li><a href=\"https:\/\/coalitionfemmesab.ca\/wp-content\/uploads\/2025\/03\/MAISONS-DHEBERGEMENT.pdf\"><span style=\"font-weight: 400;\">Maisons d&rsquo;h\u00e9bergement<\/span><\/a><\/li><\/ul><\/div>\n\t\t\t\t<\/div>\n\t\t\t\t\t\t\t\t<\/div>\n\t\t\t\t\t\t<\/div>\n\t\t\t\t<\/div>\n\t\t\t\t\t<\/div>\n\t\t<\/div>\n\t\t\t\t\t<\/div>\n\t\t<\/section>\n\t\t\t\t<\/div>","protected":false},"excerpt":{"rendered":"<p>Pr\u00e9vention de la violence Fond\u00e9e sur le genre et soutien aux victimes Selon votre situation, cliquez sur les liens ci-dessous pour acc\u00e9der aux informations et \u00e0 l\u2019aide dont vous avez besoin. Pr\u00e9vention de la violence Campagne contre la violence fond\u00e9e sur le genre Entrevue ma\u00eetre Sifa sur les formes de violence Service d&rsquo;\u00e9coute en ligne: [&hellip;]<\/p>","protected":false},"author":129,"featured_media":0,"parent":22030,"menu_order":0,"comment_status":"closed","ping_status":"closed","template":"elementor_header_footer","meta":{"_acf_changed":false,"footnotes":""},"class_list":["post-24199","page","type-page","status-publish","hentry","entry"],"acf":[],"yoast_head":"<!-- This site is optimized with the Yoast SEO plugin v26.8 - https:\/\/yoast.com\/product\/yoast-seo-wordpress\/ -->\n<title>Pr\u00e9vention de la violence - Coalition des femmes de l&#039;Alberta<\/title>\n<meta name=\"description\" content=\"Ressources pour la pr\u00e9vention de la violence fond\u00e9e sur le genre et soutien aux victimes\" \/>\n<meta name=\"robots\" content=\"index, follow, max-snippet:-1, max-image-preview:large, max-video-preview:-1\" \/>\n<link rel=\"canonical\" href=\"https:\/\/coalitionfemmesab.ca\/en\/trouver-du-soutien\/prevention-de-la-violence-fondee-sur-le-genre-et-soutien-aux-victimes\/\" \/>\n<meta property=\"og:locale\" content=\"en_US\" \/>\n<meta property=\"og:type\" content=\"article\" \/>\n<meta property=\"og:title\" content=\"Pr\u00e9vention de la violence - Coalition des femmes de l&#039;Alberta\" \/>\n<meta property=\"og:description\" content=\"Ressources pour la pr\u00e9vention de la violence fond\u00e9e sur le genre et soutien aux victimes\" \/>\n<meta property=\"og:url\" content=\"https:\/\/coalitionfemmesab.ca\/en\/trouver-du-soutien\/prevention-de-la-violence-fondee-sur-le-genre-et-soutien-aux-victimes\/\" \/>\n<meta property=\"og:site_name\" content=\"Coalition des femmes de l&#039;Alberta\" \/>\n<meta property=\"article:modified_time\" content=\"2025-06-27T20:31:00+00:00\" \/>\n<meta name=\"twitter:card\" content=\"summary_large_image\" \/>\n<meta name=\"twitter:label1\" content=\"Est. reading time\" \/>\n\t<meta name=\"twitter:data1\" content=\"1 minute\" \/>\n<script type=\"application\/ld+json\" class=\"yoast-schema-graph\">{\"@context\":\"https:\/\/schema.org\",\"@graph\":[{\"@type\":\"WebPage\",\"@id\":\"https:\/\/coalitionfemmesab.ca\/trouver-du-soutien\/prevention-de-la-violence-fondee-sur-le-genre-et-soutien-aux-victimes\/\",\"url\":\"https:\/\/coalitionfemmesab.ca\/trouver-du-soutien\/prevention-de-la-violence-fondee-sur-le-genre-et-soutien-aux-victimes\/\",\"name\":\"Pr\u00e9vention de la violence - Coalition des femmes de l&#039;Alberta\",\"isPartOf\":{\"@id\":\"https:\/\/coalitionfemmesab.ca\/#website\"},\"datePublished\":\"2025-05-02T15:25:16+00:00\",\"dateModified\":\"2025-06-27T20:31:00+00:00\",\"description\":\"Ressources pour la pr\u00e9vention de la violence fond\u00e9e sur le genre et soutien aux victimes\",\"breadcrumb\":{\"@id\":\"https:\/\/coalitionfemmesab.ca\/trouver-du-soutien\/prevention-de-la-violence-fondee-sur-le-genre-et-soutien-aux-victimes\/#breadcrumb\"},\"inLanguage\":\"en-US\",\"potentialAction\":[{\"@type\":\"ReadAction\",\"target\":[\"https:\/\/coalitionfemmesab.ca\/trouver-du-soutien\/prevention-de-la-violence-fondee-sur-le-genre-et-soutien-aux-victimes\/\"]}]},{\"@type\":\"BreadcrumbList\",\"@id\":\"https:\/\/coalitionfemmesab.ca\/trouver-du-soutien\/prevention-de-la-violence-fondee-sur-le-genre-et-soutien-aux-victimes\/#breadcrumb\",\"itemListElement\":[{\"@type\":\"ListItem\",\"position\":1,\"name\":\"Accueil\",\"item\":\"https:\/\/coalitionfemmesab.ca\/\"},{\"@type\":\"ListItem\",\"position\":2,\"name\":\"Trouver du soutien\",\"item\":\"https:\/\/coalitionfemmesab.ca\/trouver-du-soutien\/\"},{\"@type\":\"ListItem\",\"position\":3,\"name\":\"Pr\u00e9vention de la violence\"}]},{\"@type\":\"WebSite\",\"@id\":\"https:\/\/coalitionfemmesab.ca\/#website\",\"url\":\"https:\/\/coalitionfemmesab.ca\/\",\"name\":\"Coalition des femmes de l&#039;Alberta\",\"description\":\"La mission de l\u2019organisme est d\u2019appuyer et de repr\u00e9senter les femmes parlant fran\u00e7ais, de faire valoir leurs droits et leurs int\u00e9r\u00eats et de faciliter leur regroupement.\",\"potentialAction\":[{\"@type\":\"SearchAction\",\"target\":{\"@type\":\"EntryPoint\",\"urlTemplate\":\"https:\/\/coalitionfemmesab.ca\/?s={search_term_string}\"},\"query-input\":{\"@type\":\"PropertyValueSpecification\",\"valueRequired\":true,\"valueName\":\"search_term_string\"}}],\"inLanguage\":\"en-US\"}]}<\/script>\n<!-- \/ Yoast SEO plugin. -->","yoast_head_json":{"title":"Pr\u00e9vention de la violence - Coalition des femmes de l&#039;Alberta","description":"Ressources pour la pr\u00e9vention de la violence fond\u00e9e sur le genre et soutien aux victimes","robots":{"index":"index","follow":"follow","max-snippet":"max-snippet:-1","max-image-preview":"max-image-preview:large","max-video-preview":"max-video-preview:-1"},"canonical":"https:\/\/coalitionfemmesab.ca\/en\/trouver-du-soutien\/prevention-de-la-violence-fondee-sur-le-genre-et-soutien-aux-victimes\/","og_locale":"en_US","og_type":"article","og_title":"Pr\u00e9vention de la violence - Coalition des femmes de l&#039;Alberta","og_description":"Ressources pour la pr\u00e9vention de la violence fond\u00e9e sur le genre et soutien aux victimes","og_url":"https:\/\/coalitionfemmesab.ca\/en\/trouver-du-soutien\/prevention-de-la-violence-fondee-sur-le-genre-et-soutien-aux-victimes\/","og_site_name":"Coalition des femmes de l&#039;Alberta","article_modified_time":"2025-06-27T20:31:00+00:00","twitter_card":"summary_large_image","twitter_misc":{"Est. reading time":"1 minute"},"schema":{"@context":"https:\/\/schema.org","@graph":[{"@type":"WebPage","@id":"https:\/\/coalitionfemmesab.ca\/trouver-du-soutien\/prevention-de-la-violence-fondee-sur-le-genre-et-soutien-aux-victimes\/","url":"https:\/\/coalitionfemmesab.ca\/trouver-du-soutien\/prevention-de-la-violence-fondee-sur-le-genre-et-soutien-aux-victimes\/","name":"Pr\u00e9vention de la violence - Coalition des femmes de l&#039;Alberta","isPartOf":{"@id":"https:\/\/coalitionfemmesab.ca\/#website"},"datePublished":"2025-05-02T15:25:16+00:00","dateModified":"2025-06-27T20:31:00+00:00","description":"Ressources pour la pr\u00e9vention de la violence fond\u00e9e sur le genre et soutien aux victimes","breadcrumb":{"@id":"https:\/\/coalitionfemmesab.ca\/trouver-du-soutien\/prevention-de-la-violence-fondee-sur-le-genre-et-soutien-aux-victimes\/#breadcrumb"},"inLanguage":"en-US","potentialAction":[{"@type":"ReadAction","target":["https:\/\/coalitionfemmesab.ca\/trouver-du-soutien\/prevention-de-la-violence-fondee-sur-le-genre-et-soutien-aux-victimes\/"]}]},{"@type":"BreadcrumbList","@id":"https:\/\/coalitionfemmesab.ca\/trouver-du-soutien\/prevention-de-la-violence-fondee-sur-le-genre-et-soutien-aux-victimes\/#breadcrumb","itemListElement":[{"@type":"ListItem","position":1,"name":"Accueil","item":"https:\/\/coalitionfemmesab.ca\/"},{"@type":"ListItem","position":2,"name":"Trouver du soutien","item":"https:\/\/coalitionfemmesab.ca\/trouver-du-soutien\/"},{"@type":"ListItem","position":3,"name":"Pr\u00e9vention de la violence"}]},{"@type":"WebSite","@id":"https:\/\/coalitionfemmesab.ca\/#website","url":"https:\/\/coalitionfemmesab.ca\/","name":"Coalition des femmes de l&#039;Alberta","description":"La mission de l\u2019organisme est d\u2019appuyer et de repr\u00e9senter les femmes parlant fran\u00e7ais, de faire valoir leurs droits et leurs int\u00e9r\u00eats et de faciliter leur regroupement.","potentialAction":[{"@type":"SearchAction","target":{"@type":"EntryPoint","urlTemplate":"https:\/\/coalitionfemmesab.ca\/?s={search_term_string}"},"query-input":{"@type":"PropertyValueSpecification","valueRequired":true,"valueName":"search_term_string"}}],"inLanguage":"en-US"}]}},"_links":{"self":[{"href":"https:\/\/coalitionfemmesab.ca\/en\/wp-json\/wp\/v2\/pages\/24199","targetHints":{"allow":["GET"]}}],"collection":[{"href":"https:\/\/coalitionfemmesab.ca\/en\/wp-json\/wp\/v2\/pages"}],"about":[{"href":"https:\/\/coalitionfemmesab.ca\/en\/wp-json\/wp\/v2\/types\/page"}],"author":[{"embeddable":true,"href":"https:\/\/coalitionfemmesab.ca\/en\/wp-json\/wp\/v2\/users\/129"}],"replies":[{"embeddable":true,"href":"https:\/\/coalitionfemmesab.ca\/en\/wp-json\/wp\/v2\/comments?post=24199"}],"version-history":[{"count":40,"href":"https:\/\/coalitionfemmesab.ca\/en\/wp-json\/wp\/v2\/pages\/24199\/revisions"}],"predecessor-version":[{"id":24713,"href":"https:\/\/coalitionfemmesab.ca\/en\/wp-json\/wp\/v2\/pages\/24199\/revisions\/24713"}],"up":[{"embeddable":true,"href":"https:\/\/coalitionfemmesab.ca\/en\/wp-json\/wp\/v2\/pages\/22030"}],"wp:attachment":[{"href":"https:\/\/coalitionfemmesab.ca\/en\/wp-json\/wp\/v2\/media?parent=24199"}],"curies":[{"name":"wp","href":"https:\/\/api.w.org\/{rel}","templated":true}]}}