{"id":24253,"date":"2025-05-02T16:06:44","date_gmt":"2025-05-02T16:06:44","guid":{"rendered":"https:\/\/coalitionfemmesab.ca\/?page_id=24253"},"modified":"2025-05-04T03:32:55","modified_gmt":"2025-05-04T03:32:55","slug":"ressources-pour-les-femmes-entrepreneures","status":"publish","type":"page","link":"https:\/\/coalitionfemmesab.ca\/en\/trouver-du-soutien\/ressources-pour-les-femmes-entrepreneures\/","title":{"rendered":"Femmes entrepreneures"},"content":{"rendered":"<div data-elementor-type=\"wp-page\" data-elementor-id=\"24253\" class=\"elementor elementor-24253\" data-elementor-post-type=\"page\">\n\t\t\t\t\t\t<section class=\"elementor-section elementor-top-section elementor-element elementor-element-16aa059b elementor-section-boxed elementor-section-height-default elementor-section-height-default\" data-id=\"16aa059b\" data-element_type=\"section\" data-settings=\"{&quot;background_background&quot;:&quot;classic&quot;}\">\n\t\t\t\t\t\t<div class=\"elementor-container elementor-column-gap-extended\">\n\t\t\t\t\t<div class=\"elementor-column elementor-col-100 elementor-top-column elementor-element elementor-element-61ae79c4\" data-id=\"61ae79c4\" data-element_type=\"column\">\n\t\t\t<div class=\"elementor-widget-wrap elementor-element-populated\">\n\t\t\t\t\t\t<div class=\"elementor-element elementor-element-6b73ac48 elementor-widget elementor-widget-heading\" data-id=\"6b73ac48\" data-element_type=\"widget\" data-widget_type=\"heading.default\">\n\t\t\t\t<div class=\"elementor-widget-container\">\n\t\t\t\t\t<h5 class=\"elementor-heading-title elementor-size-default\">femme entrepreneures<\/h5>\t\t\t\t<\/div>\n\t\t\t\t<\/div>\n\t\t\t\t<div class=\"elementor-element elementor-element-20a83283 elementor-widget elementor-widget-heading\" data-id=\"20a83283\" data-element_type=\"widget\" data-widget_type=\"heading.default\">\n\t\t\t\t<div class=\"elementor-widget-container\">\n\t\t\t\t\t<p class=\"elementor-heading-title elementor-size-default\">Ressources utiles pour votre projet<\/p>\t\t\t\t<\/div>\n\t\t\t\t<\/div>\n\t\t\t\t<div class=\"elementor-element elementor-element-151c270c elementor-align-center elementor-widget__width-auto elementor-absolute e-transform elementor-widget elementor-widget-breadcrumbs\" data-id=\"151c270c\" data-element_type=\"widget\" data-settings=\"{&quot;_position&quot;:&quot;absolute&quot;,&quot;_transform_translateX_effect&quot;:{&quot;unit&quot;:&quot;%&quot;,&quot;size&quot;:-50,&quot;sizes&quot;:[]},&quot;_transform_translateX_effect_tablet&quot;:{&quot;unit&quot;:&quot;%&quot;,&quot;size&quot;:&quot;&quot;,&quot;sizes&quot;:[]},&quot;_transform_translateX_effect_mobile&quot;:{&quot;unit&quot;:&quot;%&quot;,&quot;size&quot;:&quot;&quot;,&quot;sizes&quot;:[]},&quot;_transform_translateY_effect&quot;:{&quot;unit&quot;:&quot;px&quot;,&quot;size&quot;:&quot;&quot;,&quot;sizes&quot;:[]},&quot;_transform_translateY_effect_tablet&quot;:{&quot;unit&quot;:&quot;px&quot;,&quot;size&quot;:&quot;&quot;,&quot;sizes&quot;:[]},&quot;_transform_translateY_effect_mobile&quot;:{&quot;unit&quot;:&quot;px&quot;,&quot;size&quot;:&quot;&quot;,&quot;sizes&quot;:[]}}\" data-widget_type=\"breadcrumbs.default\">\n\t\t\t\t<div class=\"elementor-widget-container\">\n\t\t\t\t\t<nav id=\"breadcrumbs\"><span><span><a href=\"https:\/\/coalitionfemmesab.ca\/en\/\">Accueil<\/a><\/span><\/span><\/nav>\t\t\t\t<\/div>\n\t\t\t\t<\/div>\n\t\t\t\t\t<\/div>\n\t\t<\/div>\n\t\t\t\t\t<\/div>\n\t\t<\/section>\n\t\t\t\t<section class=\"elementor-section elementor-top-section elementor-element elementor-element-a968fdd elementor-section-boxed elementor-section-height-default elementor-section-height-default\" data-id=\"a968fdd\" data-element_type=\"section\">\n\t\t\t\t\t\t<div class=\"elementor-container elementor-column-gap-default\">\n\t\t\t\t\t<div class=\"elementor-column elementor-col-100 elementor-top-column elementor-element elementor-element-80a9831\" data-id=\"80a9831\" data-element_type=\"column\">\n\t\t\t<div class=\"elementor-widget-wrap elementor-element-populated\">\n\t\t\t\t\t\t<div class=\"elementor-element elementor-element-891b994 elementor-widget elementor-widget-text-editor\" data-id=\"891b994\" data-element_type=\"widget\" data-widget_type=\"text-editor.default\">\n\t\t\t\t<div class=\"elementor-widget-container\">\n\t\t\t\t\t\t\t\t\t<p>Cliquez sur les liens ci-dessous pour d\u00e9couvrir des ressources pour vous soutenir dans votre parcours entrepreneurial.<\/p>\t\t\t\t\t\t\t\t<\/div>\n\t\t\t\t<\/div>\n\t\t\t\t\t<\/div>\n\t\t<\/div>\n\t\t\t\t\t<\/div>\n\t\t<\/section>\n\t\t\t\t<section class=\"elementor-section elementor-top-section elementor-element elementor-element-49c9485 elementor-section-boxed elementor-section-height-default elementor-section-height-default\" data-id=\"49c9485\" data-element_type=\"section\">\n\t\t\t\t\t\t<div class=\"elementor-container elementor-column-gap-default\">\n\t\t\t\t\t<div class=\"elementor-column elementor-col-100 elementor-top-column elementor-element elementor-element-1bfc6f1\" data-id=\"1bfc6f1\" data-element_type=\"column\">\n\t\t\t<div class=\"elementor-widget-wrap elementor-element-populated\">\n\t\t\t\t\t\t<div class=\"elementor-element elementor-element-4c2cb23 elementor-widget elementor-widget-accordion\" data-id=\"4c2cb23\" data-element_type=\"widget\" data-widget_type=\"accordion.default\">\n\t\t\t\t<div class=\"elementor-widget-container\">\n\t\t\t\t\t\t\t<div class=\"elementor-accordion\">\n\t\t\t\t\t\t\t<div class=\"elementor-accordion-item\">\n\t\t\t\t\t<div id=\"elementor-tab-title-7981\" class=\"elementor-tab-title\" data-tab=\"1\" role=\"button\" aria-controls=\"elementor-tab-content-7981\" aria-expanded=\"false\">\n\t\t\t\t\t\t\t\t\t\t\t\t\t<span class=\"elementor-accordion-icon elementor-accordion-icon-right\" aria-hidden=\"true\">\n\t\t\t\t\t\t\t\t\t\t\t\t\t\t\t<span class=\"elementor-accordion-icon-closed\"><i class=\"fas fa-chevron-down\"><\/i><\/span>\n\t\t\t\t\t\t\t\t<span class=\"elementor-accordion-icon-opened\"><i class=\"fas fa-chevron-up\"><\/i><\/span>\n\t\t\t\t\t\t\t\t\t\t\t\t\t\t<\/span>\n\t\t\t\t\t\t\t\t\t\t\t\t<a class=\"elementor-accordion-title\" tabindex=\"0\">Entrepreneuriat<\/a>\n\t\t\t\t\t<\/div>\n\t\t\t\t\t<div id=\"elementor-tab-content-7981\" class=\"elementor-tab-content elementor-clearfix\" data-tab=\"1\" role=\"region\" aria-labelledby=\"elementor-tab-title-7981\"><ul><li style=\"font-weight: 400;\" aria-level=\"1\"><a href=\"https:\/\/coalitionfemmesab.ca\/wp-content\/uploads\/2025\/03\/CANVAS.pdf\"><span style=\"font-weight: 400;\">Business Model Canvas<\/span><\/a><\/li><li style=\"font-weight: 400;\" aria-level=\"1\"><span style=\"font-weight: 400;\">Comment se vendre sur les r\u00e9seaux sociaux <\/span><\/li><\/ul><\/div>\n\t\t\t\t<\/div>\n\t\t\t\t\t\t\t\t<\/div>\n\t\t\t\t\t\t<\/div>\n\t\t\t\t<\/div>\n\t\t\t\t\t<\/div>\n\t\t<\/div>\n\t\t\t\t\t<\/div>\n\t\t<\/section>\n\t\t\t\t<\/div>","protected":false},"excerpt":{"rendered":"<p>femme entrepreneures Ressources utiles pour votre projet Cliquez sur les liens ci-dessous pour d\u00e9couvrir des ressources pour vous soutenir dans votre parcours entrepreneurial. Entrepreneuriat Business Model Canvas Comment se vendre sur les r\u00e9seaux sociaux<\/p>","protected":false},"author":129,"featured_media":0,"parent":22030,"menu_order":0,"comment_status":"closed","ping_status":"closed","template":"elementor_header_footer","meta":{"_acf_changed":false,"footnotes":""},"class_list":["post-24253","page","type-page","status-publish","hentry","entry"],"acf":[],"yoast_head":"<!-- This site is optimized with the Yoast SEO plugin v26.8 - https:\/\/yoast.com\/product\/yoast-seo-wordpress\/ -->\n<title>Femmes entrepreneures - Coalition des femmes de l&#039;Alberta<\/title>\n<meta name=\"robots\" content=\"index, follow, max-snippet:-1, max-image-preview:large, max-video-preview:-1\" \/>\n<link rel=\"canonical\" href=\"https:\/\/coalitionfemmesab.ca\/en\/trouver-du-soutien\/ressources-pour-les-femmes-entrepreneures\/\" \/>\n<meta property=\"og:locale\" content=\"en_US\" \/>\n<meta property=\"og:type\" content=\"article\" \/>\n<meta property=\"og:title\" content=\"Femmes entrepreneures - Coalition des femmes de l&#039;Alberta\" \/>\n<meta property=\"og:description\" content=\"femme entrepreneures Ressources utiles pour votre projet Cliquez sur les liens ci-dessous pour d\u00e9couvrir des ressources pour vous soutenir dans votre parcours entrepreneurial. Entrepreneuriat Business Model Canvas Comment se vendre sur les r\u00e9seaux sociaux\" \/>\n<meta property=\"og:url\" content=\"https:\/\/coalitionfemmesab.ca\/en\/trouver-du-soutien\/ressources-pour-les-femmes-entrepreneures\/\" \/>\n<meta property=\"og:site_name\" content=\"Coalition des femmes de l&#039;Alberta\" \/>\n<meta property=\"article:modified_time\" content=\"2025-05-04T03:32:55+00:00\" \/>\n<meta name=\"twitter:card\" content=\"summary_large_image\" \/>\n<meta name=\"twitter:label1\" content=\"Est. reading time\" \/>\n\t<meta name=\"twitter:data1\" content=\"1 minute\" \/>\n<script type=\"application\/ld+json\" class=\"yoast-schema-graph\">{\"@context\":\"https:\/\/schema.org\",\"@graph\":[{\"@type\":\"WebPage\",\"@id\":\"https:\/\/coalitionfemmesab.ca\/trouver-du-soutien\/ressources-pour-les-femmes-entrepreneures\/\",\"url\":\"https:\/\/coalitionfemmesab.ca\/trouver-du-soutien\/ressources-pour-les-femmes-entrepreneures\/\",\"name\":\"Femmes entrepreneures - Coalition des femmes de l&#039;Alberta\",\"isPartOf\":{\"@id\":\"https:\/\/coalitionfemmesab.ca\/#website\"},\"datePublished\":\"2025-05-02T16:06:44+00:00\",\"dateModified\":\"2025-05-04T03:32:55+00:00\",\"breadcrumb\":{\"@id\":\"https:\/\/coalitionfemmesab.ca\/trouver-du-soutien\/ressources-pour-les-femmes-entrepreneures\/#breadcrumb\"},\"inLanguage\":\"en-US\",\"potentialAction\":[{\"@type\":\"ReadAction\",\"target\":[\"https:\/\/coalitionfemmesab.ca\/trouver-du-soutien\/ressources-pour-les-femmes-entrepreneures\/\"]}]},{\"@type\":\"BreadcrumbList\",\"@id\":\"https:\/\/coalitionfemmesab.ca\/trouver-du-soutien\/ressources-pour-les-femmes-entrepreneures\/#breadcrumb\",\"itemListElement\":[{\"@type\":\"ListItem\",\"position\":1,\"name\":\"Accueil\",\"item\":\"https:\/\/coalitionfemmesab.ca\/\"},{\"@type\":\"ListItem\",\"position\":2,\"name\":\"Trouver du soutien\",\"item\":\"https:\/\/coalitionfemmesab.ca\/trouver-du-soutien\/\"},{\"@type\":\"ListItem\",\"position\":3,\"name\":\"Femmes entrepreneures\"}]},{\"@type\":\"WebSite\",\"@id\":\"https:\/\/coalitionfemmesab.ca\/#website\",\"url\":\"https:\/\/coalitionfemmesab.ca\/\",\"name\":\"Coalition des femmes de l&#039;Alberta\",\"description\":\"La mission de l\u2019organisme est d\u2019appuyer et de repr\u00e9senter les femmes parlant fran\u00e7ais, de faire valoir leurs droits et leurs int\u00e9r\u00eats et de faciliter leur regroupement.\",\"potentialAction\":[{\"@type\":\"SearchAction\",\"target\":{\"@type\":\"EntryPoint\",\"urlTemplate\":\"https:\/\/coalitionfemmesab.ca\/?s={search_term_string}\"},\"query-input\":{\"@type\":\"PropertyValueSpecification\",\"valueRequired\":true,\"valueName\":\"search_term_string\"}}],\"inLanguage\":\"en-US\"}]}<\/script>\n<!-- \/ Yoast SEO plugin. -->","yoast_head_json":{"title":"Femmes entrepreneures - Coalition des femmes de l&#039;Alberta","robots":{"index":"index","follow":"follow","max-snippet":"max-snippet:-1","max-image-preview":"max-image-preview:large","max-video-preview":"max-video-preview:-1"},"canonical":"https:\/\/coalitionfemmesab.ca\/en\/trouver-du-soutien\/ressources-pour-les-femmes-entrepreneures\/","og_locale":"en_US","og_type":"article","og_title":"Femmes entrepreneures - Coalition des femmes de l&#039;Alberta","og_description":"femme entrepreneures Ressources utiles pour votre projet Cliquez sur les liens ci-dessous pour d\u00e9couvrir des ressources pour vous soutenir dans votre parcours entrepreneurial. Entrepreneuriat Business Model Canvas Comment se vendre sur les r\u00e9seaux sociaux","og_url":"https:\/\/coalitionfemmesab.ca\/en\/trouver-du-soutien\/ressources-pour-les-femmes-entrepreneures\/","og_site_name":"Coalition des femmes de l&#039;Alberta","article_modified_time":"2025-05-04T03:32:55+00:00","twitter_card":"summary_large_image","twitter_misc":{"Est. reading time":"1 minute"},"schema":{"@context":"https:\/\/schema.org","@graph":[{"@type":"WebPage","@id":"https:\/\/coalitionfemmesab.ca\/trouver-du-soutien\/ressources-pour-les-femmes-entrepreneures\/","url":"https:\/\/coalitionfemmesab.ca\/trouver-du-soutien\/ressources-pour-les-femmes-entrepreneures\/","name":"Femmes entrepreneures - Coalition des femmes de l&#039;Alberta","isPartOf":{"@id":"https:\/\/coalitionfemmesab.ca\/#website"},"datePublished":"2025-05-02T16:06:44+00:00","dateModified":"2025-05-04T03:32:55+00:00","breadcrumb":{"@id":"https:\/\/coalitionfemmesab.ca\/trouver-du-soutien\/ressources-pour-les-femmes-entrepreneures\/#breadcrumb"},"inLanguage":"en-US","potentialAction":[{"@type":"ReadAction","target":["https:\/\/coalitionfemmesab.ca\/trouver-du-soutien\/ressources-pour-les-femmes-entrepreneures\/"]}]},{"@type":"BreadcrumbList","@id":"https:\/\/coalitionfemmesab.ca\/trouver-du-soutien\/ressources-pour-les-femmes-entrepreneures\/#breadcrumb","itemListElement":[{"@type":"ListItem","position":1,"name":"Accueil","item":"https:\/\/coalitionfemmesab.ca\/"},{"@type":"ListItem","position":2,"name":"Trouver du soutien","item":"https:\/\/coalitionfemmesab.ca\/trouver-du-soutien\/"},{"@type":"ListItem","position":3,"name":"Femmes entrepreneures"}]},{"@type":"WebSite","@id":"https:\/\/coalitionfemmesab.ca\/#website","url":"https:\/\/coalitionfemmesab.ca\/","name":"Coalition des femmes de l&#039;Alberta","description":"La mission de l\u2019organisme est d\u2019appuyer et de repr\u00e9senter les femmes parlant fran\u00e7ais, de faire valoir leurs droits et leurs int\u00e9r\u00eats et de faciliter leur regroupement.","potentialAction":[{"@type":"SearchAction","target":{"@type":"EntryPoint","urlTemplate":"https:\/\/coalitionfemmesab.ca\/?s={search_term_string}"},"query-input":{"@type":"PropertyValueSpecification","valueRequired":true,"valueName":"search_term_string"}}],"inLanguage":"en-US"}]}},"_links":{"self":[{"href":"https:\/\/coalitionfemmesab.ca\/en\/wp-json\/wp\/v2\/pages\/24253","targetHints":{"allow":["GET"]}}],"collection":[{"href":"https:\/\/coalitionfemmesab.ca\/en\/wp-json\/wp\/v2\/pages"}],"about":[{"href":"https:\/\/coalitionfemmesab.ca\/en\/wp-json\/wp\/v2\/types\/page"}],"author":[{"embeddable":true,"href":"https:\/\/coalitionfemmesab.ca\/en\/wp-json\/wp\/v2\/users\/129"}],"replies":[{"embeddable":true,"href":"https:\/\/coalitionfemmesab.ca\/en\/wp-json\/wp\/v2\/comments?post=24253"}],"version-history":[{"count":10,"href":"https:\/\/coalitionfemmesab.ca\/en\/wp-json\/wp\/v2\/pages\/24253\/revisions"}],"predecessor-version":[{"id":24392,"href":"https:\/\/coalitionfemmesab.ca\/en\/wp-json\/wp\/v2\/pages\/24253\/revisions\/24392"}],"up":[{"embeddable":true,"href":"https:\/\/coalitionfemmesab.ca\/en\/wp-json\/wp\/v2\/pages\/22030"}],"wp:attachment":[{"href":"https:\/\/coalitionfemmesab.ca\/en\/wp-json\/wp\/v2\/media?parent=24253"}],"curies":[{"name":"wp","href":"https:\/\/api.w.org\/{rel}","templated":true}]}}