{"id":24694,"date":"2025-06-26T02:13:45","date_gmt":"2025-06-26T02:13:45","guid":{"rendered":"https:\/\/coalitionfemmesab.ca\/login\/"},"modified":"2025-11-09T15:27:04","modified_gmt":"2025-11-09T22:27:04","slug":"connexion-membre-2","status":"publish","type":"page","link":"https:\/\/coalitionfemmesab.ca\/en\/connexion-membre-2\/","title":{"rendered":"Login"},"content":{"rendered":"<div data-elementor-type=\"wp-page\" data-elementor-id=\"24694\" class=\"elementor elementor-24694\" data-elementor-post-type=\"page\">\n\t\t\t\t\t\t<section class=\"elementor-section elementor-top-section elementor-element elementor-element-206c2518 elementor-section-boxed elementor-section-height-default elementor-section-height-default\" data-id=\"206c2518\" data-element_type=\"section\" data-e-type=\"section\" data-settings=\"{&quot;background_background&quot;:&quot;classic&quot;}\">\n\t\t\t\t\t\t<div class=\"elementor-container elementor-column-gap-extended\">\n\t\t\t\t\t<div class=\"elementor-column elementor-col-100 elementor-top-column elementor-element elementor-element-2c850a8c\" data-id=\"2c850a8c\" data-element_type=\"column\" data-e-type=\"column\">\n\t\t\t<div class=\"elementor-widget-wrap elementor-element-populated\">\n\t\t\t\t\t\t<div class=\"elementor-element elementor-element-6227fd7a elementor-widget elementor-widget-heading\" data-id=\"6227fd7a\" data-element_type=\"widget\" data-e-type=\"widget\" data-widget_type=\"heading.default\">\n\t\t\t\t<div class=\"elementor-widget-container\">\n\t\t\t\t\t<h5 class=\"elementor-heading-title elementor-size-default\">connexion membre<\/h5>\t\t\t\t<\/div>\n\t\t\t\t<\/div>\n\t\t\t\t<div class=\"elementor-element elementor-element-67f0eb7d elementor-widget elementor-widget-heading\" data-id=\"67f0eb7d\" data-element_type=\"widget\" data-e-type=\"widget\" data-widget_type=\"heading.default\">\n\t\t\t\t<div class=\"elementor-widget-container\">\n\t\t\t\t\t<p class=\"elementor-heading-title elementor-size-default\">Connectez-vous \u00e0 votre espace<\/p>\t\t\t\t<\/div>\n\t\t\t\t<\/div>\n\t\t\t\t<div class=\"elementor-element elementor-element-d62b051 elementor-align-center elementor-widget__width-auto elementor-absolute e-transform elementor-widget elementor-widget-breadcrumbs\" data-id=\"d62b051\" data-element_type=\"widget\" data-e-type=\"widget\" data-settings=\"{&quot;_position&quot;:&quot;absolute&quot;,&quot;_transform_translateX_effect&quot;:{&quot;unit&quot;:&quot;%&quot;,&quot;size&quot;:-50,&quot;sizes&quot;:[]},&quot;_transform_translateX_effect_tablet&quot;:{&quot;unit&quot;:&quot;%&quot;,&quot;size&quot;:&quot;&quot;,&quot;sizes&quot;:[]},&quot;_transform_translateX_effect_mobile&quot;:{&quot;unit&quot;:&quot;%&quot;,&quot;size&quot;:&quot;&quot;,&quot;sizes&quot;:[]},&quot;_transform_translateY_effect&quot;:{&quot;unit&quot;:&quot;px&quot;,&quot;size&quot;:&quot;&quot;,&quot;sizes&quot;:[]},&quot;_transform_translateY_effect_tablet&quot;:{&quot;unit&quot;:&quot;px&quot;,&quot;size&quot;:&quot;&quot;,&quot;sizes&quot;:[]},&quot;_transform_translateY_effect_mobile&quot;:{&quot;unit&quot;:&quot;px&quot;,&quot;size&quot;:&quot;&quot;,&quot;sizes&quot;:[]}}\" data-widget_type=\"breadcrumbs.default\">\n\t\t\t\t<div class=\"elementor-widget-container\">\n\t\t\t\t\t<nav id=\"breadcrumbs\"><span><span><a href=\"https:\/\/coalitionfemmesab.ca\/en\/\">Accueil<\/a><\/span><\/span><\/nav>\t\t\t\t<\/div>\n\t\t\t\t<\/div>\n\t\t\t\t\t<\/div>\n\t\t<\/div>\n\t\t\t\t\t<\/div>\n\t\t<\/section>\n\t\t\t\t<\/div>\n\t\t\n<div class=\"mp_wrapper mp_login_form\">\n                  <!-- mp-login-form-start -->     <form name=\"mepr_loginform\" id=\"mepr_loginform\" class=\"mepr-form\" action=\"https:\/\/coalitionfemmesab.ca\/en\/connexion-membre-2\/\" method=\"post\" data-trp-original-action=\"https:\/\/coalitionfemmesab.ca\/en\/connexion-membre-2\/\">\n            <div class=\"mp-form-row mepr_username\">\n        <div class=\"mp-form-label\">\n                              <label for=\"user_login\">Username<\/label>\n        <\/div>\n        <input type=\"text\" name=\"log\" id=\"user_login\" value=\"\" \/>\n      <\/div>\n      <div class=\"mp-form-row mepr_password\">\n        <div class=\"mp-form-label\">\n          <label for=\"user_pass\">Password<\/label>\n          <div class=\"mp-hide-pw\">\n            <input type=\"password\" name=\"pwd\" id=\"user_pass\" value=\"\" \/>\n            <button type=\"button\" class=\"button mp-hide-pw hide-if-no-js\" data-toggle=\"0\" aria-label=\"Show password\">\n              <span class=\"dashicons dashicons-visibility\" aria-hidden=\"true\"><\/span>\n            <\/button>\n          <\/div>\n        <\/div>\n      <\/div>\n            <div>\n        <label><input name=\"rememberme\" type=\"checkbox\" id=\"rememberme\" value=\"forever\" \/> Remember Me<\/label>\n      <\/div>\n      <div class=\"mp-spacer\">&nbsp;<\/div>\n      <div class=\"submit\">\n        <input type=\"submit\" name=\"wp-submit\" id=\"wp-submit\" class=\"button-primary mepr-share-button\" value=\"Log In\" \/>\n        <input type=\"hidden\" name=\"redirect_to\" value=\"https:\/\/coalitionfemmesab.ca\/espace-membre\" \/>\n        <input type=\"hidden\" name=\"mepr_process_login_form\" value=\"true\" \/>\n        <input type=\"hidden\" name=\"mepr_is_login_page\" value=\"false\" \/>\n      <\/div>\n    <input type=\"hidden\" name=\"trp-form-language\" value=\"en\"\/><\/form>\n    <div class=\"mp-spacer\">&nbsp;<\/div>\n    <div class=\"mepr-login-actions\">\n        <a\n          href=\"https:\/\/coalitionfemmesab.ca\/en\/connexion-membre-2\/?action=forgot_password\"\n          title=\"Click here to reset your password\"\n        >\n          Forgot Password        <\/a>\n    <\/div>\n\n      \n    <!-- mp-login-form-end --> \n  <\/div>","protected":false},"excerpt":{"rendered":"<p>connexion membre Connectez-vous \u00e0 votre espace Username Password Remember Me &nbsp; &nbsp; Forgot Password<\/p>","protected":false},"author":129,"featured_media":0,"parent":0,"menu_order":0,"comment_status":"closed","ping_status":"closed","template":"elementor_header_footer","meta":{"_acf_changed":false,"footnotes":""},"class_list":["post-24694","page","type-page","status-publish","hentry","entry"],"acf":[],"yoast_head":"<!-- This site is optimized with the Yoast SEO plugin v27.4 - https:\/\/yoast.com\/product\/yoast-seo-wordpress\/ -->\n<title>Login - Coalition des femmes de l&#039;Alberta<\/title>\n<meta name=\"description\" content=\"Page de connexion pour les membres actifs de La Coalition des femmes de l&#039;Alberta\" \/>\n<meta name=\"robots\" content=\"index, follow, max-snippet:-1, max-image-preview:large, max-video-preview:-1\" \/>\n<link rel=\"canonical\" href=\"https:\/\/coalitionfemmesab.ca\/en\/connexion-membre-2\/\" \/>\n<meta property=\"og:locale\" content=\"en_US\" \/>\n<meta property=\"og:type\" content=\"article\" \/>\n<meta property=\"og:title\" content=\"Login - Coalition des femmes de l&#039;Alberta\" \/>\n<meta property=\"og:description\" content=\"Page de connexion pour les membres actifs de La Coalition des femmes de l&#039;Alberta\" \/>\n<meta property=\"og:url\" content=\"https:\/\/coalitionfemmesab.ca\/en\/connexion-membre-2\/\" \/>\n<meta property=\"og:site_name\" content=\"Coalition des femmes de l&#039;Alberta\" \/>\n<meta property=\"article:modified_time\" content=\"2025-11-09T22:27:04+00:00\" \/>\n<meta name=\"twitter:card\" content=\"summary_large_image\" \/>\n<meta name=\"twitter:label1\" content=\"Est. reading time\" \/>\n\t<meta name=\"twitter:data1\" content=\"1 minute\" \/>\n<script type=\"application\/ld+json\" class=\"yoast-schema-graph\">{\"@context\":\"https:\\\/\\\/schema.org\",\"@graph\":[{\"@type\":\"WebPage\",\"@id\":\"https:\\\/\\\/coalitionfemmesab.ca\\\/connexion-membre-2\\\/\",\"url\":\"https:\\\/\\\/coalitionfemmesab.ca\\\/connexion-membre-2\\\/\",\"name\":\"Login - Coalition des femmes de l&#039;Alberta\",\"isPartOf\":{\"@id\":\"https:\\\/\\\/coalitionfemmesab.ca\\\/#website\"},\"datePublished\":\"2025-06-26T02:13:45+00:00\",\"dateModified\":\"2025-11-09T22:27:04+00:00\",\"description\":\"Page de connexion pour les membres actifs de La Coalition des femmes de l'Alberta\",\"breadcrumb\":{\"@id\":\"https:\\\/\\\/coalitionfemmesab.ca\\\/connexion-membre-2\\\/#breadcrumb\"},\"inLanguage\":\"en-US\",\"potentialAction\":[{\"@type\":\"ReadAction\",\"target\":[\"https:\\\/\\\/coalitionfemmesab.ca\\\/connexion-membre-2\\\/\"]}]},{\"@type\":\"BreadcrumbList\",\"@id\":\"https:\\\/\\\/coalitionfemmesab.ca\\\/connexion-membre-2\\\/#breadcrumb\",\"itemListElement\":[{\"@type\":\"ListItem\",\"position\":1,\"name\":\"Accueil\",\"item\":\"https:\\\/\\\/coalitionfemmesab.ca\\\/\"},{\"@type\":\"ListItem\",\"position\":2,\"name\":\"Login\"}]},{\"@type\":\"WebSite\",\"@id\":\"https:\\\/\\\/coalitionfemmesab.ca\\\/#website\",\"url\":\"https:\\\/\\\/coalitionfemmesab.ca\\\/\",\"name\":\"Coalition des femmes de l&#039;Alberta\",\"description\":\"La mission de l\u2019organisme est d\u2019appuyer et de repr\u00e9senter les femmes parlant fran\u00e7ais, de faire valoir leurs droits et leurs int\u00e9r\u00eats et de faciliter leur regroupement.\",\"potentialAction\":[{\"@type\":\"SearchAction\",\"target\":{\"@type\":\"EntryPoint\",\"urlTemplate\":\"https:\\\/\\\/coalitionfemmesab.ca\\\/?s={search_term_string}\"},\"query-input\":{\"@type\":\"PropertyValueSpecification\",\"valueRequired\":true,\"valueName\":\"search_term_string\"}}],\"inLanguage\":\"en-US\"}]}<\/script>\n<!-- \/ Yoast SEO plugin. -->","yoast_head_json":{"title":"Login - Coalition des femmes de l&#039;Alberta","description":"Page de connexion pour les membres actifs de La Coalition des femmes de l'Alberta","robots":{"index":"index","follow":"follow","max-snippet":"max-snippet:-1","max-image-preview":"max-image-preview:large","max-video-preview":"max-video-preview:-1"},"canonical":"https:\/\/coalitionfemmesab.ca\/en\/connexion-membre-2\/","og_locale":"en_US","og_type":"article","og_title":"Login - Coalition des femmes de l&#039;Alberta","og_description":"Page de connexion pour les membres actifs de La Coalition des femmes de l'Alberta","og_url":"https:\/\/coalitionfemmesab.ca\/en\/connexion-membre-2\/","og_site_name":"Coalition des femmes de l&#039;Alberta","article_modified_time":"2025-11-09T22:27:04+00:00","twitter_card":"summary_large_image","twitter_misc":{"Est. reading time":"1 minute"},"schema":{"@context":"https:\/\/schema.org","@graph":[{"@type":"WebPage","@id":"https:\/\/coalitionfemmesab.ca\/connexion-membre-2\/","url":"https:\/\/coalitionfemmesab.ca\/connexion-membre-2\/","name":"Login - Coalition des femmes de l&#039;Alberta","isPartOf":{"@id":"https:\/\/coalitionfemmesab.ca\/#website"},"datePublished":"2025-06-26T02:13:45+00:00","dateModified":"2025-11-09T22:27:04+00:00","description":"Page de connexion pour les membres actifs de La Coalition des femmes de l'Alberta","breadcrumb":{"@id":"https:\/\/coalitionfemmesab.ca\/connexion-membre-2\/#breadcrumb"},"inLanguage":"en-US","potentialAction":[{"@type":"ReadAction","target":["https:\/\/coalitionfemmesab.ca\/connexion-membre-2\/"]}]},{"@type":"BreadcrumbList","@id":"https:\/\/coalitionfemmesab.ca\/connexion-membre-2\/#breadcrumb","itemListElement":[{"@type":"ListItem","position":1,"name":"Accueil","item":"https:\/\/coalitionfemmesab.ca\/"},{"@type":"ListItem","position":2,"name":"Login"}]},{"@type":"WebSite","@id":"https:\/\/coalitionfemmesab.ca\/#website","url":"https:\/\/coalitionfemmesab.ca\/","name":"Coalition des femmes de l&#039;Alberta","description":"La mission de l\u2019organisme est d\u2019appuyer et de repr\u00e9senter les femmes parlant fran\u00e7ais, de faire valoir leurs droits et leurs int\u00e9r\u00eats et de faciliter leur regroupement.","potentialAction":[{"@type":"SearchAction","target":{"@type":"EntryPoint","urlTemplate":"https:\/\/coalitionfemmesab.ca\/?s={search_term_string}"},"query-input":{"@type":"PropertyValueSpecification","valueRequired":true,"valueName":"search_term_string"}}],"inLanguage":"en-US"}]}},"_links":{"self":[{"href":"https:\/\/coalitionfemmesab.ca\/en\/wp-json\/wp\/v2\/pages\/24694","targetHints":{"allow":["GET"]}}],"collection":[{"href":"https:\/\/coalitionfemmesab.ca\/en\/wp-json\/wp\/v2\/pages"}],"about":[{"href":"https:\/\/coalitionfemmesab.ca\/en\/wp-json\/wp\/v2\/types\/page"}],"author":[{"embeddable":true,"href":"https:\/\/coalitionfemmesab.ca\/en\/wp-json\/wp\/v2\/users\/129"}],"replies":[{"embeddable":true,"href":"https:\/\/coalitionfemmesab.ca\/en\/wp-json\/wp\/v2\/comments?post=24694"}],"version-history":[{"count":24,"href":"https:\/\/coalitionfemmesab.ca\/en\/wp-json\/wp\/v2\/pages\/24694\/revisions"}],"predecessor-version":[{"id":25309,"href":"https:\/\/coalitionfemmesab.ca\/en\/wp-json\/wp\/v2\/pages\/24694\/revisions\/25309"}],"wp:attachment":[{"href":"https:\/\/coalitionfemmesab.ca\/en\/wp-json\/wp\/v2\/media?parent=24694"}],"curies":[{"name":"wp","href":"https:\/\/api.w.org\/{rel}","templated":true}]}}