{"id":25455,"date":"2025-12-26T15:20:08","date_gmt":"2025-12-26T22:20:08","guid":{"rendered":"https:\/\/coalitionfemmesab.ca\/?page_id=25455"},"modified":"2025-12-26T16:11:10","modified_gmt":"2025-12-26T23:11:10","slug":"affirme-ton-leadership-au-feminin","status":"publish","type":"page","link":"https:\/\/coalitionfemmesab.ca\/en\/projets\/affirme-ton-leadership-au-feminin\/","title":{"rendered":"Affirme ton leadership au f\u00e9minin"},"content":{"rendered":"<div data-elementor-type=\"wp-page\" data-elementor-id=\"25455\" class=\"elementor elementor-25455\" data-elementor-post-type=\"page\">\n\t\t\t\t\t\t<section class=\"elementor-section elementor-top-section elementor-element elementor-element-627d66ab elementor-section-boxed elementor-section-height-default elementor-section-height-default\" data-id=\"627d66ab\" data-element_type=\"section\" data-settings=\"{&quot;background_background&quot;:&quot;classic&quot;}\">\n\t\t\t\t\t\t<div class=\"elementor-container elementor-column-gap-extended\">\n\t\t\t\t\t<div class=\"elementor-column elementor-col-100 elementor-top-column elementor-element elementor-element-7d91b238\" data-id=\"7d91b238\" data-element_type=\"column\">\n\t\t\t<div class=\"elementor-widget-wrap elementor-element-populated\">\n\t\t\t\t\t\t<div class=\"elementor-element elementor-element-2b845169 elementor-widget elementor-widget-heading\" data-id=\"2b845169\" data-element_type=\"widget\" data-widget_type=\"heading.default\">\n\t\t\t\t<div class=\"elementor-widget-container\">\n\t\t\t\t\t<h5 class=\"elementor-heading-title elementor-size-default\">Affirme ton leadership au f\u00e9minin<\/h5>\t\t\t\t<\/div>\n\t\t\t\t<\/div>\n\t\t\t\t<div class=\"elementor-element elementor-element-54959416 elementor-widget elementor-widget-heading\" data-id=\"54959416\" data-element_type=\"widget\" data-widget_type=\"heading.default\">\n\t\t\t\t<div class=\"elementor-widget-container\">\n\t\t\t\t\t<p class=\"elementor-heading-title elementor-size-default\">programme de formation destin\u00e9 aux femmes<\/p>\t\t\t\t<\/div>\n\t\t\t\t<\/div>\n\t\t\t\t<div class=\"elementor-element elementor-element-7212274d elementor-align-center elementor-widget__width-auto elementor-absolute e-transform elementor-widget elementor-widget-breadcrumbs\" data-id=\"7212274d\" data-element_type=\"widget\" data-settings=\"{&quot;_position&quot;:&quot;absolute&quot;,&quot;_transform_translateX_effect&quot;:{&quot;unit&quot;:&quot;%&quot;,&quot;size&quot;:-50,&quot;sizes&quot;:[]},&quot;_transform_translateX_effect_tablet&quot;:{&quot;unit&quot;:&quot;%&quot;,&quot;size&quot;:&quot;&quot;,&quot;sizes&quot;:[]},&quot;_transform_translateX_effect_mobile&quot;:{&quot;unit&quot;:&quot;%&quot;,&quot;size&quot;:&quot;&quot;,&quot;sizes&quot;:[]},&quot;_transform_translateY_effect&quot;:{&quot;unit&quot;:&quot;px&quot;,&quot;size&quot;:&quot;&quot;,&quot;sizes&quot;:[]},&quot;_transform_translateY_effect_tablet&quot;:{&quot;unit&quot;:&quot;px&quot;,&quot;size&quot;:&quot;&quot;,&quot;sizes&quot;:[]},&quot;_transform_translateY_effect_mobile&quot;:{&quot;unit&quot;:&quot;px&quot;,&quot;size&quot;:&quot;&quot;,&quot;sizes&quot;:[]}}\" data-widget_type=\"breadcrumbs.default\">\n\t\t\t\t<div class=\"elementor-widget-container\">\n\t\t\t\t\t<nav id=\"breadcrumbs\"><span><span><a href=\"https:\/\/coalitionfemmesab.ca\/en\/\">Accueil<\/a><\/span><\/span><\/nav>\t\t\t\t<\/div>\n\t\t\t\t<\/div>\n\t\t\t\t\t<\/div>\n\t\t<\/div>\n\t\t\t\t\t<\/div>\n\t\t<\/section>\n\t\t\t\t<section class=\"elementor-section elementor-top-section elementor-element elementor-element-46b60d9 elementor-section-boxed elementor-section-height-default elementor-section-height-default\" data-id=\"46b60d9\" data-element_type=\"section\" data-settings=\"{&quot;animation&quot;:&quot;none&quot;}\">\n\t\t\t\t\t\t<div class=\"elementor-container elementor-column-gap-extended\">\n\t\t\t\t\t<div class=\"elementor-column elementor-col-50 elementor-top-column elementor-element elementor-element-241c7f0\" data-id=\"241c7f0\" data-element_type=\"column\">\n\t\t\t<div class=\"elementor-widget-wrap elementor-element-populated\">\n\t\t\t\t\t\t<div class=\"elementor-element elementor-element-e9453f1 elementor-widget elementor-widget-heading\" data-id=\"e9453f1\" data-element_type=\"widget\" data-widget_type=\"heading.default\">\n\t\t\t\t<div class=\"elementor-widget-container\">\n\t\t\t\t\t<h3 class=\"elementor-heading-title elementor-size-default\">Le programme <\/h3>\t\t\t\t<\/div>\n\t\t\t\t<\/div>\n\t\t\t\t<div class=\"elementor-element elementor-element-49954f0 elementor-widget elementor-widget-heading\" data-id=\"49954f0\" data-element_type=\"widget\" data-widget_type=\"heading.default\">\n\t\t\t\t<div class=\"elementor-widget-container\">\n\t\t\t\t\t<h2 class=\"elementor-heading-title elementor-size-default\">Affirme ton leadership au f\u00e9minin\n<\/h2>\t\t\t\t<\/div>\n\t\t\t\t<\/div>\n\t\t\t\t<div class=\"elementor-element elementor-element-4c3785d elementor-widget elementor-widget-image\" data-id=\"4c3785d\" data-element_type=\"widget\" data-widget_type=\"image.default\">\n\t\t\t\t<div class=\"elementor-widget-container\">\n\t\t\t\t\t\t\t\t\t\t\t\t\t\t\t<img fetchpriority=\"high\" decoding=\"async\" width=\"768\" height=\"960\" src=\"https:\/\/coalitionfemmesab.ca\/wp-content\/uploads\/2025\/12\/ANNONCE-Programme-Affirme-ton-leadership-au-feminin-768x960.jpg\" class=\"attachment-medium_large size-medium_large wp-image-25462\" alt=\"\" srcset=\"https:\/\/coalitionfemmesab.ca\/wp-content\/uploads\/2025\/12\/ANNONCE-Programme-Affirme-ton-leadership-au-feminin-768x960.jpg 768w, https:\/\/coalitionfemmesab.ca\/wp-content\/uploads\/2025\/12\/ANNONCE-Programme-Affirme-ton-leadership-au-feminin-240x300.jpg 240w, https:\/\/coalitionfemmesab.ca\/wp-content\/uploads\/2025\/12\/ANNONCE-Programme-Affirme-ton-leadership-au-feminin-819x1024.jpg 819w, https:\/\/coalitionfemmesab.ca\/wp-content\/uploads\/2025\/12\/ANNONCE-Programme-Affirme-ton-leadership-au-feminin-10x12.jpg 10w, https:\/\/coalitionfemmesab.ca\/wp-content\/uploads\/2025\/12\/ANNONCE-Programme-Affirme-ton-leadership-au-feminin.jpg 1080w\" sizes=\"(max-width: 768px) 100vw, 768px\" \/>\t\t\t\t\t\t\t\t\t\t\t\t\t\t\t<\/div>\n\t\t\t\t<\/div>\n\t\t\t\t\t<\/div>\n\t\t<\/div>\n\t\t\t\t<div class=\"elementor-column elementor-col-50 elementor-top-column elementor-element elementor-element-df794d3\" data-id=\"df794d3\" data-element_type=\"column\">\n\t\t\t<div class=\"elementor-widget-wrap elementor-element-populated\">\n\t\t\t\t\t\t<div class=\"elementor-element elementor-element-3eeb79c elementor-widget elementor-widget-text-editor\" data-id=\"3eeb79c\" data-element_type=\"widget\" data-widget_type=\"text-editor.default\">\n\t\t\t\t<div class=\"elementor-widget-container\">\n\t\t\t\t\t\t\t\t\t<h3 style=\"text-align: left;\">D\u00e9tails du programme<\/h3><p style=\"text-align: left;\"><b>Affirme ton leadership au f\u00e9minin<\/b><span style=\"font-weight: 400;\"> est un programme de formation et d\u2019accompagnement destin\u00e9 aux femmes qui souhaitent mieux se conna\u00eetre, renforcer leur confiance et d\u00e9velopper leur leadership personnel, professionnel ou communautaire. \u00c0 travers un parcours progressif, bienveillant et collectif, les participantes sont invit\u00e9es \u00e0 passer de la r\u00e9flexion \u00e0 l\u2019action.<\/span><\/p><p style=\"text-align: left;\"><span style=\"font-weight: 400;\">Nous proposons un <\/span><b>parcours gratuit de 9 semaines<\/b><span style=\"font-weight: 400;\">, destin\u00e9 aux <\/span><b>femmes francophones r\u00e9sidant en Alberta<\/b><span style=\"font-weight: 400;\">.<\/span><\/p><p style=\"text-align: left;\"><span style=\"font-weight: 400;\">La formation alterne des temps d\u2019introspection, des ateliers pratiques, un accompagnement collectif et une mise en action concr\u00e8te \u00e0 travers la cr\u00e9ation d\u2019un projet porteur de sens.<\/span><\/p><p style=\"text-align: left;\"><span style=\"font-weight: 400;\">Cette initiative vise \u00e0 valoriser le potentiel des femmes franco-albertaines, \u00e0 encourager la prise de parole, l\u2019engagement et la solidarit\u00e9, et \u00e0 contribuer \u00e0 b\u00e2tir une communaut\u00e9 de femmes leaders inspirantes.<\/span><\/p>\t\t\t\t\t\t\t\t<\/div>\n\t\t\t\t<\/div>\n\t\t\t\t<div class=\"elementor-element elementor-element-0abeddf elementor-widget elementor-widget-text-editor\" data-id=\"0abeddf\" data-element_type=\"widget\" data-widget_type=\"text-editor.default\">\n\t\t\t\t<div class=\"elementor-widget-container\">\n\t\t\t\t\t\t\t\t\t<h3 style=\"text-align: left;\"><b>\u00c0 qui s\u2019adresse le programme?<\/b><\/h3><ul><li style=\"text-align: left;\">Femmes de tous horizons<\/li><li style=\"text-align: left;\">Femmes engag\u00e9es, en transition ou en questionnement<\/li><li style=\"text-align: left;\">Femmes souhaitant d\u00e9velopper leur confiance, leur voix et leur impact<\/li><li style=\"text-align: left;\">Aucune exp\u00e9rience pr\u00e9alable en leadership requise<\/li><\/ul>\t\t\t\t\t\t\t\t<\/div>\n\t\t\t\t<\/div>\n\t\t\t\t\t<\/div>\n\t\t<\/div>\n\t\t\t\t\t<\/div>\n\t\t<\/section>\n\t\t\t\t<section class=\"elementor-section elementor-top-section elementor-element elementor-element-c2ad8ec elementor-section-boxed elementor-section-height-default elementor-section-height-default\" data-id=\"c2ad8ec\" data-element_type=\"section\" data-settings=\"{&quot;animation&quot;:&quot;none&quot;}\">\n\t\t\t\t\t\t<div class=\"elementor-container elementor-column-gap-extended\">\n\t\t\t\t\t<div class=\"elementor-column elementor-col-50 elementor-top-column elementor-element elementor-element-ec05097\" data-id=\"ec05097\" data-element_type=\"column\">\n\t\t\t<div class=\"elementor-widget-wrap elementor-element-populated\">\n\t\t\t\t\t\t<div class=\"elementor-element elementor-element-adb6e16 elementor-widget elementor-widget-text-editor\" data-id=\"adb6e16\" data-element_type=\"widget\" data-widget_type=\"text-editor.default\">\n\t\t\t\t<div class=\"elementor-widget-container\">\n\t\t\t\t\t\t\t\t\t<h3 style=\"text-align: left;\">Objectifs du programme<\/h3><p style=\"text-align: left;\"><strong>Le programme permet aux participantes de :<\/strong><\/p><ul style=\"text-align: left;\"><li style=\"font-weight: 400;\" aria-level=\"1\"><span style=\"font-weight: 400;\">mieux se conna\u00eetre en tant que femmes leaders (forces, valeurs, vision) ;<\/span><span style=\"font-weight: 400;\"><br \/><\/span><\/li><li style=\"font-weight: 400;\" aria-level=\"1\"><span style=\"font-weight: 400;\">identifier et d\u00e9passer les freins personnels ou sociaux li\u00e9s au leadership ;<\/span><span style=\"font-weight: 400;\"><br \/><\/span><\/li><li style=\"font-weight: 400;\" aria-level=\"1\"><span style=\"font-weight: 400;\">concevoir un projet personnel ou communautaire \u00e0 impact ;<\/span><span style=\"font-weight: 400;\"><br \/><\/span><\/li><li style=\"font-weight: 400;\" aria-level=\"1\"><span style=\"font-weight: 400;\">d\u00e9velopper des comp\u00e9tences pratiques en communication, influence et mobilisation ;<\/span><span style=\"font-weight: 400;\"><br \/><\/span><span style=\"font-weight: 400;\"><strong>Int\u00e9grer un r\u00e9seau de soutien entre femmes.<\/strong><\/span><\/li><\/ul>\t\t\t\t\t\t\t\t<\/div>\n\t\t\t\t<\/div>\n\t\t\t\t<div class=\"elementor-element elementor-element-4019213 elementor-widget elementor-widget-text-editor\" data-id=\"4019213\" data-element_type=\"widget\" data-widget_type=\"text-editor.default\">\n\t\t\t\t<div class=\"elementor-widget-container\">\n\t\t\t\t\t\t\t\t\t<h3 style=\"text-align: left;\"><b>Envie d\u2019affirmer ton leadership et de passer \u00e0 l\u2019action?<\/b><b><br \/><\/b><\/h3><p style=\"text-align: left;\"><span style=\"font-weight: 400;\">Inscris-toi au programme <\/span><b>Affirme ton leadership au f\u00e9minin<\/b><span style=\"font-weight: 400;\"> et rejoins une communaut\u00e9 de femmes qui osent prendre leur place.<\/span><\/p><p style=\"text-align: left;\"><span style=\"font-weight: 400;\">Vous souhaitez renforcer votre leadership personnel et agir concr\u00e8tement dans votre communaut\u00e9 ou votre vie professionnelle?<\/span><span style=\"font-weight: 400;\"><br \/><\/span><span style=\"font-weight: 400;\"> \ud83d\udce9 <\/span><b>Contactez-nous :<\/b> <i><span style=\"font-weight: 400;\">infos@coalitionfemmesab.ca<\/span><\/i><\/p>\t\t\t\t\t\t\t\t<\/div>\n\t\t\t\t<\/div>\n\t\t\t\t\t<\/div>\n\t\t<\/div>\n\t\t\t\t<div class=\"elementor-column elementor-col-50 elementor-top-column elementor-element elementor-element-479b449\" data-id=\"479b449\" data-element_type=\"column\" data-settings=\"{&quot;background_background&quot;:&quot;classic&quot;}\">\n\t\t\t<div class=\"elementor-widget-wrap elementor-element-populated\">\n\t\t\t\t\t\t<div class=\"elementor-element elementor-element-1fd8530 elementor-widget elementor-widget-text-editor\" data-id=\"1fd8530\" data-element_type=\"widget\" data-widget_type=\"text-editor.default\">\n\t\t\t\t<div class=\"elementor-widget-container\">\n\t\t\t\t\t\t\t\t\t<h3 style=\"text-align: left;\">Dates des rencontres<\/h3>\n<p style=\"text-align: left;\"><span style=\"color: #ffffff;\">Le programme se d\u00e9roulera de <b>novembre 2025 \u00e0 mars 2026<\/b> et comprendra les rencontres suivantes :<\/span><\/p>\n\n<ul style=\"color:#ffffff;\">\n  <li style=\"text-align:left;\"><b>Samedi 8 novembre 2025 | 11 h \u00e0 13 h<\/b> \u2013 En pr\u00e9sentiel <i>Lancement du programme<\/i><\/li>\n  <li style=\"text-align:left;\"><b>Jeudi 20 novembre 2025 | 17 h 30 \u00e0 19 h<\/b><\/li>\n  <li style=\"text-align:left;\"><b>Jeudi 18 d\u00e9cembre 2025 | 17 h 30 \u00e0 19 h<\/b> \u2013 En ligne <i>Affirmation de soi et art oratoire<\/i><\/li>\n  <li style=\"text-align:left;\"><b>Jeudi 15 janvier 2026 | 17 h 30 \u00e0 19 h<\/b> \u2013 En pr\u00e9sentiel <i>Gestion du temps et connaissance de soi<\/i><\/li>\n  <li style=\"text-align:left;\"><b>Jeudi 29 janvier 2026 | 17 h 30 \u00e0 19 h<\/b> \u2013 En ligne <i>Communication et prise de parole<\/i><\/li>\n  <li style=\"text-align:left;\"><b>Jeudi 12 f\u00e9vrier 2026 | 17 h 30 \u00e0 19 h<\/b> \u2013 En ligne <i>Engagement citoyen et militantisme<\/i><\/li>\n  <li style=\"text-align:left;\"><b>Jeudi 26 f\u00e9vrier 2026 | 17 h 30 \u00e0 19 h<\/b> \u2013 En ligne <i>Vision entrepreneuriale<\/i><\/li>\n  <li style=\"text-align:left;\"><b>Dimanche 8 mars 2026 | 17 h 30 \u00e0 19 h<\/b> \u2013 En pr\u00e9sentiel <i>Cl\u00f4ture, pr\u00e9sentation des projets et remise des attestations<\/i><\/li>\n<\/ul>\n\n<style>\nul li::marker {\n  color: #ED1188;\n}\n<\/style>\t\t\t\t\t\t\t\t<\/div>\n\t\t\t\t<\/div>\n\t\t\t\t\t<\/div>\n\t\t<\/div>\n\t\t\t\t\t<\/div>\n\t\t<\/section>\n\t\t\t\t<\/div>","protected":false},"excerpt":{"rendered":"<p>Affirme ton leadership au f\u00e9minin programme de formation destin\u00e9 aux femmes Le programme Affirme ton leadership au f\u00e9minin D\u00e9tails du programme Affirme ton leadership au f\u00e9minin est un programme de formation et d\u2019accompagnement destin\u00e9 aux femmes qui souhaitent mieux se conna\u00eetre, renforcer leur confiance et d\u00e9velopper leur leadership personnel, professionnel ou communautaire. \u00c0 travers un [&hellip;]<\/p>","protected":false},"author":129,"featured_media":0,"parent":22115,"menu_order":0,"comment_status":"closed","ping_status":"closed","template":"elementor_header_footer","meta":{"_acf_changed":false,"footnotes":""},"class_list":["post-25455","page","type-page","status-publish","hentry","entry"],"acf":[],"yoast_head":"<!-- This site is optimized with the Yoast SEO plugin v26.8 - https:\/\/yoast.com\/product\/yoast-seo-wordpress\/ -->\n<title>Affirme ton leadership au f\u00e9minin - Coalition des femmes de l&#039;Alberta<\/title>\n<meta name=\"description\" content=\"Affirme ton leadership au f\u00e9minin est un programme de formation et d\u2019accompagnement destin\u00e9 aux femmes qui souhaitent mieux se conna\u00eetre.\" \/>\n<meta name=\"robots\" content=\"index, follow, max-snippet:-1, max-image-preview:large, max-video-preview:-1\" \/>\n<link rel=\"canonical\" href=\"https:\/\/coalitionfemmesab.ca\/en\/projets\/affirme-ton-leadership-au-feminin\/\" \/>\n<meta property=\"og:locale\" content=\"en_US\" \/>\n<meta property=\"og:type\" content=\"article\" \/>\n<meta property=\"og:title\" content=\"Affirme ton leadership au f\u00e9minin - Coalition des femmes de l&#039;Alberta\" \/>\n<meta property=\"og:description\" content=\"Affirme ton leadership au f\u00e9minin est un programme de formation et d\u2019accompagnement destin\u00e9 aux femmes qui souhaitent mieux se conna\u00eetre.\" \/>\n<meta property=\"og:url\" content=\"https:\/\/coalitionfemmesab.ca\/en\/projets\/affirme-ton-leadership-au-feminin\/\" \/>\n<meta property=\"og:site_name\" content=\"Coalition des femmes de l&#039;Alberta\" \/>\n<meta property=\"article:modified_time\" content=\"2025-12-26T23:11:10+00:00\" \/>\n<meta property=\"og:image\" content=\"https:\/\/coalitionfemmesab.ca\/wp-content\/uploads\/2025\/12\/ANNONCE-Programme-Affirme-ton-leadership-au-feminin.jpg\" \/>\n\t<meta property=\"og:image:width\" content=\"1080\" \/>\n\t<meta property=\"og:image:height\" content=\"1350\" \/>\n\t<meta property=\"og:image:type\" content=\"image\/jpeg\" \/>\n<meta name=\"twitter:card\" content=\"summary_large_image\" \/>\n<meta name=\"twitter:label1\" content=\"Est. reading time\" \/>\n\t<meta name=\"twitter:data1\" content=\"3 minutes\" \/>\n<script type=\"application\/ld+json\" class=\"yoast-schema-graph\">{\"@context\":\"https:\/\/schema.org\",\"@graph\":[{\"@type\":\"WebPage\",\"@id\":\"https:\/\/coalitionfemmesab.ca\/projets\/affirme-ton-leadership-au-feminin\/\",\"url\":\"https:\/\/coalitionfemmesab.ca\/projets\/affirme-ton-leadership-au-feminin\/\",\"name\":\"Affirme ton leadership au f\u00e9minin - Coalition des femmes de l&#039;Alberta\",\"isPartOf\":{\"@id\":\"https:\/\/coalitionfemmesab.ca\/#website\"},\"primaryImageOfPage\":{\"@id\":\"https:\/\/coalitionfemmesab.ca\/projets\/affirme-ton-leadership-au-feminin\/#primaryimage\"},\"image\":{\"@id\":\"https:\/\/coalitionfemmesab.ca\/projets\/affirme-ton-leadership-au-feminin\/#primaryimage\"},\"thumbnailUrl\":\"https:\/\/coalitionfemmesab.ca\/wp-content\/uploads\/2025\/12\/ANNONCE-Programme-Affirme-ton-leadership-au-feminin-768x960.jpg\",\"datePublished\":\"2025-12-26T22:20:08+00:00\",\"dateModified\":\"2025-12-26T23:11:10+00:00\",\"description\":\"Affirme ton leadership au f\u00e9minin est un programme de formation et d\u2019accompagnement destin\u00e9 aux femmes qui souhaitent mieux se conna\u00eetre.\",\"breadcrumb\":{\"@id\":\"https:\/\/coalitionfemmesab.ca\/projets\/affirme-ton-leadership-au-feminin\/#breadcrumb\"},\"inLanguage\":\"en-US\",\"potentialAction\":[{\"@type\":\"ReadAction\",\"target\":[\"https:\/\/coalitionfemmesab.ca\/projets\/affirme-ton-leadership-au-feminin\/\"]}]},{\"@type\":\"ImageObject\",\"inLanguage\":\"en-US\",\"@id\":\"https:\/\/coalitionfemmesab.ca\/projets\/affirme-ton-leadership-au-feminin\/#primaryimage\",\"url\":\"https:\/\/coalitionfemmesab.ca\/wp-content\/uploads\/2025\/12\/ANNONCE-Programme-Affirme-ton-leadership-au-feminin-768x960.jpg\",\"contentUrl\":\"https:\/\/coalitionfemmesab.ca\/wp-content\/uploads\/2025\/12\/ANNONCE-Programme-Affirme-ton-leadership-au-feminin-768x960.jpg\"},{\"@type\":\"BreadcrumbList\",\"@id\":\"https:\/\/coalitionfemmesab.ca\/projets\/affirme-ton-leadership-au-feminin\/#breadcrumb\",\"itemListElement\":[{\"@type\":\"ListItem\",\"position\":1,\"name\":\"Accueil\",\"item\":\"https:\/\/coalitionfemmesab.ca\/\"},{\"@type\":\"ListItem\",\"position\":2,\"name\":\"Projets\",\"item\":\"https:\/\/coalitionfemmesab.ca\/projets\/\"},{\"@type\":\"ListItem\",\"position\":3,\"name\":\"Affirme ton leadership au f\u00e9minin\"}]},{\"@type\":\"WebSite\",\"@id\":\"https:\/\/coalitionfemmesab.ca\/#website\",\"url\":\"https:\/\/coalitionfemmesab.ca\/\",\"name\":\"Coalition des femmes de l&#039;Alberta\",\"description\":\"La mission de l\u2019organisme est d\u2019appuyer et de repr\u00e9senter les femmes parlant fran\u00e7ais, de faire valoir leurs droits et leurs int\u00e9r\u00eats et de faciliter leur regroupement.\",\"potentialAction\":[{\"@type\":\"SearchAction\",\"target\":{\"@type\":\"EntryPoint\",\"urlTemplate\":\"https:\/\/coalitionfemmesab.ca\/?s={search_term_string}\"},\"query-input\":{\"@type\":\"PropertyValueSpecification\",\"valueRequired\":true,\"valueName\":\"search_term_string\"}}],\"inLanguage\":\"en-US\"}]}<\/script>\n<!-- \/ Yoast SEO plugin. -->","yoast_head_json":{"title":"Affirme ton leadership au f\u00e9minin - Coalition des femmes de l&#039;Alberta","description":"Affirme ton leadership au f\u00e9minin est un programme de formation et d\u2019accompagnement destin\u00e9 aux femmes qui souhaitent mieux se conna\u00eetre.","robots":{"index":"index","follow":"follow","max-snippet":"max-snippet:-1","max-image-preview":"max-image-preview:large","max-video-preview":"max-video-preview:-1"},"canonical":"https:\/\/coalitionfemmesab.ca\/en\/projets\/affirme-ton-leadership-au-feminin\/","og_locale":"en_US","og_type":"article","og_title":"Affirme ton leadership au f\u00e9minin - Coalition des femmes de l&#039;Alberta","og_description":"Affirme ton leadership au f\u00e9minin est un programme de formation et d\u2019accompagnement destin\u00e9 aux femmes qui souhaitent mieux se conna\u00eetre.","og_url":"https:\/\/coalitionfemmesab.ca\/en\/projets\/affirme-ton-leadership-au-feminin\/","og_site_name":"Coalition des femmes de l&#039;Alberta","article_modified_time":"2025-12-26T23:11:10+00:00","og_image":[{"width":1080,"height":1350,"url":"https:\/\/coalitionfemmesab.ca\/wp-content\/uploads\/2025\/12\/ANNONCE-Programme-Affirme-ton-leadership-au-feminin.jpg","type":"image\/jpeg"}],"twitter_card":"summary_large_image","twitter_misc":{"Est. reading time":"3 minutes"},"schema":{"@context":"https:\/\/schema.org","@graph":[{"@type":"WebPage","@id":"https:\/\/coalitionfemmesab.ca\/projets\/affirme-ton-leadership-au-feminin\/","url":"https:\/\/coalitionfemmesab.ca\/projets\/affirme-ton-leadership-au-feminin\/","name":"Affirme ton leadership au f\u00e9minin - Coalition des femmes de l&#039;Alberta","isPartOf":{"@id":"https:\/\/coalitionfemmesab.ca\/#website"},"primaryImageOfPage":{"@id":"https:\/\/coalitionfemmesab.ca\/projets\/affirme-ton-leadership-au-feminin\/#primaryimage"},"image":{"@id":"https:\/\/coalitionfemmesab.ca\/projets\/affirme-ton-leadership-au-feminin\/#primaryimage"},"thumbnailUrl":"https:\/\/coalitionfemmesab.ca\/wp-content\/uploads\/2025\/12\/ANNONCE-Programme-Affirme-ton-leadership-au-feminin-768x960.jpg","datePublished":"2025-12-26T22:20:08+00:00","dateModified":"2025-12-26T23:11:10+00:00","description":"Affirme ton leadership au f\u00e9minin est un programme de formation et d\u2019accompagnement destin\u00e9 aux femmes qui souhaitent mieux se conna\u00eetre.","breadcrumb":{"@id":"https:\/\/coalitionfemmesab.ca\/projets\/affirme-ton-leadership-au-feminin\/#breadcrumb"},"inLanguage":"en-US","potentialAction":[{"@type":"ReadAction","target":["https:\/\/coalitionfemmesab.ca\/projets\/affirme-ton-leadership-au-feminin\/"]}]},{"@type":"ImageObject","inLanguage":"en-US","@id":"https:\/\/coalitionfemmesab.ca\/projets\/affirme-ton-leadership-au-feminin\/#primaryimage","url":"https:\/\/coalitionfemmesab.ca\/wp-content\/uploads\/2025\/12\/ANNONCE-Programme-Affirme-ton-leadership-au-feminin-768x960.jpg","contentUrl":"https:\/\/coalitionfemmesab.ca\/wp-content\/uploads\/2025\/12\/ANNONCE-Programme-Affirme-ton-leadership-au-feminin-768x960.jpg"},{"@type":"BreadcrumbList","@id":"https:\/\/coalitionfemmesab.ca\/projets\/affirme-ton-leadership-au-feminin\/#breadcrumb","itemListElement":[{"@type":"ListItem","position":1,"name":"Accueil","item":"https:\/\/coalitionfemmesab.ca\/"},{"@type":"ListItem","position":2,"name":"Projets","item":"https:\/\/coalitionfemmesab.ca\/projets\/"},{"@type":"ListItem","position":3,"name":"Affirme ton leadership au f\u00e9minin"}]},{"@type":"WebSite","@id":"https:\/\/coalitionfemmesab.ca\/#website","url":"https:\/\/coalitionfemmesab.ca\/","name":"Coalition des femmes de l&#039;Alberta","description":"La mission de l\u2019organisme est d\u2019appuyer et de repr\u00e9senter les femmes parlant fran\u00e7ais, de faire valoir leurs droits et leurs int\u00e9r\u00eats et de faciliter leur regroupement.","potentialAction":[{"@type":"SearchAction","target":{"@type":"EntryPoint","urlTemplate":"https:\/\/coalitionfemmesab.ca\/?s={search_term_string}"},"query-input":{"@type":"PropertyValueSpecification","valueRequired":true,"valueName":"search_term_string"}}],"inLanguage":"en-US"}]}},"_links":{"self":[{"href":"https:\/\/coalitionfemmesab.ca\/en\/wp-json\/wp\/v2\/pages\/25455","targetHints":{"allow":["GET"]}}],"collection":[{"href":"https:\/\/coalitionfemmesab.ca\/en\/wp-json\/wp\/v2\/pages"}],"about":[{"href":"https:\/\/coalitionfemmesab.ca\/en\/wp-json\/wp\/v2\/types\/page"}],"author":[{"embeddable":true,"href":"https:\/\/coalitionfemmesab.ca\/en\/wp-json\/wp\/v2\/users\/129"}],"replies":[{"embeddable":true,"href":"https:\/\/coalitionfemmesab.ca\/en\/wp-json\/wp\/v2\/comments?post=25455"}],"version-history":[{"count":19,"href":"https:\/\/coalitionfemmesab.ca\/en\/wp-json\/wp\/v2\/pages\/25455\/revisions"}],"predecessor-version":[{"id":25479,"href":"https:\/\/coalitionfemmesab.ca\/en\/wp-json\/wp\/v2\/pages\/25455\/revisions\/25479"}],"up":[{"embeddable":true,"href":"https:\/\/coalitionfemmesab.ca\/en\/wp-json\/wp\/v2\/pages\/22115"}],"wp:attachment":[{"href":"https:\/\/coalitionfemmesab.ca\/en\/wp-json\/wp\/v2\/media?parent=25455"}],"curies":[{"name":"wp","href":"https:\/\/api.w.org\/{rel}","templated":true}]}}